{"id":199449,"date":"2025-03-22T16:06:20","date_gmt":"2025-03-22T16:06:20","guid":{"rendered":"https:\/\/aromasentia.com\/product\/152-x-90cm-luxury-rag-rug-orange\/"},"modified":"2025-06-22T03:20:06","modified_gmt":"2025-06-22T03:20:06","slug":"152-x-90-cm-luksus-kludetaeppe-orange","status":"publish","type":"product","link":"https:\/\/aromasentia.com\/da\/152-x-90-cm-luksus-kludetaeppe-orange\/","title":{"rendered":"152 X 90 cm Luksus Kludet\u00e6ppe &#8211; Orange"},"content":{"rendered":"<p><strong>Genbrugt 152 x 90 cm luksuskludet\u00e6ppe &#8211; Orange indiske kludet\u00e6pper<\/strong> vil tilf\u00f8je et strejf af farve til ethvert rum. Disse indiske t\u00e6pper er k\u00e6rligt h\u00e5ndlavede af bomuld og genbrugsmaterialer fra den indiske tekstilindustri, s\u00e5 de er meget milj\u00f8venlige &#8230; og til en god pris.<\/p>\n","protected":false},"excerpt":{"rendered":"<p>Genbrugt 152 x 90 cm luksuskludet\u00e6ppe &#8211; Orange indiske kludet\u00e6pper vil tilf\u00f8je et strejf af farve til ethvert rum. Disse indiske t\u00e6pper er k\u00e6rligt h\u00e5ndlavede af bomuld og genbrugsmaterialer fra den indiske tekstilindustri, s\u00e5 de er meget milj\u00f8venlige &#8230; og til en god pris.<\/p>\n","protected":false},"featured_media":381562,"comment_status":"closed","ping_status":"open","template":"","meta":{"_angie_page":false},"product_brand":[],"product_cat":[5591,6349,6350],"product_tag":[],"class_list":{"0":"post-199449","1":"product","2":"type-product","3":"status-publish","4":"has-post-thumbnail","6":"product_cat-hjem-og-have","7":"product_cat-taepper","8":"product_cat-tekstiler","9":"pa_collection-indian-rag-rugs-da","10":"pa_made-in-indien","12":"first","13":"instock","14":"purchasable","15":"product-type-simple"},"supplier_id":null,"supplier_sku":"Vrug-06","barcode":null,"atum_controlled":true,"out_stock_date":null,"out_stock_threshold":null,"inheritable":false,"inbound_stock":null,"stock_on_hold":0,"sold_today":0,"sales_last_days":0,"reserved_stock":null,"customer_returns":null,"warehouse_damage":null,"lost_in_post":null,"other_logs":null,"out_stock_days":0,"lost_sales":0,"has_location":null,"update_date":"2026-04-30T05:06:26","atum_locations":[],"atum_stock_status":"instock","restock_status":false,"low_stock_amount":"","sales_update_date":"2025-09-04T00:30:48","calc_backorders":null,"_links":{"self":[{"href":"https:\/\/aromasentia.com\/da\/wp-json\/wp\/v2\/product\/199449","targetHints":{"allow":["GET"]}}],"collection":[{"href":"https:\/\/aromasentia.com\/da\/wp-json\/wp\/v2\/product"}],"about":[{"href":"https:\/\/aromasentia.com\/da\/wp-json\/wp\/v2\/types\/product"}],"replies":[{"embeddable":true,"href":"https:\/\/aromasentia.com\/da\/wp-json\/wp\/v2\/comments?post=199449"}],"version-history":[{"count":0,"href":"https:\/\/aromasentia.com\/da\/wp-json\/wp\/v2\/product\/199449\/revisions"}],"wp:featuredmedia":[{"embeddable":true,"href":"https:\/\/aromasentia.com\/da\/wp-json\/wp\/v2\/media\/381562"}],"wp:attachment":[{"href":"https:\/\/aromasentia.com\/da\/wp-json\/wp\/v2\/media?parent=199449"}],"wp:term":[{"taxonomy":"product_brand","embeddable":true,"href":"https:\/\/aromasentia.com\/da\/wp-json\/wp\/v2\/product_brand?post=199449"},{"taxonomy":"product_cat","embeddable":true,"href":"https:\/\/aromasentia.com\/da\/wp-json\/wp\/v2\/product_cat?post=199449"},{"taxonomy":"product_tag","embeddable":true,"href":"https:\/\/aromasentia.com\/da\/wp-json\/wp\/v2\/product_tag?post=199449"}],"curies":[{"name":"wp","href":"https:\/\/api.w.org\/{rel}","templated":true}]}}