{"id":199437,"date":"2025-03-22T16:06:20","date_gmt":"2025-03-22T16:06:20","guid":{"rendered":"https:\/\/aromasentia.com\/product\/large-elephant-head-gold-whitewash\/"},"modified":"2025-06-22T03:19:58","modified_gmt":"2025-06-22T03:19:58","slug":"stort-elefanthoved-guld-og-hvidvask","status":"publish","type":"product","link":"https:\/\/aromasentia.com\/da\/stort-elefanthoved-guld-og-hvidvask\/","title":{"rendered":"Stort Elefanthoved &#8211; Guld Og Hvidvask"},"content":{"rendered":"<p><strong>Elefanthoved i guld og hvidvask&nbsp;<\/strong>er<strong>&nbsp;<\/strong>et majest\u00e6tisk symbol p\u00e5 visdom, mod, statur og styrke. Disse engroselefanter&nbsp;er prydet med sart hvid farve, forst\u00e6rket af et f\u00e6ngslende strejf af gyldent glitter.<\/p>\n<p>H\u00e5ndsk\u00e5ret med pr\u00e6cision i Indonesien er disse uds\u00f8gte elefanter fremstillet af Albesia-tr\u00e6, et hurtigt voksende, b\u00e6redygtigt tr\u00e6, der findes i overflod i Syd\u00f8stasien, og som n\u00e5r t\u00e5rnh\u00f8je h\u00f8jder p\u00e5 70 meter inden for blot f\u00e5 \u00e5r.<\/p>\n<p>Det menes, at vores prydelefanter bringer lykke, og de er <strong>den<\/strong> <strong>perfekte gave til elefantentusiaster og kendere af godt h\u00e5ndv\u00e6rk<\/strong>. Hvert stykke er et bevis p\u00e5 h\u00e5ndv\u00e6rkerens dygtighed med <strong>h\u00e5ndlavede variationer i farve<\/strong>, design og dimensioner, hvilket sikrer, at hver elefant er et unikt samlerobjekt. Oplev charmen ved <strong>Bali&#39;s gamle verden gennem disse smukke h\u00e5ndsk\u00e5rne elefanthoveder.<\/strong>&nbsp;<\/p>\n","protected":false},"excerpt":{"rendered":"<p>Elefanthoved i guld og hvidvask&nbsp;er&nbsp;et majest\u00e6tisk symbol p\u00e5 visdom, mod, statur og styrke. Disse engroselefanter&nbsp;er prydet med sart hvid farve, forst\u00e6rket af et f\u00e6ngslende strejf af gyldent glitter. H\u00e5ndsk\u00e5ret med pr\u00e6cision i Indonesien er disse uds\u00f8gte elefanter fremstillet af Albesia-tr\u00e6, et hurtigt voksende, b\u00e6redygtigt tr\u00e6, der findes i overflod i Syd\u00f8stasien, og som n\u00e5r t\u00e5rnh\u00f8je [&hellip;]<\/p>\n","protected":false},"featured_media":381096,"comment_status":"closed","ping_status":"open","template":"","meta":{"_angie_page":false},"product_brand":[],"product_cat":[5591,6268],"product_tag":[],"class_list":{"0":"post-199437","1":"product","2":"type-product","3":"status-publish","4":"has-post-thumbnail","6":"product_cat-hjem-og-have","7":"product_cat-traedekorationer","8":"pa_collection-wooden-carved-decorative-figures-da","9":"pa_made-in-indonesien","11":"first","12":"instock","13":"purchasable","14":"product-type-simple"},"supplier_id":null,"supplier_sku":"VINTEP-03","barcode":null,"atum_controlled":true,"out_stock_date":null,"out_stock_threshold":null,"inheritable":false,"inbound_stock":null,"stock_on_hold":0,"sold_today":0,"sales_last_days":0,"reserved_stock":null,"customer_returns":null,"warehouse_damage":null,"lost_in_post":null,"other_logs":null,"out_stock_days":0,"lost_sales":0,"has_location":null,"update_date":"2026-04-27T19:09:48","atum_locations":[],"atum_stock_status":"instock","restock_status":false,"low_stock_amount":"","sales_update_date":"2026-01-30T01:24:31","calc_backorders":null,"_links":{"self":[{"href":"https:\/\/aromasentia.com\/da\/wp-json\/wp\/v2\/product\/199437","targetHints":{"allow":["GET"]}}],"collection":[{"href":"https:\/\/aromasentia.com\/da\/wp-json\/wp\/v2\/product"}],"about":[{"href":"https:\/\/aromasentia.com\/da\/wp-json\/wp\/v2\/types\/product"}],"replies":[{"embeddable":true,"href":"https:\/\/aromasentia.com\/da\/wp-json\/wp\/v2\/comments?post=199437"}],"version-history":[{"count":0,"href":"https:\/\/aromasentia.com\/da\/wp-json\/wp\/v2\/product\/199437\/revisions"}],"wp:featuredmedia":[{"embeddable":true,"href":"https:\/\/aromasentia.com\/da\/wp-json\/wp\/v2\/media\/381096"}],"wp:attachment":[{"href":"https:\/\/aromasentia.com\/da\/wp-json\/wp\/v2\/media?parent=199437"}],"wp:term":[{"taxonomy":"product_brand","embeddable":true,"href":"https:\/\/aromasentia.com\/da\/wp-json\/wp\/v2\/product_brand?post=199437"},{"taxonomy":"product_cat","embeddable":true,"href":"https:\/\/aromasentia.com\/da\/wp-json\/wp\/v2\/product_cat?post=199437"},{"taxonomy":"product_tag","embeddable":true,"href":"https:\/\/aromasentia.com\/da\/wp-json\/wp\/v2\/product_tag?post=199437"}],"curies":[{"name":"wp","href":"https:\/\/api.w.org\/{rel}","templated":true}]}}