{"id":199436,"date":"2025-03-22T16:06:20","date_gmt":"2025-03-22T16:06:20","guid":{"rendered":"https:\/\/aromasentia.com\/product\/wood-carved-elephant-white-gold\/"},"modified":"2025-06-22T03:19:58","modified_gmt":"2025-06-22T03:19:58","slug":"traeudskaaret-elefant-hvidguld","status":"publish","type":"product","link":"https:\/\/aromasentia.com\/da\/traeudskaaret-elefant-hvidguld\/","title":{"rendered":"Tr\u00e6udsk\u00e5ret Elefant &#8211; Hvidguld"},"content":{"rendered":"<p>Elefanter symboliserer \u00e6dle ting som visdom, mod, statur og styrke.<\/p>\n<p>Disse elefanter er let malet i hvide og turkise farver og har f\u00e5et et gyldent glimmer.<\/p>\n<p>Disse smukke h\u00e5ndsk\u00e5rne elefanter vil bringe en gammeldags f\u00f8lelse af Bali ind i ethvert rum. H\u00e5ndsk\u00e5ret i Indonesien af Albesia-tr\u00e6, som er et hurtigtvoksende b\u00e6redygtigt tr\u00e6, der kan vokse til 21 meter p\u00e5 bare et par \u00e5r og findes over hele Syd\u00f8stasien.<\/p>\n<p>Dekorative elefanter skal bringe held og lykke, og de er en perfekt gave til en elefantelsker eller enhver, der v\u00e6rds\u00e6tter den f\u00e6rdighed, det kr\u00e6ver at fremstille et s\u00e5 fint stykke.<\/p>\n<p>Da hver elefant er h\u00e5ndlavet, kan farve, design og dimensioner variere en smule, hvilket g\u00f8r hver enkelt til et unikt samlerobjekt.<\/p>\n","protected":false},"excerpt":{"rendered":"<p>Elefanter symboliserer \u00e6dle ting som visdom, mod, statur og styrke. Disse elefanter er let malet i hvide og turkise farver og har f\u00e5et et gyldent glimmer. Disse smukke h\u00e5ndsk\u00e5rne elefanter vil bringe en gammeldags f\u00f8lelse af Bali ind i ethvert rum. H\u00e5ndsk\u00e5ret i Indonesien af Albesia-tr\u00e6, som er et hurtigtvoksende b\u00e6redygtigt tr\u00e6, der kan vokse [&hellip;]<\/p>\n","protected":false},"featured_media":381072,"comment_status":"closed","ping_status":"open","template":"","meta":{"_angie_page":false},"product_brand":[],"product_cat":[5591,6268],"product_tag":[],"class_list":{"0":"post-199436","1":"product","2":"type-product","3":"status-publish","4":"has-post-thumbnail","6":"product_cat-hjem-og-have","7":"product_cat-traedekorationer","8":"pa_collection-wooden-carved-decorative-figures-da","9":"pa_made-in-indonesien","11":"first","12":"instock","13":"purchasable","14":"product-type-simple"},"supplier_id":null,"supplier_sku":"VINTEP-01","barcode":null,"atum_controlled":true,"out_stock_date":null,"out_stock_threshold":null,"inheritable":false,"inbound_stock":null,"stock_on_hold":0,"sold_today":0,"sales_last_days":0,"reserved_stock":null,"customer_returns":null,"warehouse_damage":null,"lost_in_post":null,"other_logs":null,"out_stock_days":57,"lost_sales":0,"has_location":null,"update_date":"2026-04-27T07:26:20","atum_locations":[],"atum_stock_status":"instock","restock_status":false,"low_stock_amount":"","sales_update_date":"2026-02-06T00:00:53","calc_backorders":null,"_links":{"self":[{"href":"https:\/\/aromasentia.com\/da\/wp-json\/wp\/v2\/product\/199436","targetHints":{"allow":["GET"]}}],"collection":[{"href":"https:\/\/aromasentia.com\/da\/wp-json\/wp\/v2\/product"}],"about":[{"href":"https:\/\/aromasentia.com\/da\/wp-json\/wp\/v2\/types\/product"}],"replies":[{"embeddable":true,"href":"https:\/\/aromasentia.com\/da\/wp-json\/wp\/v2\/comments?post=199436"}],"version-history":[{"count":0,"href":"https:\/\/aromasentia.com\/da\/wp-json\/wp\/v2\/product\/199436\/revisions"}],"wp:featuredmedia":[{"embeddable":true,"href":"https:\/\/aromasentia.com\/da\/wp-json\/wp\/v2\/media\/381072"}],"wp:attachment":[{"href":"https:\/\/aromasentia.com\/da\/wp-json\/wp\/v2\/media?parent=199436"}],"wp:term":[{"taxonomy":"product_brand","embeddable":true,"href":"https:\/\/aromasentia.com\/da\/wp-json\/wp\/v2\/product_brand?post=199436"},{"taxonomy":"product_cat","embeddable":true,"href":"https:\/\/aromasentia.com\/da\/wp-json\/wp\/v2\/product_cat?post=199436"},{"taxonomy":"product_tag","embeddable":true,"href":"https:\/\/aromasentia.com\/da\/wp-json\/wp\/v2\/product_tag?post=199436"}],"curies":[{"name":"wp","href":"https:\/\/api.w.org\/{rel}","templated":true}]}}