{"id":199427,"date":"2025-03-22T16:06:20","date_gmt":"2025-03-22T16:06:20","guid":{"rendered":"https:\/\/aromasentia.com\/product\/dream-chacher-medium-multy-heart-in-heart\/"},"modified":"2025-06-22T03:19:54","modified_gmt":"2025-06-22T03:19:54","slug":"droemmefangere-medium-multy-heart-in-heart","status":"publish","type":"product","link":"https:\/\/aromasentia.com\/da\/droemmefangere-medium-multy-heart-in-heart\/","title":{"rendered":"Dr\u00f8mmefangere &#8211; Medium multy Heart In Heart"},"content":{"rendered":"<p style=\"text-align: left;\"><strong>Dr\u00f8mmefanger p\u00e5 engros &#8211; Medium Multi Heart in Heart<\/strong>, h\u00e5ndlavet med omhu og k\u00e6rlighed i landsbyer p\u00e5 Bali. Denne dr\u00f8mmefanger er en harmonisk blanding af levende farver. Dens unikke hjerte-i-hjerte-design symboliserer k\u00e6rlighed, enhed og beskyttelse.&nbsp;<\/p>\n<p style=\"text-align: left;\">Farveskalaen tilf\u00f8rer energi og udstr\u00e5ling til ethvert rum.<\/p>\n<p style=\"text-align: left;\">Nattens \u00e5nder kan bringe gode og d\u00e5rlige dr\u00f8mme.<br style=\"box-sizing: inherit; color: rgb(29, 28, 29); font-family: Slack-Lato, appleLogo, sans-serif; font-size: 15px; font-style: normal; font-variant-ligatures: common-ligatures; font-variant-caps: normal; font-weight: 400; letter-spacing: normal; orphans: 2; text-align: left; text-indent: 0px; text-transform: none; white-space: normal; widows: 2; word-spacing: 0px; -webkit-text-stroke-width: 0px; background-color: rgb(255, 255, 255); text-decoration-style: initial; text-decoration-color: initial;\">Denne <strong>helt naturlige (ingen fjer), veganervenlige&nbsp;<\/strong>dr\u00f8mmefanger er h\u00e5ndlavet p\u00e5 den \u00e5ndeligt velsignede \u00f8 Bali.<\/p>\n<p style=\"text-align: left;\">De gode dr\u00f8mme passerer gennem dr\u00f8mmefangeren, og de d\u00e5rlige, der ikke kender vejen, bliver viklet ind i nettet og g\u00e5r til grunde med daggryets f\u00f8rste lys. P\u00e5 Bali er de lokale meget i kontakt med \u00e5ndeverdenen og har taget dr\u00f8mmefangeren til sig og fornyet dens kraft.<\/p>\n<p style=\"text-align: left;\">Ved at tilbyde disse dr\u00f8mmefangere til dine kunder giver du dem en meningsfuld forbindelse til balinesisk kultur og kunsth\u00e5ndv\u00e6rk. <\/p>\n<p style=\"text-align: left;\"><strong>Lavet med k\u00e6rlighed af rattan, bomuld og tr\u00e6perler med ekstra velsignelser.<\/strong><\/p>\n<p style=\"text-align: left;\">S\u00f8de dr\u00f8mme.<\/p>\n","protected":false},"excerpt":{"rendered":"<p>Dr\u00f8mmefanger p\u00e5 engros &#8211; Medium Multi Heart in Heart, h\u00e5ndlavet med omhu og k\u00e6rlighed i landsbyer p\u00e5 Bali. Denne dr\u00f8mmefanger er en harmonisk blanding af levende farver. Dens unikke hjerte-i-hjerte-design symboliserer k\u00e6rlighed, enhed og beskyttelse.&nbsp; Farveskalaen tilf\u00f8rer energi og udstr\u00e5ling til ethvert rum. Nattens \u00e5nder kan bringe gode og d\u00e5rlige dr\u00f8mme.Denne helt naturlige (ingen fjer), [&hellip;]<\/p>\n","protected":false},"featured_media":380604,"comment_status":"closed","ping_status":"open","template":"","meta":[],"product_brand":[],"product_cat":[5591,5592],"product_tag":[],"class_list":{"0":"post-199427","1":"product","2":"type-product","3":"status-publish","4":"has-post-thumbnail","6":"product_cat-hjem-og-have","7":"product_cat-macrame-og-drommefangere","8":"pa_collection-bali-natural-dream-catchers-vegan-friendly-da","9":"pa_made-in-indonesien","11":"first","12":"instock","13":"purchasable","14":"product-type-simple"},"supplier_id":null,"supplier_sku":"VDC-02","barcode":null,"atum_controlled":true,"out_stock_date":null,"out_stock_threshold":null,"inheritable":false,"inbound_stock":null,"stock_on_hold":0,"sold_today":0,"sales_last_days":0,"reserved_stock":null,"customer_returns":null,"warehouse_damage":null,"lost_in_post":null,"other_logs":null,"out_stock_days":0,"lost_sales":0,"has_location":null,"update_date":"2026-01-30T01:26:37","atum_locations":[],"atum_stock_status":"instock","restock_status":false,"low_stock_amount":"","sales_update_date":"2026-01-30T01:26:37","calc_backorders":null,"_links":{"self":[{"href":"https:\/\/aromasentia.com\/da\/wp-json\/wp\/v2\/product\/199427","targetHints":{"allow":["GET"]}}],"collection":[{"href":"https:\/\/aromasentia.com\/da\/wp-json\/wp\/v2\/product"}],"about":[{"href":"https:\/\/aromasentia.com\/da\/wp-json\/wp\/v2\/types\/product"}],"replies":[{"embeddable":true,"href":"https:\/\/aromasentia.com\/da\/wp-json\/wp\/v2\/comments?post=199427"}],"version-history":[{"count":0,"href":"https:\/\/aromasentia.com\/da\/wp-json\/wp\/v2\/product\/199427\/revisions"}],"wp:featuredmedia":[{"embeddable":true,"href":"https:\/\/aromasentia.com\/da\/wp-json\/wp\/v2\/media\/380604"}],"wp:attachment":[{"href":"https:\/\/aromasentia.com\/da\/wp-json\/wp\/v2\/media?parent=199427"}],"wp:term":[{"taxonomy":"product_brand","embeddable":true,"href":"https:\/\/aromasentia.com\/da\/wp-json\/wp\/v2\/product_brand?post=199427"},{"taxonomy":"product_cat","embeddable":true,"href":"https:\/\/aromasentia.com\/da\/wp-json\/wp\/v2\/product_cat?post=199427"},{"taxonomy":"product_tag","embeddable":true,"href":"https:\/\/aromasentia.com\/da\/wp-json\/wp\/v2\/product_tag?post=199427"}],"curies":[{"name":"wp","href":"https:\/\/api.w.org\/{rel}","templated":true}]}}