{"id":199416,"date":"2025-03-22T16:06:20","date_gmt":"2025-03-22T16:06:20","guid":{"rendered":"https:\/\/aromasentia.com\/product\/ergo-teak-pestal-morter-med\/"},"modified":"2025-06-22T03:19:48","modified_gmt":"2025-06-22T03:19:48","slug":"ergo-teak-pestal-morter-med","status":"publish","type":"product","link":"https:\/\/aromasentia.com\/da\/ergo-teak-pestal-morter-med\/","title":{"rendered":"Ergo Teak Pestal &#038; morter med"},"content":{"rendered":"<p>Wholesale Natural Teak Pestle &amp; Mortar er ideel til daglig brug.<\/p>\n<p>K\u00e6rligt fremstillet af teaktr\u00e6 i hjertet af Balis landsbyer fra omhyggeligt forvaltede teakreserver. Teak eller Tectona grandis er hjemmeh\u00f8rende i Indonesien, Indien, Malaysia, Thailand og Burma. Teaktr\u00e6 indeholder en olie, der hj\u00e6lper tr\u00e6et med at v\u00e6re vandafvisende. Det samme olieindhold beskytter teaktr\u00e6et mod forfald, insekter og bakterier.&nbsp;<\/p>\n<p>Java-teak anses af eksperter for at v\u00e6re det bedste i verden. Behandlet med blot en smule pleje kan det holde hele livet.<\/p>\n<p>Det vil v\u00e6re en fantastisk tilf\u00f8jelse til dine kunders hjem.<\/p>\n<p>Mortelst\u00f8rrelse: 11 x 11,5 cm<\/p>\n<p>Stolpe: 15 cm<\/p>\n<p><strong>Bestil nu og giv dine kunder en unik st\u00f8der og morter i teaktr\u00e6.<\/strong><\/p>\n","protected":false},"excerpt":{"rendered":"<p>Wholesale Natural Teak Pestle &amp; Mortar er ideel til daglig brug. K\u00e6rligt fremstillet af teaktr\u00e6 i hjertet af Balis landsbyer fra omhyggeligt forvaltede teakreserver. Teak eller Tectona grandis er hjemmeh\u00f8rende i Indonesien, Indien, Malaysia, Thailand og Burma. Teaktr\u00e6 indeholder en olie, der hj\u00e6lper tr\u00e6et med at v\u00e6re vandafvisende. Det samme olieindhold beskytter teaktr\u00e6et mod forfald, [&hellip;]<\/p>\n","protected":false},"featured_media":380185,"comment_status":"closed","ping_status":"open","template":"","meta":{"_angie_page":false},"product_brand":[],"product_cat":[5591,6264],"product_tag":[],"class_list":{"0":"post-199416","1":"product","2":"type-product","3":"status-publish","4":"has-post-thumbnail","6":"product_cat-hjem-og-have","7":"product_cat-kokkenprodukter-og-tilbehor","8":"pa_collection-ergo-teak-pestal-morter-da","9":"pa_made-in-indonesien","11":"first","12":"instock","13":"purchasable","14":"product-type-simple"},"supplier_id":null,"supplier_sku":"TPM-02","barcode":null,"atum_controlled":true,"out_stock_date":null,"out_stock_threshold":null,"inheritable":false,"inbound_stock":null,"stock_on_hold":0,"sold_today":0,"sales_last_days":0,"reserved_stock":null,"customer_returns":null,"warehouse_damage":null,"lost_in_post":null,"other_logs":null,"out_stock_days":0,"lost_sales":0,"has_location":null,"update_date":"2026-05-08T05:21:25","atum_locations":[],"atum_stock_status":"instock","restock_status":false,"low_stock_amount":"","sales_update_date":"2025-09-04T00:30:36","calc_backorders":null,"_links":{"self":[{"href":"https:\/\/aromasentia.com\/da\/wp-json\/wp\/v2\/product\/199416","targetHints":{"allow":["GET"]}}],"collection":[{"href":"https:\/\/aromasentia.com\/da\/wp-json\/wp\/v2\/product"}],"about":[{"href":"https:\/\/aromasentia.com\/da\/wp-json\/wp\/v2\/types\/product"}],"replies":[{"embeddable":true,"href":"https:\/\/aromasentia.com\/da\/wp-json\/wp\/v2\/comments?post=199416"}],"version-history":[{"count":0,"href":"https:\/\/aromasentia.com\/da\/wp-json\/wp\/v2\/product\/199416\/revisions"}],"wp:featuredmedia":[{"embeddable":true,"href":"https:\/\/aromasentia.com\/da\/wp-json\/wp\/v2\/media\/380185"}],"wp:attachment":[{"href":"https:\/\/aromasentia.com\/da\/wp-json\/wp\/v2\/media?parent=199416"}],"wp:term":[{"taxonomy":"product_brand","embeddable":true,"href":"https:\/\/aromasentia.com\/da\/wp-json\/wp\/v2\/product_brand?post=199416"},{"taxonomy":"product_cat","embeddable":true,"href":"https:\/\/aromasentia.com\/da\/wp-json\/wp\/v2\/product_cat?post=199416"},{"taxonomy":"product_tag","embeddable":true,"href":"https:\/\/aromasentia.com\/da\/wp-json\/wp\/v2\/product_tag?post=199416"}],"curies":[{"name":"wp","href":"https:\/\/api.w.org\/{rel}","templated":true}]}}