{"id":199409,"date":"2025-03-22T16:06:20","date_gmt":"2025-03-22T16:06:20","guid":{"rendered":"https:\/\/aromasentia.com\/product\/money-cat-teapot-set-two-cups-travel-pack-black\/"},"modified":"2025-06-22T03:19:46","modified_gmt":"2025-06-22T03:19:46","slug":"money-cat-tepotte-saet-to-kopper-rejsepakke-sort","status":"publish","type":"product","link":"https:\/\/aromasentia.com\/da\/money-cat-tepotte-saet-to-kopper-rejsepakke-sort\/","title":{"rendered":"money Cat Tepotte S\u00e6t &#8211; To Kopper &#8211; Rejsepakke &#8211; Sort"},"content":{"rendered":"<p><span style=\"color: rgb(75, 80, 88);\">Forbedr din produktsamling med det fortryllende <strong>Money Cat tekandes\u00e6t<\/strong>. Dette charmerende s\u00e6t indeholder en karakteristisk designet<strong>&nbsp;tekande<\/strong> og to matchende kopper, alle elegant opbevaret i et smart rejseetui, hvilket g\u00f8r det til et fantastisk valg for te-entusiaster, der altid er p\u00e5 farten.<\/span><\/p>\n<p><span style=\"color: rgb(75, 80, 88);\">Tekanden har en elegant sort finish udsmykket med et gyldent pengemotiv, der repr\u00e6senterer rigdom og held. Dens ergonomiske tud og l\u00e5g giver en problemfri h\u00e6ldeoplevelse. Hver kop har et yndigt katteansigt, og n\u00e5r de placeres oven p\u00e5 tekanden, danner de billedet af en dejlig pengekat, hvilket tilf\u00f8jer et finurligt element til s\u00e6ttet.<\/span><\/p>\n<p><span style=\"color: rgb(75, 80, 88);\">Hvad der medf\u00f8lger:<\/span><\/p>\n<ul>\n<li><span style=\"color: rgb(75, 80, 88);\">1x Tekande<\/span><\/li>\n<li><span style=\"color: rgb(75, 80, 88);\">2x Tekopper<\/span><\/li>\n<li><span style=\"color: rgb(75, 80, 88);\">1x Rejsetui<\/span><\/li>\n<\/ul>\n<p><span style=\"color: rgb(75, 80, 88);\">Produktdetaljer:<\/span><\/p>\n<ul>\n<li><span style=\"color: rgb(75, 80, 88);\">Materiale: Keramik (h\u00e5ndvaskes) (anbefales)<\/span><\/li>\n<li><span style=\"color: rgb(75, 80, 88);\">Tekandekapacitet: Ca. 200 ml (6,8 fluid ounces)<\/span><\/li>\n<li><span style=\"color: rgb(75, 80, 88);\">Lille kopkapacitet: Ca. 80 ml (2,7 fluid ounces)<\/span><\/li>\n<li><span style=\"color: rgb(75, 80, 88);\">Stor kopkapacitet: Ca. 120 ml (4,0 fluid ounces)<\/span><\/li>\n<li><span style=\"color: rgb(75, 80, 88);\">T\u00e5ler opvaskemaskine: Anbefales ikke<\/span><\/li>\n<li><span style=\"color: rgb(75, 80, 88);\">T\u00e5ler mikrob\u00f8lgeovn: Anbefales ikke<\/span><\/li>\n<\/ul>\n<p><span style=\"color: rgb(141, 186, 216);\"><strong>S\u00f8rg for, at dine kunder f\u00e5r en mindev\u00e6rdig tetid med dette dejlige s\u00e6t &mdash;fyld op i dag!<\/strong><\/span><\/p>\n","protected":false},"excerpt":{"rendered":"<p>Forbedr din produktsamling med det fortryllende Money Cat tekandes\u00e6t. Dette charmerende s\u00e6t indeholder en karakteristisk designet&nbsp;tekande og to matchende kopper, alle elegant opbevaret i et smart rejseetui, hvilket g\u00f8r det til et fantastisk valg for te-entusiaster, der altid er p\u00e5 farten. Tekanden har en elegant sort finish udsmykket med et gyldent pengemotiv, der repr\u00e6senterer rigdom [&hellip;]<\/p>\n","protected":false},"featured_media":379914,"comment_status":"closed","ping_status":"open","template":"","meta":{"_angie_page":false},"product_brand":[],"product_cat":[5591,6264,5908,26684],"product_tag":[],"class_list":{"0":"post-199409","1":"product","2":"type-product","3":"status-publish","4":"has-post-thumbnail","6":"product_cat-hjem-og-have","7":"product_cat-kokkenprodukter-og-tilbehor","8":"product_cat-teer-og-te-udstyr","9":"product_cat-tekander-og-tekopper","10":"pa_collection-herbal-teapot-sets-da","11":"pa_made-in-kina","13":"first","14":"instock","15":"purchasable","16":"product-type-simple"},"supplier_id":null,"supplier_sku":"TeaP-30","barcode":null,"atum_controlled":true,"out_stock_date":null,"out_stock_threshold":null,"inheritable":false,"inbound_stock":null,"stock_on_hold":0,"sold_today":0,"sales_last_days":0,"reserved_stock":null,"customer_returns":null,"warehouse_damage":null,"lost_in_post":null,"other_logs":null,"out_stock_days":0,"lost_sales":0,"has_location":null,"update_date":"2026-04-27T07:24:30","atum_locations":[],"atum_stock_status":"instock","restock_status":false,"low_stock_amount":"","sales_update_date":"2025-09-04T00:30:35","calc_backorders":null,"_links":{"self":[{"href":"https:\/\/aromasentia.com\/da\/wp-json\/wp\/v2\/product\/199409","targetHints":{"allow":["GET"]}}],"collection":[{"href":"https:\/\/aromasentia.com\/da\/wp-json\/wp\/v2\/product"}],"about":[{"href":"https:\/\/aromasentia.com\/da\/wp-json\/wp\/v2\/types\/product"}],"replies":[{"embeddable":true,"href":"https:\/\/aromasentia.com\/da\/wp-json\/wp\/v2\/comments?post=199409"}],"version-history":[{"count":0,"href":"https:\/\/aromasentia.com\/da\/wp-json\/wp\/v2\/product\/199409\/revisions"}],"wp:featuredmedia":[{"embeddable":true,"href":"https:\/\/aromasentia.com\/da\/wp-json\/wp\/v2\/media\/379914"}],"wp:attachment":[{"href":"https:\/\/aromasentia.com\/da\/wp-json\/wp\/v2\/media?parent=199409"}],"wp:term":[{"taxonomy":"product_brand","embeddable":true,"href":"https:\/\/aromasentia.com\/da\/wp-json\/wp\/v2\/product_brand?post=199409"},{"taxonomy":"product_cat","embeddable":true,"href":"https:\/\/aromasentia.com\/da\/wp-json\/wp\/v2\/product_cat?post=199409"},{"taxonomy":"product_tag","embeddable":true,"href":"https:\/\/aromasentia.com\/da\/wp-json\/wp\/v2\/product_tag?post=199409"}],"curies":[{"name":"wp","href":"https:\/\/api.w.org\/{rel}","templated":true}]}}