{"id":199407,"date":"2025-03-22T16:06:20","date_gmt":"2025-03-22T16:06:20","guid":{"rendered":"https:\/\/aromasentia.com\/product\/travel-ceramic-teapot-set-three-friends-travel-pack\/"},"modified":"2025-06-22T03:19:45","modified_gmt":"2025-06-22T03:19:45","slug":"rejsesaet-med-keramisk-tekande-tre-venner-rejsepakke","status":"publish","type":"product","link":"https:\/\/aromasentia.com\/da\/rejsesaet-med-keramisk-tekande-tre-venner-rejsepakke\/","title":{"rendered":"Rejses\u00e6t med Keramisk Tekande &#8211; Tre Venner &#8211; Rejsepakke"},"content":{"rendered":"<p><span style=\"color: rgb(75, 80, 88);\">Oplev den perfekte kombination af elegance og b\u00e6rbarhed med vores rejses\u00e6t i keramisk te &#8211; Three Friends &#8211; Travel Pack. Dette sofistikerede s\u00e6t er ideelt til teelskere, der elsker at nyde deres yndlingsblandinger, uanset hvor de er.<\/span><\/p>\n<p><span style=\"color: rgb(75, 80, 88);\">Tekanden har et moderne design med en elegant hvid-til-sort gradueret finish, suppleret af et tr\u00e6b\u00e5nd, der tilf\u00f8jer b\u00e5de stil og et behageligt greb. Dens ergonomiske tud er fremstillet til en j\u00e6vn og nem h\u00e6ldning. Med en aftagelig te-infuser er det nemt at brygge l\u00f8se teblade, og reng\u00f8ringen er en leg. S\u00e6ttet indeholder tre minimalistiske kopper med et matchende sort-hvidt gradueret yderlag, der skaber et sammenh\u00e6ngende look med tekanden.<\/span><\/p>\n<p><span style=\"color: rgb(75, 80, 88);\">S\u00e6ttet indeholder:<\/span><\/p>\n<ul>\n<li><span style=\"color: rgb(75, 80, 88);\">1x Tekande med teinfuser<\/span><\/li>\n<li><span style=\"color: rgb(75, 80, 88);\">3x Tekopper<\/span><\/li>\n<li><span style=\"color: rgb(75, 80, 88);\">1x Rejsetui<\/span><\/li>\n<\/ul>\n<p><span style=\"color: rgb(75, 80, 88);\">Produktspecifikationer:<\/span><\/p>\n<ul>\n<li><span style=\"color: rgb(75, 80, 88);\">Materiale: Keramik (H\u00e5ndvask anbefales)<\/span><\/li>\n<li><span style=\"color: rgb(75, 80, 88);\">Tekandekapacitet: 350 ml (11,8 fluid ounces)<\/span><\/li>\n<li><span style=\"color: rgb(75, 80, 88);\">Kopkapacitet: 50 ml (1,7 fluid ounces)<\/span><\/li>\n<li><span style=\"color: rgb(75, 80, 88);\">T\u00e5ler opvaskemaskine: Anbefales ikke<\/span><\/li>\n<li><span style=\"color: rgb(75, 80, 88);\">Mikrob\u00f8lgeovnssikker: Anbefales ikke<\/span><\/li>\n<\/ul>\n<p><span style=\"color: rgb(75, 80, 88);\">F\u00e5 din te i dag for at tilbyde dine kunder en dejlig teoplevelse, de kan nyde p\u00e5 farten!<\/span><\/p>\n","protected":false},"excerpt":{"rendered":"<p>Oplev den perfekte kombination af elegance og b\u00e6rbarhed med vores rejses\u00e6t i keramisk te &#8211; Three Friends &#8211; Travel Pack. Dette sofistikerede s\u00e6t er ideelt til teelskere, der elsker at nyde deres yndlingsblandinger, uanset hvor de er. Tekanden har et moderne design med en elegant hvid-til-sort gradueret finish, suppleret af et tr\u00e6b\u00e5nd, der tilf\u00f8jer b\u00e5de [&hellip;]<\/p>\n","protected":false},"featured_media":379840,"comment_status":"closed","ping_status":"open","template":"","meta":[],"product_brand":[],"product_cat":[5591,6264,5908,26684],"product_tag":[],"class_list":{"0":"post-199407","1":"product","2":"type-product","3":"status-publish","4":"has-post-thumbnail","6":"product_cat-hjem-og-have","7":"product_cat-kokkenprodukter-og-tilbehor","8":"product_cat-teer-og-te-udstyr","9":"product_cat-tekander-og-tekopper","10":"pa_collection-herbal-teapot-sets-da","11":"pa_made-in-kina","13":"first","14":"instock","15":"purchasable","16":"product-type-simple"},"supplier_id":null,"supplier_sku":"TeaP-28","barcode":null,"atum_controlled":true,"out_stock_date":null,"out_stock_threshold":null,"inheritable":false,"inbound_stock":null,"stock_on_hold":0,"sold_today":0,"sales_last_days":0,"reserved_stock":null,"customer_returns":null,"warehouse_damage":null,"lost_in_post":null,"other_logs":null,"out_stock_days":0,"lost_sales":0,"has_location":null,"update_date":"2026-01-30T01:24:46","atum_locations":[],"atum_stock_status":"instock","restock_status":false,"low_stock_amount":"","sales_update_date":"2026-01-30T01:24:46","calc_backorders":null,"_links":{"self":[{"href":"https:\/\/aromasentia.com\/da\/wp-json\/wp\/v2\/product\/199407","targetHints":{"allow":["GET"]}}],"collection":[{"href":"https:\/\/aromasentia.com\/da\/wp-json\/wp\/v2\/product"}],"about":[{"href":"https:\/\/aromasentia.com\/da\/wp-json\/wp\/v2\/types\/product"}],"replies":[{"embeddable":true,"href":"https:\/\/aromasentia.com\/da\/wp-json\/wp\/v2\/comments?post=199407"}],"version-history":[{"count":0,"href":"https:\/\/aromasentia.com\/da\/wp-json\/wp\/v2\/product\/199407\/revisions"}],"wp:featuredmedia":[{"embeddable":true,"href":"https:\/\/aromasentia.com\/da\/wp-json\/wp\/v2\/media\/379840"}],"wp:attachment":[{"href":"https:\/\/aromasentia.com\/da\/wp-json\/wp\/v2\/media?parent=199407"}],"wp:term":[{"taxonomy":"product_brand","embeddable":true,"href":"https:\/\/aromasentia.com\/da\/wp-json\/wp\/v2\/product_brand?post=199407"},{"taxonomy":"product_cat","embeddable":true,"href":"https:\/\/aromasentia.com\/da\/wp-json\/wp\/v2\/product_cat?post=199407"},{"taxonomy":"product_tag","embeddable":true,"href":"https:\/\/aromasentia.com\/da\/wp-json\/wp\/v2\/product_tag?post=199407"}],"curies":[{"name":"wp","href":"https:\/\/api.w.org\/{rel}","templated":true}]}}