{"id":199406,"date":"2025-03-22T16:06:20","date_gmt":"2025-03-22T16:06:20","guid":{"rendered":"https:\/\/aromasentia.com\/product\/travel-mountain-teapot-set-four-friends-travel-pack\/"},"modified":"2025-06-22T03:19:44","modified_gmt":"2025-06-22T03:19:44","slug":"travel-mountain-tepotte-saet-four-friends-travel-pack","status":"publish","type":"product","link":"https:\/\/aromasentia.com\/da\/travel-mountain-tepotte-saet-four-friends-travel-pack\/","title":{"rendered":"Travel mountain Tepotte S\u00e6t &#8211; Four Friends &#8211; Travel Pack"},"content":{"rendered":"<p><span style=\"color: rgb(75, 80, 88);\">Vi pr\u00e6senterer det alsidige og stilfulde Travel Mountain-tekandes\u00e6t, perfekt til teentusiaster, der elsker at nyde deres yndlingsbrygget te p\u00e5 farten. Dette smukke s\u00e6t leveres med en multifunktionel tekande, der inkluderer en aftagelig teinfuser og fire matchende kopper, alt sammen elegant pakket i et elegant rejseetui.<\/span><\/p>\n<p><span style=\"color: rgb(75, 80, 88);\">Tekanden har en gennemsigtig glaskrop prydet med et indviklet bjergdesign i bunden, hvilket tilf\u00f8jer et strejf af elegance. Den aftagelige teinfuser, ogs\u00e5 detaljeret med et bjergmotiv, g\u00f8r det nemt at brygge l\u00f8sbladet te og hurtigt at reng\u00f8re. Kopperne, med deres i\u00f8jnefaldende gr\u00f8nne yderside og glatte cremefarvede indre, giver en harmonisk blanding af stil og funktionalitet.<\/span><\/p>\n<p><span style=\"color: rgb(75, 80, 88);\">S\u00e6ttet indeholder:<\/span><\/p>\n<ul>\n<li><span style=\"color: rgb(75, 80, 88);\">1x Tekande med teinfuser<\/span><\/li>\n<li><span style=\"color: rgb(75, 80, 88);\">4x Tekopper<\/span><\/li>\n<li><span style=\"color: rgb(75, 80, 88);\">1x Rejsetui<\/span><\/li>\n<\/ul>\n<p><span style=\"color: rgb(75, 80, 88);\">Produktspecifikationer:<\/span><\/p>\n<ul>\n<li><span style=\"color: rgb(75, 80, 88);\">Materiale: Keramik (H\u00e5ndvask anbefales)<\/span><\/li>\n<li><span style=\"color: rgb(75, 80, 88);\">Tekandekapacitet: 300 ml (10,1 fluid ounces)<\/span><\/li>\n<li><span style=\"color: rgb(75, 80, 88);\">Kopkapacitet: 50 ml (1,7 fluid ounces)<\/span><\/li>\n<li><span style=\"color: rgb(75, 80, 88);\">T\u00e5ler opvaskemaskine: Anbefales ikke<\/span><\/li>\n<li><span style=\"color: rgb(75, 80, 88);\">Mikrob\u00f8lgeovnssikker: Anbefales ikke<\/span><\/li>\n<\/ul>\n<p><span style=\"color: rgb(75, 80, 88);\">F\u00e5 din te i dag for at tilbyde dine kunder en forn\u00f8jelig teoplevelse, uanset hvor de befinder sig!<\/span><\/p>\n","protected":false},"excerpt":{"rendered":"<p>Vi pr\u00e6senterer det alsidige og stilfulde Travel Mountain-tekandes\u00e6t, perfekt til teentusiaster, der elsker at nyde deres yndlingsbrygget te p\u00e5 farten. Dette smukke s\u00e6t leveres med en multifunktionel tekande, der inkluderer en aftagelig teinfuser og fire matchende kopper, alt sammen elegant pakket i et elegant rejseetui. Tekanden har en gennemsigtig glaskrop prydet med et indviklet bjergdesign [&hellip;]<\/p>\n","protected":false},"featured_media":379799,"comment_status":"closed","ping_status":"open","template":"","meta":{"_angie_page":false},"product_brand":[],"product_cat":[5591,6264,5908,26684],"product_tag":[],"class_list":{"0":"post-199406","1":"product","2":"type-product","3":"status-publish","4":"has-post-thumbnail","6":"product_cat-hjem-og-have","7":"product_cat-kokkenprodukter-og-tilbehor","8":"product_cat-teer-og-te-udstyr","9":"product_cat-tekander-og-tekopper","10":"pa_collection-herbal-teapot-sets-da","11":"pa_made-in-kina","13":"first","14":"instock","15":"purchasable","16":"product-type-simple"},"supplier_id":null,"supplier_sku":"TeaP-27","barcode":null,"atum_controlled":true,"out_stock_date":null,"out_stock_threshold":null,"inheritable":false,"inbound_stock":null,"stock_on_hold":0,"sold_today":0,"sales_last_days":0,"reserved_stock":null,"customer_returns":null,"warehouse_damage":null,"lost_in_post":null,"other_logs":null,"out_stock_days":0,"lost_sales":0,"has_location":null,"update_date":"2026-05-04T00:04:59","atum_locations":[],"atum_stock_status":"instock","restock_status":false,"low_stock_amount":"","sales_update_date":"2026-02-06T00:02:29","calc_backorders":null,"_links":{"self":[{"href":"https:\/\/aromasentia.com\/da\/wp-json\/wp\/v2\/product\/199406","targetHints":{"allow":["GET"]}}],"collection":[{"href":"https:\/\/aromasentia.com\/da\/wp-json\/wp\/v2\/product"}],"about":[{"href":"https:\/\/aromasentia.com\/da\/wp-json\/wp\/v2\/types\/product"}],"replies":[{"embeddable":true,"href":"https:\/\/aromasentia.com\/da\/wp-json\/wp\/v2\/comments?post=199406"}],"version-history":[{"count":0,"href":"https:\/\/aromasentia.com\/da\/wp-json\/wp\/v2\/product\/199406\/revisions"}],"wp:featuredmedia":[{"embeddable":true,"href":"https:\/\/aromasentia.com\/da\/wp-json\/wp\/v2\/media\/379799"}],"wp:attachment":[{"href":"https:\/\/aromasentia.com\/da\/wp-json\/wp\/v2\/media?parent=199406"}],"wp:term":[{"taxonomy":"product_brand","embeddable":true,"href":"https:\/\/aromasentia.com\/da\/wp-json\/wp\/v2\/product_brand?post=199406"},{"taxonomy":"product_cat","embeddable":true,"href":"https:\/\/aromasentia.com\/da\/wp-json\/wp\/v2\/product_cat?post=199406"},{"taxonomy":"product_tag","embeddable":true,"href":"https:\/\/aromasentia.com\/da\/wp-json\/wp\/v2\/product_tag?post=199406"}],"curies":[{"name":"wp","href":"https:\/\/api.w.org\/{rel}","templated":true}]}}