{"id":199405,"date":"2025-03-22T16:06:20","date_gmt":"2025-03-22T16:06:20","guid":{"rendered":"https:\/\/aromasentia.com\/product\/herbal-jade-teapot-set-pot-two-cups\/"},"modified":"2025-06-22T03:19:44","modified_gmt":"2025-06-22T03:19:44","slug":"herbal-jade-tepotte-saet-kande-og-to-kopper","status":"publish","type":"product","link":"https:\/\/aromasentia.com\/da\/herbal-jade-tepotte-saet-kande-og-to-kopper\/","title":{"rendered":"Herbal Jade Tepotte S\u00e6t &#8211; Kande Og To Kopper"},"content":{"rendered":"<p><span style=\"color: rgb(75, 80, 88);\">Fortryll dine kunder med den beroligende elegance i vores Herbal Jade tekandes\u00e6t. Dette fantastiske s\u00e6t indeholder en fint fremstillet tekande og to matchende kopper, perfekt til at skabe en rolig og elegant teoplevelse.<\/span><\/p>\n<p><span style=\"color: rgb(75, 80, 88);\">Tekanden har en glat jadegr\u00f8n finish og et elegant, moderne design, kombineret med et robust guldtonet h\u00e5ndtag for et ekstra strejf af luksus. Den ergonomiske tud er designet til at give en ubesv\u00e6ret h\u00e6ldeoplevelse. Tekanden ledsages af to matchende jadegr\u00f8nne kopper, der skaber et sammenh\u00e6ngende og elegant s\u00e6t.<\/span><\/p>\n<p><span style=\"color: rgb(75, 80, 88);\">S\u00e6ttet indeholder:<\/span><\/p>\n<ul>\n<li><span style=\"color: rgb(75, 80, 88);\">1x Tekande<\/span><\/li>\n<li><span style=\"color: rgb(75, 80, 88);\">2x Tekande<\/span><\/li>\n<\/ul>\n<p><span style=\"color: rgb(75, 80, 88);\">Produktspecifikationer:<\/span><\/p>\n<ul>\n<li><span style=\"color: rgb(75, 80, 88);\">Materiale: Keramik (H\u00e5ndvask anbefales)<\/span><\/li>\n<li><span style=\"color: rgb(75, 80, 88);\">Tekandens kapacitet: 200 ml (6,8 v\u00e6ske) ounces)<\/span><\/li>\n<li><span style=\"color: rgb(75, 80, 88);\">Kopkapacitet: 50 ml (1,7 fluid ounces)<\/span><\/li>\n<li><span style=\"color: rgb(75, 80, 88);\">T\u00e5ler opvaskemaskine: Anbefales ikke<\/span><\/li>\n<li><span style=\"color: rgb(75, 80, 88);\">Mikrob\u00f8lgeovnssikker: Anbefales ikke<\/span><\/li>\n<\/ul>\n<p><span style=\"color: rgb(75, 80, 88);\">F\u00e5 et lager i dag for at tilbyde dine kunder en dejlig teoplevelse, de vil v\u00e6rds\u00e6tte.<\/span><\/p>\n","protected":false},"excerpt":{"rendered":"<p>Fortryll dine kunder med den beroligende elegance i vores Herbal Jade tekandes\u00e6t. Dette fantastiske s\u00e6t indeholder en fint fremstillet tekande og to matchende kopper, perfekt til at skabe en rolig og elegant teoplevelse. Tekanden har en glat jadegr\u00f8n finish og et elegant, moderne design, kombineret med et robust guldtonet h\u00e5ndtag for et ekstra strejf af [&hellip;]<\/p>\n","protected":false},"featured_media":379758,"comment_status":"closed","ping_status":"open","template":"","meta":[],"product_brand":[],"product_cat":[5591,25634,6264,25222,5908,26684],"product_tag":[],"class_list":{"0":"post-199405","1":"product","2":"type-product","3":"status-publish","4":"has-post-thumbnail","6":"product_cat-hjem-og-have","7":"product_cat-jade","8":"product_cat-kokkenprodukter-og-tilbehor","9":"product_cat-krystaller-og-sten","10":"product_cat-teer-og-te-udstyr","11":"product_cat-tekander-og-tekopper","12":"pa_collection-herbal-teapot-sets-da","13":"pa_made-in-kina","15":"first","16":"instock","17":"purchasable","18":"product-type-simple"},"supplier_id":null,"supplier_sku":"TeaP-26","barcode":null,"atum_controlled":true,"out_stock_date":null,"out_stock_threshold":null,"inheritable":false,"inbound_stock":null,"stock_on_hold":0,"sold_today":0,"sales_last_days":0,"reserved_stock":null,"customer_returns":null,"warehouse_damage":null,"lost_in_post":null,"other_logs":null,"out_stock_days":0,"lost_sales":0,"has_location":null,"update_date":"2026-02-11T08:31:01","atum_locations":[],"atum_stock_status":"instock","restock_status":false,"low_stock_amount":"","sales_update_date":"2025-09-04T00:30:33","calc_backorders":null,"_links":{"self":[{"href":"https:\/\/aromasentia.com\/da\/wp-json\/wp\/v2\/product\/199405","targetHints":{"allow":["GET"]}}],"collection":[{"href":"https:\/\/aromasentia.com\/da\/wp-json\/wp\/v2\/product"}],"about":[{"href":"https:\/\/aromasentia.com\/da\/wp-json\/wp\/v2\/types\/product"}],"replies":[{"embeddable":true,"href":"https:\/\/aromasentia.com\/da\/wp-json\/wp\/v2\/comments?post=199405"}],"version-history":[{"count":0,"href":"https:\/\/aromasentia.com\/da\/wp-json\/wp\/v2\/product\/199405\/revisions"}],"wp:featuredmedia":[{"embeddable":true,"href":"https:\/\/aromasentia.com\/da\/wp-json\/wp\/v2\/media\/379758"}],"wp:attachment":[{"href":"https:\/\/aromasentia.com\/da\/wp-json\/wp\/v2\/media?parent=199405"}],"wp:term":[{"taxonomy":"product_brand","embeddable":true,"href":"https:\/\/aromasentia.com\/da\/wp-json\/wp\/v2\/product_brand?post=199405"},{"taxonomy":"product_cat","embeddable":true,"href":"https:\/\/aromasentia.com\/da\/wp-json\/wp\/v2\/product_cat?post=199405"},{"taxonomy":"product_tag","embeddable":true,"href":"https:\/\/aromasentia.com\/da\/wp-json\/wp\/v2\/product_tag?post=199405"}],"curies":[{"name":"wp","href":"https:\/\/api.w.org\/{rel}","templated":true}]}}