{"id":199404,"date":"2025-03-22T16:06:20","date_gmt":"2025-03-22T16:06:20","guid":{"rendered":"https:\/\/aromasentia.com\/product\/herbal-blues-teapot-set-pot-four-cups\/"},"modified":"2025-06-22T03:19:44","modified_gmt":"2025-06-22T03:19:44","slug":"herbal-blues-tepotte-saet-kande-og-fire-kopper","status":"publish","type":"product","link":"https:\/\/aromasentia.com\/da\/herbal-blues-tepotte-saet-kande-og-fire-kopper\/","title":{"rendered":"Herbal Blues Tepotte S\u00e6t &#8211; Kande Og Fire Kopper"},"content":{"rendered":"<p><span style=\"color: rgb(75, 80, 88);\">Lav dit produktsortiment et l\u00f8ft med det betagende Herbal Blues tekandes\u00e6t. Dette elegante s\u00e6t er ideelt til teentusiaster og inkluderer en smukt fremstillet tekande og fire matchende kopper.<\/span><\/p>\n<p><span style=\"color: rgb(75, 80, 88);\">Tekanden har en blank bl\u00e5 finish med delikate, kunstneriske gradienter, der skaber et roligt og raffineret udseende. Dens ergonomiske h\u00e5ndtag og perfekt formede tud sikrer en j\u00e6vn og ubesv\u00e6ret oph\u00e6ldning hver gang. S\u00e6ttet indeholder ogs\u00e5 fire matchende kopper, hver med en fantastisk bl\u00e5 glasur, der komplementerer tekanden.<\/span><\/p>\n<p><span style=\"color: rgb(75, 80, 88);\">S\u00e6ttet indeholder:<\/span><\/p>\n<ul>\n<li><span style=\"color: rgb(75, 80, 88);\">1x Tekande<\/span><\/li>\n<li><span style=\"color: rgb(75, 80, 88);\">4x Tekopper<\/span><\/li>\n<\/ul>\n<p><span style=\"color: rgb(75, 80, 88);\">Produktspecifikationer:<\/span><\/p>\n<ul>\n<li><span style=\"color: rgb(75, 80, 88);\">Materiale: Keramik (H\u00e5ndvask anbefales)<\/span><\/li>\n<li><span style=\"color: rgb(75, 80, 88);\">Tekandens kapacitet: 200 ml (6,8 v\u00e6ske) ounces)<\/span><\/li>\n<li><span style=\"color: rgb(75, 80, 88);\">Kopkapacitet: 30 ml (1 fluid ounce)<\/span><\/li>\n<li><span style=\"color: rgb(75, 80, 88);\">T\u00e5ler opvaskemaskine: Anbefales ikke<\/span><\/li>\n<li><span style=\"color: rgb(75, 80, 88);\">Mikrob\u00f8lgeovnssikker: Anbefales ikke<\/span><\/li>\n<\/ul>\n<p><span style=\"color: rgb(75, 80, 88);\">F\u00e5 dit lager op i dag for at tilbyde dine kunder en charmerende teoplevelse, de vil elske!<\/span><\/p>\n","protected":false},"excerpt":{"rendered":"<p>Lav dit produktsortiment et l\u00f8ft med det betagende Herbal Blues tekandes\u00e6t. Dette elegante s\u00e6t er ideelt til teentusiaster og inkluderer en smukt fremstillet tekande og fire matchende kopper. Tekanden har en blank bl\u00e5 finish med delikate, kunstneriske gradienter, der skaber et roligt og raffineret udseende. Dens ergonomiske h\u00e5ndtag og perfekt formede tud sikrer en j\u00e6vn [&hellip;]<\/p>\n","protected":false},"featured_media":379717,"comment_status":"closed","ping_status":"open","template":"","meta":{"_angie_page":false},"product_brand":[],"product_cat":[5591,6264,5908,26684],"product_tag":[],"class_list":{"0":"post-199404","1":"product","2":"type-product","3":"status-publish","4":"has-post-thumbnail","6":"product_cat-hjem-og-have","7":"product_cat-kokkenprodukter-og-tilbehor","8":"product_cat-teer-og-te-udstyr","9":"product_cat-tekander-og-tekopper","10":"pa_collection-herbal-teapot-sets-da","11":"pa_made-in-kina","13":"first","14":"instock","15":"purchasable","16":"product-type-simple"},"supplier_id":null,"supplier_sku":"TeaP-24","barcode":null,"atum_controlled":true,"out_stock_date":null,"out_stock_threshold":null,"inheritable":false,"inbound_stock":null,"stock_on_hold":0,"sold_today":0,"sales_last_days":0,"reserved_stock":null,"customer_returns":null,"warehouse_damage":null,"lost_in_post":null,"other_logs":null,"out_stock_days":0,"lost_sales":0,"has_location":null,"update_date":"2026-05-04T00:04:59","atum_locations":[],"atum_stock_status":"instock","restock_status":false,"low_stock_amount":"","sales_update_date":"2025-09-04T00:30:32","calc_backorders":null,"_links":{"self":[{"href":"https:\/\/aromasentia.com\/da\/wp-json\/wp\/v2\/product\/199404","targetHints":{"allow":["GET"]}}],"collection":[{"href":"https:\/\/aromasentia.com\/da\/wp-json\/wp\/v2\/product"}],"about":[{"href":"https:\/\/aromasentia.com\/da\/wp-json\/wp\/v2\/types\/product"}],"replies":[{"embeddable":true,"href":"https:\/\/aromasentia.com\/da\/wp-json\/wp\/v2\/comments?post=199404"}],"version-history":[{"count":0,"href":"https:\/\/aromasentia.com\/da\/wp-json\/wp\/v2\/product\/199404\/revisions"}],"wp:featuredmedia":[{"embeddable":true,"href":"https:\/\/aromasentia.com\/da\/wp-json\/wp\/v2\/media\/379717"}],"wp:attachment":[{"href":"https:\/\/aromasentia.com\/da\/wp-json\/wp\/v2\/media?parent=199404"}],"wp:term":[{"taxonomy":"product_brand","embeddable":true,"href":"https:\/\/aromasentia.com\/da\/wp-json\/wp\/v2\/product_brand?post=199404"},{"taxonomy":"product_cat","embeddable":true,"href":"https:\/\/aromasentia.com\/da\/wp-json\/wp\/v2\/product_cat?post=199404"},{"taxonomy":"product_tag","embeddable":true,"href":"https:\/\/aromasentia.com\/da\/wp-json\/wp\/v2\/product_tag?post=199404"}],"curies":[{"name":"wp","href":"https:\/\/api.w.org\/{rel}","templated":true}]}}