{"id":199403,"date":"2025-03-22T16:06:20","date_gmt":"2025-03-22T16:06:20","guid":{"rendered":"https:\/\/aromasentia.com\/product\/herbal-orange-teapot-set-pot-four-cups\/"},"modified":"2025-06-22T03:19:43","modified_gmt":"2025-06-22T03:19:43","slug":"herbal-orange-tepotte-saet-kande-og-fire-kopper","status":"publish","type":"product","link":"https:\/\/aromasentia.com\/da\/herbal-orange-tepotte-saet-kande-og-fire-kopper\/","title":{"rendered":"Herbal Orange Tepotte S\u00e6t &#8211; Kande Og Fire Kopper"},"content":{"rendered":"<p><span style=\"color: rgb(75, 80, 88);\">Appeller til sofistikerede teelskere med vores livlige urte-orange tekandes\u00e6t, en fantastisk tilf\u00f8jelse til enhver butik, der prioriterer b\u00e5de kvalitet og stil. Dette dejlige s\u00e6t er designet til at tiltr\u00e6kke kunder, der s\u00e6tter pris p\u00e5 en blanding af funktionalitet og visuel charme, hvilket g\u00f8r det til et fremragende valg til dit lager.<\/span><\/p>\n<p><span style=\"color: rgb(75, 80, 88);\">S\u00e6ttet indeholder en tekande designet til at ligne en fyldig appelsin, sammen med fire matchende kopper med et tekstureret appelsinskalm\u00f8nster.<\/span><\/p>\n<p><span style=\"color: rgb(75, 80, 88);\">Med sit lyse og legende design skiller dette s\u00e6t sig ud i ethvert detailmilj\u00f8, fra hyggelige boutiquebutikker til st\u00f8rre forretninger.<\/span><\/p>\n<p><span style=\"color: rgb(75, 80, 88);\">S\u00e6ttet indeholder:<\/span><\/p>\n<ul>\n<li><span style=\"color: rgb(75, 80, 88);\">1x Tekande<\/span><\/li>\n<li><span style=\"color: rgb(75, 80, 88);\">4x Tekopper<\/span><\/li>\n<\/ul>\n<p><span style=\"color: rgb(75, 80, 88);\">Produktspecifikationer:<\/span><\/p>\n<ul>\n<li><span style=\"color: rgb(75, 80, 88);\">Materiale: Keramik (H\u00e5ndvask anbefales)<\/span><\/li>\n<li><span style=\"color: rgb(75, 80, 88);\">Tekandekapacitet: 200 ml (6,8 fluid ounces)<\/span><\/li>\n<li><span style=\"color: rgb(75, 80, 88);\">Kopkapacitet: 50 ml (1,7 fluid ounces)<\/span><\/li>\n<li><span style=\"color: rgb(75, 80, 88);\">T\u00e5ler opvaskemaskine: Anbefales ikke<\/span><\/li>\n<li><span style=\"color: rgb(75, 80, 88);\">Mikrob\u00f8lgeovnsegnet: Anbefales ikke<\/span><\/li>\n<\/ul>\n<p><span style=\"color: rgb(75, 80, 88);\">S\u00e6t dit lager op i dag for at tilbyde dine kunder en dejlig og unik teoplevelse, de vil elske.<\/span><\/p>\n","protected":false},"excerpt":{"rendered":"<p>Appeller til sofistikerede teelskere med vores livlige urte-orange tekandes\u00e6t, en fantastisk tilf\u00f8jelse til enhver butik, der prioriterer b\u00e5de kvalitet og stil. Dette dejlige s\u00e6t er designet til at tiltr\u00e6kke kunder, der s\u00e6tter pris p\u00e5 en blanding af funktionalitet og visuel charme, hvilket g\u00f8r det til et fremragende valg til dit lager. S\u00e6ttet indeholder en tekande [&hellip;]<\/p>\n","protected":false},"featured_media":379668,"comment_status":"closed","ping_status":"open","template":"","meta":{"_angie_page":false},"product_brand":[],"product_cat":[5591,6264,5908,26684],"product_tag":[],"class_list":{"0":"post-199403","1":"product","2":"type-product","3":"status-publish","4":"has-post-thumbnail","6":"product_cat-hjem-og-have","7":"product_cat-kokkenprodukter-og-tilbehor","8":"product_cat-teer-og-te-udstyr","9":"product_cat-tekander-og-tekopper","10":"pa_collection-herbal-teapot-sets-da","11":"pa_made-in-kina","13":"first","14":"instock","15":"purchasable","16":"product-type-simple"},"supplier_id":null,"supplier_sku":"TeaP-23","barcode":null,"atum_controlled":true,"out_stock_date":null,"out_stock_threshold":null,"inheritable":false,"inbound_stock":null,"stock_on_hold":0,"sold_today":0,"sales_last_days":0,"reserved_stock":null,"customer_returns":null,"warehouse_damage":null,"lost_in_post":null,"other_logs":null,"out_stock_days":0,"lost_sales":0,"has_location":null,"update_date":"2026-04-27T07:24:30","atum_locations":[],"atum_stock_status":"instock","restock_status":false,"low_stock_amount":"","sales_update_date":"2025-09-04T00:30:32","calc_backorders":null,"_links":{"self":[{"href":"https:\/\/aromasentia.com\/da\/wp-json\/wp\/v2\/product\/199403","targetHints":{"allow":["GET"]}}],"collection":[{"href":"https:\/\/aromasentia.com\/da\/wp-json\/wp\/v2\/product"}],"about":[{"href":"https:\/\/aromasentia.com\/da\/wp-json\/wp\/v2\/types\/product"}],"replies":[{"embeddable":true,"href":"https:\/\/aromasentia.com\/da\/wp-json\/wp\/v2\/comments?post=199403"}],"version-history":[{"count":0,"href":"https:\/\/aromasentia.com\/da\/wp-json\/wp\/v2\/product\/199403\/revisions"}],"wp:featuredmedia":[{"embeddable":true,"href":"https:\/\/aromasentia.com\/da\/wp-json\/wp\/v2\/media\/379668"}],"wp:attachment":[{"href":"https:\/\/aromasentia.com\/da\/wp-json\/wp\/v2\/media?parent=199403"}],"wp:term":[{"taxonomy":"product_brand","embeddable":true,"href":"https:\/\/aromasentia.com\/da\/wp-json\/wp\/v2\/product_brand?post=199403"},{"taxonomy":"product_cat","embeddable":true,"href":"https:\/\/aromasentia.com\/da\/wp-json\/wp\/v2\/product_cat?post=199403"},{"taxonomy":"product_tag","embeddable":true,"href":"https:\/\/aromasentia.com\/da\/wp-json\/wp\/v2\/product_tag?post=199403"}],"curies":[{"name":"wp","href":"https:\/\/api.w.org\/{rel}","templated":true}]}}