{"id":199402,"date":"2025-03-22T16:06:20","date_gmt":"2025-03-22T16:06:20","guid":{"rendered":"https:\/\/aromasentia.com\/product\/kung-fu-panda-teapot-set-two-cups-travel-pack\/"},"modified":"2025-06-22T03:19:43","modified_gmt":"2025-06-22T03:19:43","slug":"kung-fu-panda-tepotte-saet-to-kopper-rejsepakke","status":"publish","type":"product","link":"https:\/\/aromasentia.com\/da\/kung-fu-panda-tepotte-saet-to-kopper-rejsepakke\/","title":{"rendered":"Kung Fu Panda Tepotte S\u00e6t &#8211; To Kopper &#8211; Rejsepakke"},"content":{"rendered":"<p><span style=\"color: rgb(75, 80, 88);\">Introducer en legende og charmerende tilf\u00f8jelse til dine detailvarer med <strong>Kung Fu Panda tekandes\u00e6ttet<\/strong>. Dette yndige s\u00e6t er perfekt designet til teelskere og indeholder en unikt fremstillet tekande og to matchende kopper, alt sammen p\u00e6nt pakket i et<strong>&nbsp;stilfuldt rejseetui<\/strong>.<\/span><\/p>\n<p><span style=\"color: rgb(75, 80, 88);\">Tekanden har et dejligt pandansigt med udtryksfulde \u00f8jne og et venligt smil. L\u00e5get ligner en traditionel kinesisk hat i en gylden farve, hvilket tilf\u00f8jer et strejf af kulturel charme. H\u00e5ndtagene er prydet med s\u00f8de pandapoteaftryk, der fremh\u00e6ver det legende design. Derudover har tekanden en aftagelig teinfuser i rustfrit st\u00e5l, der g\u00f8r det nemt at brygge l\u00f8se teblade og reng\u00f8re den bagefter.<\/span><\/p>\n<p><span style=\"color: rgb(75, 80, 88);\">Begge kopper har h\u00e6vede pandapoteaftryk p\u00e5 den ydre bund. Den hvide kop har en hvid pandapote, mens den sorte kop ogs\u00e5 har en hvid pandapote. Disse h\u00e6vede poter tilf\u00f8jer ikke kun et finurligt touch, men g\u00f8r det ogs\u00e5 muligt for kopperne at st\u00e5 p\u00e5 poterne, hvilket skaber en engagerende og sjov teoplevelse.<\/span><\/p>\n<p><span style=\"color: rgb(75, 80, 88);\">S\u00e6ttet leveres med et livligt orange rejseetui, der er designet til nem transport og opbevaring. Etuiet er lavet af slidst\u00e6rkt materiale med hvide syninger for ekstra styrke og \u00e6stetisk appel og har sikre trykknapper p\u00e5 siderne. Indvendigt er etuiet foret med et bl\u00f8dt, polstret materiale for at beskytte tekanden og kopperne mod skader.<\/span><\/p>\n<p><span style=\"color: rgb(75, 80, 88);\"><strong>S\u00e6ttet indeholder:<\/strong><\/span><\/p>\n<ul>\n<li><span style=\"color: rgb(75, 80, 88);\"><em>1x Tekande med teinfuser<\/em><\/span><\/li>\n<li><em><span style=\"color: rgb(75, 80, 88);\">2x Tekop<\/span><\/em><\/li>\n<li><span style=\"color: rgb(75, 80, 88);\"><em>1x Rejsetui<\/em><\/span><\/li>\n<\/ul>\n<p><span style=\"color: rgb(75, 80, 88);\"><strong>Produktspecifikationer:<\/strong><\/span><\/p>\n<ul>\n<li><span style=\"color: rgb(75, 80, 88);\"><em>Materiale: Keramik, rustfrit st\u00e5l (H\u00e5ndvask anbefales)<\/em><\/span><\/li>\n<li><em><span style=\"color: rgb(75, 80, 88);\">Tekandekapacitet: ca. 210 ml (ca. 7,1 fluid ounces)<\/span><\/em><\/li>\n<li><em><span style=\"color: rgb(75, 80, 88);\">Kopkapacitet: ca. 50 ml (ca. 1,7 fluid ounces)<\/span><\/em><\/li>\n<li><em><span style=\"color: rgb(75, 80, 88);\">T\u00e5ler opvaskemaskine: Anbefales ikke<\/span><\/em><\/li>\n<li><span style=\"color: rgb(75, 80, 88);\"><em>Mikrob\u00f8lgeovnssikker: Anbefales ikke<\/em><\/span><\/li>\n<\/ul>\n<p><span style=\"color: rgb(75, 80, 88);\">Tilf\u00f8j til din portef\u00f8lje eller fyld op nu for at tilbyde dine kunder en dejlig teoplevelse, de vil v\u00e6rds\u00e6tte.<\/span><\/p>\n","protected":false},"excerpt":{"rendered":"<p>Introducer en legende og charmerende tilf\u00f8jelse til dine detailvarer med Kung Fu Panda tekandes\u00e6ttet. Dette yndige s\u00e6t er perfekt designet til teelskere og indeholder en unikt fremstillet tekande og to matchende kopper, alt sammen p\u00e6nt pakket i et&nbsp;stilfuldt rejseetui. Tekanden har et dejligt pandansigt med udtryksfulde \u00f8jne og et venligt smil. L\u00e5get ligner en traditionel [&hellip;]<\/p>\n","protected":false},"featured_media":379611,"comment_status":"closed","ping_status":"open","template":"","meta":[],"product_brand":[],"product_cat":[5591,6264,5908,26684],"product_tag":[],"class_list":{"0":"post-199402","1":"product","2":"type-product","3":"status-publish","4":"has-post-thumbnail","6":"product_cat-hjem-og-have","7":"product_cat-kokkenprodukter-og-tilbehor","8":"product_cat-teer-og-te-udstyr","9":"product_cat-tekander-og-tekopper","10":"pa_collection-herbal-teapot-sets-da","11":"pa_made-in-kina","13":"first","14":"instock","15":"purchasable","16":"product-type-simple"},"supplier_id":null,"supplier_sku":"TeaP-31","barcode":null,"atum_controlled":true,"out_stock_date":null,"out_stock_threshold":null,"inheritable":false,"inbound_stock":null,"stock_on_hold":0,"sold_today":0,"sales_last_days":0,"reserved_stock":null,"customer_returns":null,"warehouse_damage":null,"lost_in_post":null,"other_logs":null,"out_stock_days":0,"lost_sales":0,"has_location":null,"update_date":"2026-02-11T08:32:11","atum_locations":[],"atum_stock_status":"instock","restock_status":false,"low_stock_amount":"","sales_update_date":"2025-09-04T00:30:32","calc_backorders":null,"_links":{"self":[{"href":"https:\/\/aromasentia.com\/da\/wp-json\/wp\/v2\/product\/199402","targetHints":{"allow":["GET"]}}],"collection":[{"href":"https:\/\/aromasentia.com\/da\/wp-json\/wp\/v2\/product"}],"about":[{"href":"https:\/\/aromasentia.com\/da\/wp-json\/wp\/v2\/types\/product"}],"replies":[{"embeddable":true,"href":"https:\/\/aromasentia.com\/da\/wp-json\/wp\/v2\/comments?post=199402"}],"version-history":[{"count":0,"href":"https:\/\/aromasentia.com\/da\/wp-json\/wp\/v2\/product\/199402\/revisions"}],"wp:featuredmedia":[{"embeddable":true,"href":"https:\/\/aromasentia.com\/da\/wp-json\/wp\/v2\/media\/379611"}],"wp:attachment":[{"href":"https:\/\/aromasentia.com\/da\/wp-json\/wp\/v2\/media?parent=199402"}],"wp:term":[{"taxonomy":"product_brand","embeddable":true,"href":"https:\/\/aromasentia.com\/da\/wp-json\/wp\/v2\/product_brand?post=199402"},{"taxonomy":"product_cat","embeddable":true,"href":"https:\/\/aromasentia.com\/da\/wp-json\/wp\/v2\/product_cat?post=199402"},{"taxonomy":"product_tag","embeddable":true,"href":"https:\/\/aromasentia.com\/da\/wp-json\/wp\/v2\/product_tag?post=199402"}],"curies":[{"name":"wp","href":"https:\/\/api.w.org\/{rel}","templated":true}]}}