{"id":199401,"date":"2025-03-22T16:06:20","date_gmt":"2025-03-22T16:06:20","guid":{"rendered":"https:\/\/aromasentia.com\/product\/herbal-black-glaze-teapot-set-pot-two-cups\/"},"modified":"2025-06-22T03:19:41","modified_gmt":"2025-06-22T03:19:41","slug":"herbal-black-glaze-tepotte-saet-kande-og-to-kopper","status":"publish","type":"product","link":"https:\/\/aromasentia.com\/da\/herbal-black-glaze-tepotte-saet-kande-og-to-kopper\/","title":{"rendered":"Herbal Black Glaze Tepotte S\u00e6t &#8211; Kande Og To Kopper"},"content":{"rendered":"<p><span style=\"color: rgb(75, 80, 88);\">Fortryll dine kunder med det sofistikerede <strong>Herbal Black Glaze tekandes\u00e6t<\/strong>, en perfekt blanding af elegance og funktionalitet. Dette uds\u00f8gte s\u00e6t indeholder en smukt fremstillet tekande og to matchende kopper, ideelt til teentusiaster, der s\u00f8ger en raffineret teoplevelse.<\/span><\/p>\n<p><span style=\"color: rgb(75, 80, 88);\">Tekanden har en fantastisk sort glasur med kunstneriske, teksturerede accenter, der tilf\u00f8jer et strejf af elegance. Dens glatte finish og ergonomiske h\u00e5ndtag sikrer en behagelig og stilfuld h\u00e6ldeoplevelse. S\u00e6ttet indeholder ogs\u00e5 to matchende kopper, hver med et unikt sort glasurindl\u00e6g, der komplementerer tekanden.<\/span><\/p>\n<p><span style=\"color: rgb(75, 80, 88);\"><strong>S\u00e6ttet indeholder:<\/strong><\/span><\/p>\n<ul>\n<li><span style=\"color: rgb(75, 80, 88);\"><em>1x Tekande<\/em><\/span><\/li>\n<li><span style=\"color: rgb(75, 80, 88);\"><em>2x Tekop<\/em><\/span><\/li>\n<\/ul>\n<p><span style=\"color: rgb(75, 80, 88);\"><strong>Produktspecifikationer:<\/strong><\/span><\/p>\n<ul>\n<li><span style=\"color: rgb(75, 80, 88);\"><em>Materiale: Keramik (H\u00e5ndvask anbefales)<\/em><\/span><\/li>\n<li><em><span style=\"color: rgb(75, 80, 88);\">Tekandekapacitet: ca. 200 ml (ca. 6,8 fluid ounces)<\/span><\/em><\/li>\n<li><em><span style=\"color: rgb(75, 80, 88);\">Kopkapacitet: ca. 50 ml (ca. 1,7 fluid ounces)<\/span><\/em><\/li>\n<li><em><span style=\"color: rgb(75, 80, 88);\">Opvaskemaskine-sikker: Anbefales ikke<\/span><\/em><\/li>\n<li><em><span style=\"color: rgb(75, 80, 88);\">Mikrob\u00f8lgeovn-sikker: Anbefales ikke<\/span><\/em><\/li>\n<\/ul>\n<p><span style=\"color: rgb(75, 80, 88);\"><em>Tilf\u00f8j til din portef\u00f8lje eller fyld op nu for at <\/em> tilbyde dine kunder en dejlig teoplevelse, de vil v\u00e6rds\u00e6tte.<\/span><\/p>\n","protected":false},"excerpt":{"rendered":"<p>Fortryll dine kunder med det sofistikerede Herbal Black Glaze tekandes\u00e6t, en perfekt blanding af elegance og funktionalitet. Dette uds\u00f8gte s\u00e6t indeholder en smukt fremstillet tekande og to matchende kopper, ideelt til teentusiaster, der s\u00f8ger en raffineret teoplevelse. Tekanden har en fantastisk sort glasur med kunstneriske, teksturerede accenter, der tilf\u00f8jer et strejf af elegance. Dens glatte [&hellip;]<\/p>\n","protected":false},"featured_media":379562,"comment_status":"closed","ping_status":"open","template":"","meta":{"_angie_page":false},"product_brand":[],"product_cat":[5591,6264,5908,26684],"product_tag":[],"class_list":{"0":"post-199401","1":"product","2":"type-product","3":"status-publish","4":"has-post-thumbnail","6":"product_cat-hjem-og-have","7":"product_cat-kokkenprodukter-og-tilbehor","8":"product_cat-teer-og-te-udstyr","9":"product_cat-tekander-og-tekopper","10":"pa_collection-herbal-teapot-sets-da","11":"pa_made-in-kina","13":"first","14":"instock","15":"purchasable","16":"product-type-simple"},"supplier_id":null,"supplier_sku":"TeaP-25","barcode":null,"atum_controlled":true,"out_stock_date":null,"out_stock_threshold":null,"inheritable":false,"inbound_stock":null,"stock_on_hold":0,"sold_today":0,"sales_last_days":0,"reserved_stock":null,"customer_returns":null,"warehouse_damage":null,"lost_in_post":null,"other_logs":null,"out_stock_days":0,"lost_sales":0,"has_location":null,"update_date":"2026-05-04T00:04:59","atum_locations":[],"atum_stock_status":"instock","restock_status":false,"low_stock_amount":"","sales_update_date":"2025-09-04T00:30:32","calc_backorders":null,"_links":{"self":[{"href":"https:\/\/aromasentia.com\/da\/wp-json\/wp\/v2\/product\/199401","targetHints":{"allow":["GET"]}}],"collection":[{"href":"https:\/\/aromasentia.com\/da\/wp-json\/wp\/v2\/product"}],"about":[{"href":"https:\/\/aromasentia.com\/da\/wp-json\/wp\/v2\/types\/product"}],"replies":[{"embeddable":true,"href":"https:\/\/aromasentia.com\/da\/wp-json\/wp\/v2\/comments?post=199401"}],"version-history":[{"count":0,"href":"https:\/\/aromasentia.com\/da\/wp-json\/wp\/v2\/product\/199401\/revisions"}],"wp:featuredmedia":[{"embeddable":true,"href":"https:\/\/aromasentia.com\/da\/wp-json\/wp\/v2\/media\/379562"}],"wp:attachment":[{"href":"https:\/\/aromasentia.com\/da\/wp-json\/wp\/v2\/media?parent=199401"}],"wp:term":[{"taxonomy":"product_brand","embeddable":true,"href":"https:\/\/aromasentia.com\/da\/wp-json\/wp\/v2\/product_brand?post=199401"},{"taxonomy":"product_cat","embeddable":true,"href":"https:\/\/aromasentia.com\/da\/wp-json\/wp\/v2\/product_cat?post=199401"},{"taxonomy":"product_tag","embeddable":true,"href":"https:\/\/aromasentia.com\/da\/wp-json\/wp\/v2\/product_tag?post=199401"}],"curies":[{"name":"wp","href":"https:\/\/api.w.org\/{rel}","templated":true}]}}