{"id":199395,"date":"2025-03-22T16:06:20","date_gmt":"2025-03-22T16:06:20","guid":{"rendered":"https:\/\/aromasentia.com\/product\/herbal-tea-cups-butterflies\/"},"modified":"2025-06-22T03:19:38","modified_gmt":"2025-06-22T03:19:38","slug":"tekopper-sommerfugle","status":"publish","type":"product","link":"https:\/\/aromasentia.com\/da\/tekopper-sommerfugle\/","title":{"rendered":"Tekopper &#8211; Sommerfugle"},"content":{"rendered":"<p><span style=\"color: rgb(75, 80, 88);\"><strong>Dyk ned i en verden af fortryllende teoplevelser med vores kollektion af urtetekopper.<\/strong><\/span><\/p>\n<p><span style=\"color: rgb(75, 80, 88);\">Disse kopper er fremstillet af holdbart keramik og rummer 190 ml v\u00e6ske. De s\u00e6lges i praktiske s\u00e6t med 6, hvilket giver dig fleksibiliteten til at tilbyde dem individuelt eller i tilpassede m\u00e6ngder, s\u00e5 dine kunder kan sammens\u00e6tte deres egne unikke tekollektioner.<\/span><\/p>\n<p><span style=\"color: rgb(75, 80, 88);\"><strong>Designet til at forbedre b\u00e5de de \u00e6stetiske og sensoriske aspekter af te-ritualet.<\/strong>Et must-have for enhver detailhandler, der \u00f8nsker at give sine kunder en dejlig teoplevelse. &nbsp;<\/span><\/p>\n<p><span style=\"color: rgb(75, 80, 88);\"><strong>Flad ind i en verden af ynde og lune med Butterflies-designet.<\/strong> Delikat og charmerende, hver kop har indviklede sommerfuglemotiver, der danser hen over overfladen og forvandler tetiden til en fortryllende rejse.<\/span> <\/p>\n<p><span style=\"color: rgb(75, 80, 88);\"><strong>Produktm\u00e5l:&nbsp;<\/strong><\/span><\/p>\n<p><span style=\"color: rgb(75, 80, 88);\"><em>Ca. 8 cm h\u00f8j x 6,5 cm i diameter.&nbsp;<\/em><\/span><\/p>\n<p><span style=\"color: rgb(75, 80, 88);\"><strong>Volumen:&nbsp;<\/strong><em>Ca. 190 ml.<\/em><\/span><\/p>\n","protected":false},"excerpt":{"rendered":"<p>Dyk ned i en verden af fortryllende teoplevelser med vores kollektion af urtetekopper. Disse kopper er fremstillet af holdbart keramik og rummer 190 ml v\u00e6ske. De s\u00e6lges i praktiske s\u00e6t med 6, hvilket giver dig fleksibiliteten til at tilbyde dem individuelt eller i tilpassede m\u00e6ngder, s\u00e5 dine kunder kan sammens\u00e6tte deres egne unikke tekollektioner. Designet [&hellip;]<\/p>\n","protected":false},"featured_media":379492,"comment_status":"closed","ping_status":"open","template":"","meta":{"_angie_page":false},"product_brand":[],"product_cat":[5591,6264,5908,26684],"product_tag":[],"class_list":{"0":"post-199395","1":"product","2":"type-product","3":"status-publish","4":"has-post-thumbnail","6":"product_cat-hjem-og-have","7":"product_cat-kokkenprodukter-og-tilbehor","8":"product_cat-teer-og-te-udstyr","9":"product_cat-tekander-og-tekopper","10":"pa_collection-herbal-teapot-sets-da","11":"pa_made-in-kina","13":"first","14":"instock","15":"purchasable","16":"product-type-simple"},"supplier_id":null,"supplier_sku":"TeaP-17","barcode":null,"atum_controlled":true,"out_stock_date":null,"out_stock_threshold":null,"inheritable":false,"inbound_stock":null,"stock_on_hold":0,"sold_today":0,"sales_last_days":0,"reserved_stock":null,"customer_returns":null,"warehouse_damage":null,"lost_in_post":null,"other_logs":null,"out_stock_days":0,"lost_sales":0,"has_location":null,"update_date":"2026-04-27T07:24:30","atum_locations":[],"atum_stock_status":"instock","restock_status":false,"low_stock_amount":"","sales_update_date":"2026-01-30T01:24:48","calc_backorders":null,"_links":{"self":[{"href":"https:\/\/aromasentia.com\/da\/wp-json\/wp\/v2\/product\/199395","targetHints":{"allow":["GET"]}}],"collection":[{"href":"https:\/\/aromasentia.com\/da\/wp-json\/wp\/v2\/product"}],"about":[{"href":"https:\/\/aromasentia.com\/da\/wp-json\/wp\/v2\/types\/product"}],"replies":[{"embeddable":true,"href":"https:\/\/aromasentia.com\/da\/wp-json\/wp\/v2\/comments?post=199395"}],"version-history":[{"count":0,"href":"https:\/\/aromasentia.com\/da\/wp-json\/wp\/v2\/product\/199395\/revisions"}],"wp:featuredmedia":[{"embeddable":true,"href":"https:\/\/aromasentia.com\/da\/wp-json\/wp\/v2\/media\/379492"}],"wp:attachment":[{"href":"https:\/\/aromasentia.com\/da\/wp-json\/wp\/v2\/media?parent=199395"}],"wp:term":[{"taxonomy":"product_brand","embeddable":true,"href":"https:\/\/aromasentia.com\/da\/wp-json\/wp\/v2\/product_brand?post=199395"},{"taxonomy":"product_cat","embeddable":true,"href":"https:\/\/aromasentia.com\/da\/wp-json\/wp\/v2\/product_cat?post=199395"},{"taxonomy":"product_tag","embeddable":true,"href":"https:\/\/aromasentia.com\/da\/wp-json\/wp\/v2\/product_tag?post=199395"}],"curies":[{"name":"wp","href":"https:\/\/api.w.org\/{rel}","templated":true}]}}