{"id":199393,"date":"2025-03-22T16:06:20","date_gmt":"2025-03-22T16:06:20","guid":{"rendered":"https:\/\/aromasentia.com\/product\/small-herbal-teapot-blue-daisy\/"},"modified":"2025-06-22T03:19:38","modified_gmt":"2025-06-22T03:19:38","slug":"lille-tepotte-urte-blaa-marguerit","status":"publish","type":"product","link":"https:\/\/aromasentia.com\/da\/lille-tepotte-urte-blaa-marguerit\/","title":{"rendered":"Lille Tepotte Urte &#8211; Bl\u00e5 marguerit"},"content":{"rendered":"<p><strong><span style=\"color: rgb(75, 80, 88);\">Vi pr\u00e6senterer vores lille urtetekande &#8211; Bl\u00e5 Margueritter, en trendy tilf\u00f8jelse til din butiks kollektion. &nbsp;<\/span><\/strong><span style=\"color: rgb(75, 80, 88);\"><br \/><\/span><\/p>\n<p><span style=\"color: rgb(75, 80, 88);\">Denne tekande har en metalsi i l\u00e5get, der giver te-entusiaster en dejlig og <strong>milj\u00f8venlig<\/strong> brygningsoplevelse. &nbsp;<\/span><\/p>\n<p><span style=\"color: rgb(75, 80, 88);\">Giv dine kunder mulighed for at nyde te uden teposer og bidrage til at redde jorden. Perfekt til indflyttergaver, et must-have til specialteer.<\/span><\/p>\n<p><span style=\"color: rgb(75, 80, 88);\"><strong>Omfavn naturens sk\u00f8nhed med vores Bl\u00e5 Margueritter Tekande<\/strong>. De smukke bl\u00e5 margueritter danser hen over overfladen og skaber en f\u00f8lelse af ro.<\/span><\/p>\n<p><span style=\"color: rgb(75, 80, 88);\"><strong>Produktm\u00e5l:<\/strong><\/span><\/p>\n<p><span style=\"color: rgb(75, 80, 88);\"><em>Ca. 11 cm h\u00f8j, 11 cm diameter, 17 cm bred med tud.<\/em><\/span><\/p>\n<p><span style=\"color: rgb(75, 80, 88);\"><em>Rumfang: Ca. 350 ml.<\/p>\n","protected":false},"excerpt":{"rendered":"<p>Vi pr\u00e6senterer vores lille urtetekande &#8211; Bl\u00e5 Margueritter, en trendy tilf\u00f8jelse til din butiks kollektion. &nbsp; Denne tekande har en metalsi i l\u00e5get, der giver te-entusiaster en dejlig og milj\u00f8venlig brygningsoplevelse. &nbsp; Giv dine kunder mulighed for at nyde te uden teposer og bidrage til at redde jorden. Perfekt til indflyttergaver, et must-have til specialteer. [&hellip;]<\/p>\n","protected":false},"featured_media":379466,"comment_status":"closed","ping_status":"open","template":"","meta":{"_angie_page":false},"product_brand":[],"product_cat":[5591,6264,5908,26684],"product_tag":[],"class_list":{"0":"post-199393","1":"product","2":"type-product","3":"status-publish","4":"has-post-thumbnail","6":"product_cat-hjem-og-have","7":"product_cat-kokkenprodukter-og-tilbehor","8":"product_cat-teer-og-te-udstyr","9":"product_cat-tekander-og-tekopper","10":"pa_collection-herbal-teapot-sets-da","11":"pa_made-in-kina","13":"first","14":"instock","15":"purchasable","16":"product-type-simple"},"supplier_id":null,"supplier_sku":"TeaP-15","barcode":null,"atum_controlled":true,"out_stock_date":null,"out_stock_threshold":null,"inheritable":false,"inbound_stock":null,"stock_on_hold":0,"sold_today":0,"sales_last_days":0,"reserved_stock":null,"customer_returns":null,"warehouse_damage":null,"lost_in_post":null,"other_logs":null,"out_stock_days":0,"lost_sales":0,"has_location":null,"update_date":"2026-04-27T07:24:23","atum_locations":[],"atum_stock_status":"instock","restock_status":false,"low_stock_amount":"","sales_update_date":"2025-09-04T00:30:28","calc_backorders":null,"_links":{"self":[{"href":"https:\/\/aromasentia.com\/da\/wp-json\/wp\/v2\/product\/199393","targetHints":{"allow":["GET"]}}],"collection":[{"href":"https:\/\/aromasentia.com\/da\/wp-json\/wp\/v2\/product"}],"about":[{"href":"https:\/\/aromasentia.com\/da\/wp-json\/wp\/v2\/types\/product"}],"replies":[{"embeddable":true,"href":"https:\/\/aromasentia.com\/da\/wp-json\/wp\/v2\/comments?post=199393"}],"version-history":[{"count":0,"href":"https:\/\/aromasentia.com\/da\/wp-json\/wp\/v2\/product\/199393\/revisions"}],"wp:featuredmedia":[{"embeddable":true,"href":"https:\/\/aromasentia.com\/da\/wp-json\/wp\/v2\/media\/379466"}],"wp:attachment":[{"href":"https:\/\/aromasentia.com\/da\/wp-json\/wp\/v2\/media?parent=199393"}],"wp:term":[{"taxonomy":"product_brand","embeddable":true,"href":"https:\/\/aromasentia.com\/da\/wp-json\/wp\/v2\/product_brand?post=199393"},{"taxonomy":"product_cat","embeddable":true,"href":"https:\/\/aromasentia.com\/da\/wp-json\/wp\/v2\/product_cat?post=199393"},{"taxonomy":"product_tag","embeddable":true,"href":"https:\/\/aromasentia.com\/da\/wp-json\/wp\/v2\/product_tag?post=199393"}],"curies":[{"name":"wp","href":"https:\/\/api.w.org\/{rel}","templated":true}]}}