{"id":199381,"date":"2025-03-22T16:06:20","date_gmt":"2025-03-22T16:06:20","guid":{"rendered":"https:\/\/aromasentia.com\/product\/herbal-teapot-set-butterflies\/"},"modified":"2025-06-22T03:19:31","modified_gmt":"2025-06-22T03:19:31","slug":"tepotte-urte-saet-sommerfugle","status":"publish","type":"product","link":"https:\/\/aromasentia.com\/da\/tepotte-urte-saet-sommerfugle\/","title":{"rendered":"Tepotte Urte S\u00e6t &#8211; Sommerfugle"},"content":{"rendered":"<p><span style=\"color: rgb(75, 80, 88);\">Da urtete og alt relateret er meget trendy, er dette udvalg af tekander nemme at vise frem og en perfekt gave til enhver teelsker.<\/span><\/p>\n<p><span style=\"color: rgb(75, 80, 88);\">Pakket i en gave\u00e6ske, en tekande med en metalsi i l\u00e5get og seks matchende kopper. &nbsp;<\/span><\/p>\n<p><span style=\"color: rgb(75, 80, 88);\">Smukke designs at v\u00e6lge imellem, og dine kunder kan lave te uden teposer og dermed redde jorden.&nbsp;<\/span><\/p>\n<p><span style=\"color: rgb(75, 80, 88);\">Dette er virkelig din kop te, og dine kunder vil elske den. En perfekt gave til indflytteren. Hvis du s\u00e6lger specialte, er det en uundv\u00e6rlig vare.<\/span><\/p>\n<p><span style=\"color: rgb(75, 80, 88);\">S\u00e5 giv dig selv lidt ekstra salg og tilf\u00f8j dit produkttilbud i dag.<\/span><\/p>\n<p><span style=\"color: rgb(141, 186, 216);\"><strong>M\u00e5l: Tekande, ca. 11 cm h\u00f8j (uden hank) 14,5 cm i diameter, 17 cm bred med tud.<\/strong><\/span><\/p>\n<p><strong><span style=\"color: rgb(141, 186, 216);\">Kopperne, ca. 8 cm h\u00f8je x 6,5 cm i diameter.<\/span><\/strong><\/p>\n<p><span style=\"color: rgb(141, 186, 216);\"><strong>Volumen: Tekande, ca. 850 ml Kopper, ca. 190 ml<\/strong><\/span><\/p>\n","protected":false},"excerpt":{"rendered":"<p>Da urtete og alt relateret er meget trendy, er dette udvalg af tekander nemme at vise frem og en perfekt gave til enhver teelsker. Pakket i en gave\u00e6ske, en tekande med en metalsi i l\u00e5get og seks matchende kopper. &nbsp; Smukke designs at v\u00e6lge imellem, og dine kunder kan lave te uden teposer og dermed [&hellip;]<\/p>\n","protected":false},"featured_media":379006,"comment_status":"closed","ping_status":"open","template":"","meta":{"_angie_page":false},"product_brand":[],"product_cat":[5591,6264,5908,26684],"product_tag":[],"class_list":{"0":"post-199381","1":"product","2":"type-product","3":"status-publish","4":"has-post-thumbnail","6":"product_cat-hjem-og-have","7":"product_cat-kokkenprodukter-og-tilbehor","8":"product_cat-teer-og-te-udstyr","9":"product_cat-tekander-og-tekopper","10":"pa_collection-herbal-teapot-sets-da","11":"pa_made-in-kina","13":"first","14":"instock","15":"purchasable","16":"product-type-simple"},"supplier_id":null,"supplier_sku":"TeaP-02","barcode":null,"atum_controlled":true,"out_stock_date":null,"out_stock_threshold":null,"inheritable":false,"inbound_stock":null,"stock_on_hold":0,"sold_today":0,"sales_last_days":0,"reserved_stock":null,"customer_returns":null,"warehouse_damage":null,"lost_in_post":null,"other_logs":null,"out_stock_days":16,"lost_sales":0,"has_location":null,"update_date":"2026-04-27T07:24:23","atum_locations":[],"atum_stock_status":"instock","restock_status":false,"low_stock_amount":"","sales_update_date":"2026-02-06T00:01:20","calc_backorders":null,"_links":{"self":[{"href":"https:\/\/aromasentia.com\/da\/wp-json\/wp\/v2\/product\/199381","targetHints":{"allow":["GET"]}}],"collection":[{"href":"https:\/\/aromasentia.com\/da\/wp-json\/wp\/v2\/product"}],"about":[{"href":"https:\/\/aromasentia.com\/da\/wp-json\/wp\/v2\/types\/product"}],"replies":[{"embeddable":true,"href":"https:\/\/aromasentia.com\/da\/wp-json\/wp\/v2\/comments?post=199381"}],"version-history":[{"count":0,"href":"https:\/\/aromasentia.com\/da\/wp-json\/wp\/v2\/product\/199381\/revisions"}],"wp:featuredmedia":[{"embeddable":true,"href":"https:\/\/aromasentia.com\/da\/wp-json\/wp\/v2\/media\/379006"}],"wp:attachment":[{"href":"https:\/\/aromasentia.com\/da\/wp-json\/wp\/v2\/media?parent=199381"}],"wp:term":[{"taxonomy":"product_brand","embeddable":true,"href":"https:\/\/aromasentia.com\/da\/wp-json\/wp\/v2\/product_brand?post=199381"},{"taxonomy":"product_cat","embeddable":true,"href":"https:\/\/aromasentia.com\/da\/wp-json\/wp\/v2\/product_cat?post=199381"},{"taxonomy":"product_tag","embeddable":true,"href":"https:\/\/aromasentia.com\/da\/wp-json\/wp\/v2\/product_tag?post=199381"}],"curies":[{"name":"wp","href":"https:\/\/api.w.org\/{rel}","templated":true}]}}