{"id":199371,"date":"2025-03-22T16:06:31","date_gmt":"2025-03-22T16:06:31","guid":{"rendered":"https:\/\/aromasentia.com\/product\/yoga-lady-figure-bronze-silver-24cm\/"},"modified":"2025-06-22T03:19:27","modified_gmt":"2025-06-22T03:19:27","slug":"figur-af-yogadame-bronze-og-soelv-24-cm","status":"publish","type":"product","link":"https:\/\/aromasentia.com\/da\/figur-af-yogadame-bronze-og-soelv-24-cm\/","title":{"rendered":"Figur Af Yogadame &#8211; Bronze Og S\u00f8lv, 24 cm"},"content":{"rendered":"<p>H\u00e5ndlavet i Indonesien og smukt dekoreret harpiksfigur af Yoga Lady vil v\u00e6re en dejlig gave til enhver lejlighed, eller hvis du bare vil fork\u00e6le dig selv med en dejlig boligdekoration.<\/p>\n<p>Yoga Lady-figurer vil v\u00e6re en fantastisk tilf\u00f8jelse til enhver hjemmekaffebar eller yogastudie.<\/p>\n<p>St\u00f8rrelse p\u00e5 figuren: l\u00e6ngde: 16 cm, bredde: 13 cm, h\u00f8jde: 24 cm<\/p>\n<p>H\u00c5NDLAVET &#8211; FAIR TRADE-GAVER &#8211; US\u00c6DVANLIGE GAVEIDEER &#8211; PYNT TIL HJEMMET<\/p>\n","protected":false},"excerpt":{"rendered":"<p>H\u00e5ndlavet i Indonesien og smukt dekoreret harpiksfigur af Yoga Lady vil v\u00e6re en dejlig gave til enhver lejlighed, eller hvis du bare vil fork\u00e6le dig selv med en dejlig boligdekoration. Yoga Lady-figurer vil v\u00e6re en fantastisk tilf\u00f8jelse til enhver hjemmekaffebar eller yogastudie. St\u00f8rrelse p\u00e5 figuren: l\u00e6ngde: 16 cm, bredde: 13 cm, h\u00f8jde: 24 cm H\u00c5NDLAVET [&hellip;]<\/p>\n","protected":false},"featured_media":384009,"comment_status":"closed","ping_status":"open","template":"","meta":{"_angie_page":false},"product_brand":[],"product_cat":[5591,6422],"product_tag":[],"class_list":{"0":"post-199371","1":"product","2":"type-product","3":"status-publish","4":"has-post-thumbnail","6":"product_cat-hjem-og-have","7":"product_cat-statuer-og-figurer","8":"pa_collection-yoga-lady-figures-da","9":"pa_made-in-indonesien","11":"first","12":"instock","13":"purchasable","14":"product-type-simple"},"supplier_id":null,"supplier_sku":"YogaL-02","barcode":null,"atum_controlled":true,"out_stock_date":null,"out_stock_threshold":null,"inheritable":false,"inbound_stock":null,"stock_on_hold":0,"sold_today":0,"sales_last_days":0,"reserved_stock":null,"customer_returns":null,"warehouse_damage":null,"lost_in_post":null,"other_logs":null,"out_stock_days":0,"lost_sales":0,"has_location":null,"update_date":"2026-04-27T07:27:36","atum_locations":[],"atum_stock_status":"instock","restock_status":false,"low_stock_amount":"","sales_update_date":"2026-02-06T00:01:20","calc_backorders":null,"_links":{"self":[{"href":"https:\/\/aromasentia.com\/da\/wp-json\/wp\/v2\/product\/199371","targetHints":{"allow":["GET"]}}],"collection":[{"href":"https:\/\/aromasentia.com\/da\/wp-json\/wp\/v2\/product"}],"about":[{"href":"https:\/\/aromasentia.com\/da\/wp-json\/wp\/v2\/types\/product"}],"replies":[{"embeddable":true,"href":"https:\/\/aromasentia.com\/da\/wp-json\/wp\/v2\/comments?post=199371"}],"version-history":[{"count":0,"href":"https:\/\/aromasentia.com\/da\/wp-json\/wp\/v2\/product\/199371\/revisions"}],"wp:featuredmedia":[{"embeddable":true,"href":"https:\/\/aromasentia.com\/da\/wp-json\/wp\/v2\/media\/384009"}],"wp:attachment":[{"href":"https:\/\/aromasentia.com\/da\/wp-json\/wp\/v2\/media?parent=199371"}],"wp:term":[{"taxonomy":"product_brand","embeddable":true,"href":"https:\/\/aromasentia.com\/da\/wp-json\/wp\/v2\/product_brand?post=199371"},{"taxonomy":"product_cat","embeddable":true,"href":"https:\/\/aromasentia.com\/da\/wp-json\/wp\/v2\/product_cat?post=199371"},{"taxonomy":"product_tag","embeddable":true,"href":"https:\/\/aromasentia.com\/da\/wp-json\/wp\/v2\/product_tag?post=199371"}],"curies":[{"name":"wp","href":"https:\/\/api.w.org\/{rel}","templated":true}]}}