{"id":199366,"date":"2025-03-22T16:06:31","date_gmt":"2025-03-22T16:06:31","guid":{"rendered":"https:\/\/aromasentia.com\/product\/pack-of-2-christmas-wooden-craft-decoration-snowman-tree\/"},"modified":"2025-06-22T03:19:25","modified_gmt":"2025-06-22T03:19:25","slug":"pakke-med-2-juledekorationer-i-trae-snemand-og-trae","status":"publish","type":"product","link":"https:\/\/aromasentia.com\/da\/pakke-med-2-juledekorationer-i-trae-snemand-og-trae\/","title":{"rendered":"Pakke med 2 Juledekorationer I Tr\u00e6 &#8211; Snemand Og Tr\u00e6"},"content":{"rendered":"<p>Dette smukke udvalg af <strong>juletr\u00e6dekorationer &#8211; snemand og tr\u00e6<\/strong> vil bringe julestemning til dit hjem.<\/p>\n<p>Disse designs er skabt med alle aspekter af jules\u00e6sonen i tankerne.<\/p>\n<p>Dette design leveres p\u00e5 en dejlig headerkurv med 2 dele indeni. Fremstillet i tr\u00e6 med design p\u00e5 begge sider, smukke vintage festlige dekorationer, som du kan v\u00e6rds\u00e6tte i mange \u00e5r fremover.<\/p>\n","protected":false},"excerpt":{"rendered":"<p>Dette smukke udvalg af juletr\u00e6dekorationer &#8211; snemand og tr\u00e6 vil bringe julestemning til dit hjem. Disse designs er skabt med alle aspekter af jules\u00e6sonen i tankerne. Dette design leveres p\u00e5 en dejlig headerkurv med 2 dele indeni. Fremstillet i tr\u00e6 med design p\u00e5 begge sider, smukke vintage festlige dekorationer, som du kan v\u00e6rds\u00e6tte i mange [&hellip;]<\/p>\n","protected":false},"featured_media":383820,"comment_status":"closed","ping_status":"open","template":"","meta":[],"product_brand":[],"product_cat":[5591],"product_tag":[],"class_list":{"0":"post-199366","1":"product","2":"type-product","3":"status-publish","4":"has-post-thumbnail","6":"product_cat-hjem-og-have","7":"pa_made-in-kina","9":"first","10":"instock","11":"purchasable","12":"product-type-simple"},"supplier_id":null,"supplier_sku":"XWD-09","barcode":null,"atum_controlled":true,"out_stock_date":null,"out_stock_threshold":null,"inheritable":false,"inbound_stock":null,"stock_on_hold":0,"sold_today":0,"sales_last_days":0,"reserved_stock":null,"customer_returns":null,"warehouse_damage":null,"lost_in_post":null,"other_logs":null,"out_stock_days":0,"lost_sales":0,"has_location":null,"update_date":"2026-01-30T01:25:34","atum_locations":[],"atum_stock_status":"instock","restock_status":false,"low_stock_amount":"","sales_update_date":"2026-01-30T01:25:34","calc_backorders":null,"_links":{"self":[{"href":"https:\/\/aromasentia.com\/da\/wp-json\/wp\/v2\/product\/199366","targetHints":{"allow":["GET"]}}],"collection":[{"href":"https:\/\/aromasentia.com\/da\/wp-json\/wp\/v2\/product"}],"about":[{"href":"https:\/\/aromasentia.com\/da\/wp-json\/wp\/v2\/types\/product"}],"replies":[{"embeddable":true,"href":"https:\/\/aromasentia.com\/da\/wp-json\/wp\/v2\/comments?post=199366"}],"version-history":[{"count":0,"href":"https:\/\/aromasentia.com\/da\/wp-json\/wp\/v2\/product\/199366\/revisions"}],"wp:featuredmedia":[{"embeddable":true,"href":"https:\/\/aromasentia.com\/da\/wp-json\/wp\/v2\/media\/383820"}],"wp:attachment":[{"href":"https:\/\/aromasentia.com\/da\/wp-json\/wp\/v2\/media?parent=199366"}],"wp:term":[{"taxonomy":"product_brand","embeddable":true,"href":"https:\/\/aromasentia.com\/da\/wp-json\/wp\/v2\/product_brand?post=199366"},{"taxonomy":"product_cat","embeddable":true,"href":"https:\/\/aromasentia.com\/da\/wp-json\/wp\/v2\/product_cat?post=199366"},{"taxonomy":"product_tag","embeddable":true,"href":"https:\/\/aromasentia.com\/da\/wp-json\/wp\/v2\/product_tag?post=199366"}],"curies":[{"name":"wp","href":"https:\/\/api.w.org\/{rel}","templated":true}]}}