{"id":199357,"date":"2025-03-22T16:06:31","date_gmt":"2025-03-22T16:06:31","guid":{"rendered":"https:\/\/aromasentia.com\/product\/mango-wood-tray-with-3-bowls-mediterraian-tile-pattern\/"},"modified":"2025-06-22T03:19:20","modified_gmt":"2025-06-22T03:19:20","slug":"bakke-i-mangotrae-med-3-skaale-mediterraisk-flisemoenster","status":"publish","type":"product","link":"https:\/\/aromasentia.com\/da\/bakke-i-mangotrae-med-3-skaale-mediterraisk-flisemoenster\/","title":{"rendered":"Bakke I Mangotr\u00e6 med 3 Sk\u00e5le &#8211; mediterraisk Flisem\u00f8nster"},"content":{"rendered":"<p><em>Sk\u00e5lst\u00f8rrelse: 9,5 x 3,5 cm<\/em><\/p>\n<p><em>Fadst\u00f8rrelse: 33 x 12 x 2,1 cm<\/em><\/p>\n<p>.<\/p>\n","protected":false},"excerpt":{"rendered":"<p>Sk\u00e5lst\u00f8rrelse: 9,5 x 3,5 cm Fadst\u00f8rrelse: 33 x 12 x 2,1 cm .<\/p>\n","protected":false},"featured_media":383435,"comment_status":"closed","ping_status":"open","template":"","meta":[],"product_brand":[],"product_cat":[5591],"product_tag":[],"class_list":{"0":"post-199357","1":"product","2":"type-product","3":"status-publish","4":"has-post-thumbnail","6":"product_cat-hjem-og-have","7":"pa_collection-mango-wood-bowls-trays-and-coasters-da","8":"pa_made-in-indien","10":"first","11":"instock","12":"purchasable","13":"product-type-simple"},"supplier_id":null,"supplier_sku":"WTray-01","barcode":null,"atum_controlled":true,"out_stock_date":null,"out_stock_threshold":null,"inheritable":false,"inbound_stock":null,"stock_on_hold":0,"sold_today":0,"sales_last_days":0,"reserved_stock":null,"customer_returns":null,"warehouse_damage":null,"lost_in_post":null,"other_logs":null,"out_stock_days":0,"lost_sales":0,"has_location":null,"update_date":"2026-02-06T11:16:56","atum_locations":[],"atum_stock_status":"instock","restock_status":false,"low_stock_amount":"","sales_update_date":"2026-01-30T01:24:38","calc_backorders":null,"_links":{"self":[{"href":"https:\/\/aromasentia.com\/da\/wp-json\/wp\/v2\/product\/199357","targetHints":{"allow":["GET"]}}],"collection":[{"href":"https:\/\/aromasentia.com\/da\/wp-json\/wp\/v2\/product"}],"about":[{"href":"https:\/\/aromasentia.com\/da\/wp-json\/wp\/v2\/types\/product"}],"replies":[{"embeddable":true,"href":"https:\/\/aromasentia.com\/da\/wp-json\/wp\/v2\/comments?post=199357"}],"version-history":[{"count":0,"href":"https:\/\/aromasentia.com\/da\/wp-json\/wp\/v2\/product\/199357\/revisions"}],"wp:featuredmedia":[{"embeddable":true,"href":"https:\/\/aromasentia.com\/da\/wp-json\/wp\/v2\/media\/383435"}],"wp:attachment":[{"href":"https:\/\/aromasentia.com\/da\/wp-json\/wp\/v2\/media?parent=199357"}],"wp:term":[{"taxonomy":"product_brand","embeddable":true,"href":"https:\/\/aromasentia.com\/da\/wp-json\/wp\/v2\/product_brand?post=199357"},{"taxonomy":"product_cat","embeddable":true,"href":"https:\/\/aromasentia.com\/da\/wp-json\/wp\/v2\/product_cat?post=199357"},{"taxonomy":"product_tag","embeddable":true,"href":"https:\/\/aromasentia.com\/da\/wp-json\/wp\/v2\/product_tag?post=199357"}],"curies":[{"name":"wp","href":"https:\/\/api.w.org\/{rel}","templated":true}]}}