{"id":199355,"date":"2025-03-22T16:06:31","date_gmt":"2025-03-22T16:06:31","guid":{"rendered":"https:\/\/aromasentia.com\/product\/large-mushroom-20cm-pastel-hearts\/"},"modified":"2025-06-22T03:19:19","modified_gmt":"2025-06-22T03:19:19","slug":"stor-champignon-20-cm-pastelfarvede-hjerter","status":"publish","type":"product","link":"https:\/\/aromasentia.com\/da\/stor-champignon-20-cm-pastelfarvede-hjerter\/","title":{"rendered":"Stor Champignon &#8211; 20 cm &#8211; Pastelfarvede Hjerter"},"content":{"rendered":"<p><span style=\"color: rgb(75, 80, 88);\"><strong>Denne store tr\u00e6svamp, udsmykket med pastelfarvede hjerter, tilf\u00f8jer et legende, men elegant touch til enhver indretning.<\/strong> Dens st\u00f8rrelse p\u00e5 20 cm g\u00f8r den til et i\u00f8jnefaldende element i detailhandelsops\u00e6tninger og tilbyder en s\u00f8d stemning, perfekt til enhver lejlighed.<\/span><\/p>\n<p><span style=\"color: rgb(75, 80, 88);\"><strong>Perfekt til at skabe en finurlig, naturinspireret udstilling. Kombiner dem med<\/strong> vores <strong>Decor Wood Hearts<\/strong> eller <strong>Mango Wood Bowls, Trays &amp; Bordsk\u00e5nere.<\/strong> Disse stykker har lignende indviklede designs, og sammen vil de forvandle enhver udstilling til en naturlig oase, som kunderne ikke vil kunne modst\u00e5.<\/span><\/p>\n<p><span style=\"color: rgb(75, 80, 88);\"><strong>M\u00e5l:<\/strong><\/span><\/p>\n<p><span style=\"color: rgb(75, 80, 88);\">20 x 15 cm<\/span><\/p>\n","protected":false},"excerpt":{"rendered":"<p>Denne store tr\u00e6svamp, udsmykket med pastelfarvede hjerter, tilf\u00f8jer et legende, men elegant touch til enhver indretning. Dens st\u00f8rrelse p\u00e5 20 cm g\u00f8r den til et i\u00f8jnefaldende element i detailhandelsops\u00e6tninger og tilbyder en s\u00f8d stemning, perfekt til enhver lejlighed. Perfekt til at skabe en finurlig, naturinspireret udstilling. Kombiner dem med vores Decor Wood Hearts eller Mango [&hellip;]<\/p>\n","protected":false},"featured_media":643503,"comment_status":"closed","ping_status":"open","template":"","meta":{"_angie_page":false},"product_brand":[],"product_cat":[5591],"product_tag":[],"class_list":{"0":"post-199355","1":"product","2":"type-product","3":"status-publish","4":"has-post-thumbnail","6":"product_cat-hjem-og-have","7":"pa_collection-wooden-enamelled-mushroom-decorations-da","8":"pa_made-in-indien","10":"first","11":"instock","12":"purchasable","13":"product-type-simple"},"supplier_id":null,"supplier_sku":"WMush-08","barcode":null,"atum_controlled":true,"out_stock_date":null,"out_stock_threshold":null,"inheritable":false,"inbound_stock":null,"stock_on_hold":0,"sold_today":0,"sales_last_days":0,"reserved_stock":null,"customer_returns":null,"warehouse_damage":null,"lost_in_post":null,"other_logs":null,"out_stock_days":0,"lost_sales":0,"has_location":null,"update_date":"2026-04-30T05:06:26","atum_locations":[],"atum_stock_status":"instock","restock_status":false,"low_stock_amount":"","sales_update_date":"2026-02-06T00:01:41","calc_backorders":null,"_links":{"self":[{"href":"https:\/\/aromasentia.com\/da\/wp-json\/wp\/v2\/product\/199355","targetHints":{"allow":["GET"]}}],"collection":[{"href":"https:\/\/aromasentia.com\/da\/wp-json\/wp\/v2\/product"}],"about":[{"href":"https:\/\/aromasentia.com\/da\/wp-json\/wp\/v2\/types\/product"}],"replies":[{"embeddable":true,"href":"https:\/\/aromasentia.com\/da\/wp-json\/wp\/v2\/comments?post=199355"}],"version-history":[{"count":0,"href":"https:\/\/aromasentia.com\/da\/wp-json\/wp\/v2\/product\/199355\/revisions"}],"wp:featuredmedia":[{"embeddable":true,"href":"https:\/\/aromasentia.com\/da\/wp-json\/wp\/v2\/media\/643503"}],"wp:attachment":[{"href":"https:\/\/aromasentia.com\/da\/wp-json\/wp\/v2\/media?parent=199355"}],"wp:term":[{"taxonomy":"product_brand","embeddable":true,"href":"https:\/\/aromasentia.com\/da\/wp-json\/wp\/v2\/product_brand?post=199355"},{"taxonomy":"product_cat","embeddable":true,"href":"https:\/\/aromasentia.com\/da\/wp-json\/wp\/v2\/product_cat?post=199355"},{"taxonomy":"product_tag","embeddable":true,"href":"https:\/\/aromasentia.com\/da\/wp-json\/wp\/v2\/product_tag?post=199355"}],"curies":[{"name":"wp","href":"https:\/\/api.w.org\/{rel}","templated":true}]}}