{"id":199353,"date":"2025-03-22T16:06:31","date_gmt":"2025-03-22T16:06:31","guid":{"rendered":"https:\/\/aromasentia.com\/product\/med-mushroom-15cm-pretty-floral\/"},"modified":"2025-06-22T03:19:19","modified_gmt":"2025-06-22T03:19:19","slug":"med-mushroom-15cm-pretty-floral","status":"publish","type":"product","link":"https:\/\/aromasentia.com\/da\/med-mushroom-15cm-pretty-floral\/","title":{"rendered":"med mushroom &#8211; 15cm &#8211; Pretty Floral"},"content":{"rendered":"<p><span style=\"color: rgb(75, 80, 88);\">Med et delikat blomsterm\u00f8nster tilf\u00f8jer denne mellemstore svamp et naturligt og finurligt pr\u00e6g til enhver udstilling.<\/span><\/p>\n<p><span style=\"color: rgb(75, 80, 88);\">Dens i\u00f8jnefaldende m\u00f8nster og holdbare tr\u00e6struktur g\u00f8r den til et godt valg til haveinspireret indretning eller gavebutikker, der leder efter unikke genstande.<\/span><\/p>\n<p><span style=\"color: rgb(75, 80, 88);\"><strong>Perfekt til at skabe naturinspirerede udstillinger, par dem med vores Decor Wood Hearts<\/strong>eller <strong>Mango Wood Bowls, Trays &amp;&#8221; Bordsk\u00e5nere.<\/strong> Disse stykker har lignende indviklede designs, og sammen vil de forvandle enhver udstilling til en naturlig oase, som kunderne ikke vil kunne modst\u00e5.<\/span><\/p>\n<p><span style=\"color: rgb(75, 80, 88);\"><strong>M\u00e5l:<\/strong><\/span><\/p>\n<p><span style=\"color: rgb(75, 80, 88);\">15 x 13 cm<\/span><\/p>\n","protected":false},"excerpt":{"rendered":"<p>Med et delikat blomsterm\u00f8nster tilf\u00f8jer denne mellemstore svamp et naturligt og finurligt pr\u00e6g til enhver udstilling. Dens i\u00f8jnefaldende m\u00f8nster og holdbare tr\u00e6struktur g\u00f8r den til et godt valg til haveinspireret indretning eller gavebutikker, der leder efter unikke genstande. Perfekt til at skabe naturinspirerede udstillinger, par dem med vores Decor Wood Heartseller Mango Wood Bowls, Trays [&hellip;]<\/p>\n","protected":false},"featured_media":383327,"comment_status":"closed","ping_status":"open","template":"","meta":{"_angie_page":false},"product_brand":[],"product_cat":[5591],"product_tag":[],"class_list":{"0":"post-199353","1":"product","2":"type-product","3":"status-publish","4":"has-post-thumbnail","6":"product_cat-hjem-og-have","7":"pa_collection-wooden-enamelled-mushroom-decorations-da","8":"pa_made-in-indien","10":"first","11":"instock","12":"purchasable","13":"product-type-simple"},"supplier_id":null,"supplier_sku":"WMush-06","barcode":null,"atum_controlled":true,"out_stock_date":null,"out_stock_threshold":null,"inheritable":false,"inbound_stock":null,"stock_on_hold":0,"sold_today":0,"sales_last_days":0,"reserved_stock":null,"customer_returns":null,"warehouse_damage":null,"lost_in_post":null,"other_logs":null,"out_stock_days":0,"lost_sales":0,"has_location":null,"update_date":"2026-05-04T00:05:00","atum_locations":[],"atum_stock_status":"instock","restock_status":false,"low_stock_amount":"","sales_update_date":"2026-01-30T01:25:34","calc_backorders":null,"_links":{"self":[{"href":"https:\/\/aromasentia.com\/da\/wp-json\/wp\/v2\/product\/199353","targetHints":{"allow":["GET"]}}],"collection":[{"href":"https:\/\/aromasentia.com\/da\/wp-json\/wp\/v2\/product"}],"about":[{"href":"https:\/\/aromasentia.com\/da\/wp-json\/wp\/v2\/types\/product"}],"replies":[{"embeddable":true,"href":"https:\/\/aromasentia.com\/da\/wp-json\/wp\/v2\/comments?post=199353"}],"version-history":[{"count":0,"href":"https:\/\/aromasentia.com\/da\/wp-json\/wp\/v2\/product\/199353\/revisions"}],"wp:featuredmedia":[{"embeddable":true,"href":"https:\/\/aromasentia.com\/da\/wp-json\/wp\/v2\/media\/383327"}],"wp:attachment":[{"href":"https:\/\/aromasentia.com\/da\/wp-json\/wp\/v2\/media?parent=199353"}],"wp:term":[{"taxonomy":"product_brand","embeddable":true,"href":"https:\/\/aromasentia.com\/da\/wp-json\/wp\/v2\/product_brand?post=199353"},{"taxonomy":"product_cat","embeddable":true,"href":"https:\/\/aromasentia.com\/da\/wp-json\/wp\/v2\/product_cat?post=199353"},{"taxonomy":"product_tag","embeddable":true,"href":"https:\/\/aromasentia.com\/da\/wp-json\/wp\/v2\/product_tag?post=199353"}],"curies":[{"name":"wp","href":"https:\/\/api.w.org\/{rel}","templated":true}]}}