{"id":199352,"date":"2025-03-22T16:06:31","date_gmt":"2025-03-22T16:06:31","guid":{"rendered":"https:\/\/aromasentia.com\/product\/med-mushroom-15cm-pastel-hearts\/"},"modified":"2025-06-22T03:19:18","modified_gmt":"2025-06-22T03:19:18","slug":"med-champignon-15cm-pastelfarvede-hjerter","status":"publish","type":"product","link":"https:\/\/aromasentia.com\/da\/med-champignon-15cm-pastelfarvede-hjerter\/","title":{"rendered":"med Champignon &#8211; 15cm &#8211; Pastelfarvede Hjerter"},"content":{"rendered":"<p><span style=\"color: rgb(75, 80, 88);\">Legesyg, men elegant. Denne mellemstore svamp med pastelfarvede hjerter er perfekt til at tilf\u00f8je et blidt farvestrejf til enhver udstilling.<\/span><\/p>\n<p><span style=\"color: rgb(75, 80, 88);\">Dens robuste, men lette design er fantastisk til at skabe flerlagede detailops\u00e6tninger eller som et selvst\u00e6ndigt element.<\/span><\/p>\n<p><span style=\"color: rgb(75, 80, 88);\"><strong>Perfekt til at skabe en finurlig, naturinspireret udstilling. Kombiner dem med<\/strong> vores <strong>Dekorationstr\u00e6hjerter<\/strong> eller <strong>Mangotr\u00e6sk\u00e5le, bakker og bordsk\u00e5nere<\/strong>. Disse dele har lignende indviklede designs, og sammen vil de forvandle enhver udstilling til en naturlig oase, som kunderne ikke vil kunne modst\u00e5.<\/span><\/p>\n<p><span style=\"color: rgb(75, 80, 88);\"><strong>M\u00e5l:<\/strong><\/span><\/p>\n<p><span style=\"color: rgb(75, 80, 88);\">15 x 13 cm<\/span><\/p>\n","protected":false},"excerpt":{"rendered":"<p>Legesyg, men elegant. Denne mellemstore svamp med pastelfarvede hjerter er perfekt til at tilf\u00f8je et blidt farvestrejf til enhver udstilling. Dens robuste, men lette design er fantastisk til at skabe flerlagede detailops\u00e6tninger eller som et selvst\u00e6ndigt element. Perfekt til at skabe en finurlig, naturinspireret udstilling. Kombiner dem med vores Dekorationstr\u00e6hjerter eller Mangotr\u00e6sk\u00e5le, bakker og bordsk\u00e5nere. [&hellip;]<\/p>\n","protected":false},"featured_media":383294,"comment_status":"closed","ping_status":"open","template":"","meta":{"_angie_page":false},"product_brand":[],"product_cat":[5591],"product_tag":[],"class_list":{"0":"post-199352","1":"product","2":"type-product","3":"status-publish","4":"has-post-thumbnail","6":"product_cat-hjem-og-have","7":"pa_collection-wooden-enamelled-mushroom-decorations-da","8":"pa_made-in-indien","10":"first","11":"instock","12":"purchasable","13":"product-type-simple"},"supplier_id":null,"supplier_sku":"WMush-05","barcode":null,"atum_controlled":true,"out_stock_date":null,"out_stock_threshold":null,"inheritable":false,"inbound_stock":null,"stock_on_hold":0,"sold_today":0,"sales_last_days":0,"reserved_stock":null,"customer_returns":null,"warehouse_damage":null,"lost_in_post":null,"other_logs":null,"out_stock_days":0,"lost_sales":0,"has_location":null,"update_date":"2026-05-04T00:05:00","atum_locations":[],"atum_stock_status":"instock","restock_status":false,"low_stock_amount":"","sales_update_date":"2026-01-30T01:26:08","calc_backorders":null,"_links":{"self":[{"href":"https:\/\/aromasentia.com\/da\/wp-json\/wp\/v2\/product\/199352","targetHints":{"allow":["GET"]}}],"collection":[{"href":"https:\/\/aromasentia.com\/da\/wp-json\/wp\/v2\/product"}],"about":[{"href":"https:\/\/aromasentia.com\/da\/wp-json\/wp\/v2\/types\/product"}],"replies":[{"embeddable":true,"href":"https:\/\/aromasentia.com\/da\/wp-json\/wp\/v2\/comments?post=199352"}],"version-history":[{"count":0,"href":"https:\/\/aromasentia.com\/da\/wp-json\/wp\/v2\/product\/199352\/revisions"}],"wp:featuredmedia":[{"embeddable":true,"href":"https:\/\/aromasentia.com\/da\/wp-json\/wp\/v2\/media\/383294"}],"wp:attachment":[{"href":"https:\/\/aromasentia.com\/da\/wp-json\/wp\/v2\/media?parent=199352"}],"wp:term":[{"taxonomy":"product_brand","embeddable":true,"href":"https:\/\/aromasentia.com\/da\/wp-json\/wp\/v2\/product_brand?post=199352"},{"taxonomy":"product_cat","embeddable":true,"href":"https:\/\/aromasentia.com\/da\/wp-json\/wp\/v2\/product_cat?post=199352"},{"taxonomy":"product_tag","embeddable":true,"href":"https:\/\/aromasentia.com\/da\/wp-json\/wp\/v2\/product_tag?post=199352"}],"curies":[{"name":"wp","href":"https:\/\/api.w.org\/{rel}","templated":true}]}}