{"id":199345,"date":"2025-03-22T16:06:31","date_gmt":"2025-03-22T16:06:31","guid":{"rendered":"https:\/\/aromasentia.com\/product\/round-decorative-wooden-flower-of-life-panel-40cm\/"},"modified":"2025-06-22T03:19:16","modified_gmt":"2025-06-22T03:19:16","slug":"rundt-dekorativt-traepanel-med-livets-blomst-40-cm","status":"publish","type":"product","link":"https:\/\/aromasentia.com\/da\/rundt-dekorativt-traepanel-med-livets-blomst-40-cm\/","title":{"rendered":"Rundt Dekorativt Tr\u00e6panel med Livets Blomst 40 cm"},"content":{"rendered":"<p><strong>Wholesale Round Decorative Wooden Flower of Life Panel,<\/strong> et fantastisk h\u00e5ndlavet stykke med en diameter p\u00e5 40 cm.<\/p>\n<p>Udsk\u00e5ret af 100 % b\u00e6redygtigt Suar-tr\u00e6 af talentfulde indonesiske kunsth\u00e5ndv\u00e6rkere, med det hellige Flower of Life-symbol, der udtrykker temaer som skabelse, enhed og sammenkobling af alt liv.<\/p>\n<p>Hvert panel er en unik skabelse, h\u00e5ndsk\u00e5ret for at sikre et autentisk og h\u00e5ndv\u00e6rksm\u00e6ssigt pr\u00e6g. Med en diameter p\u00e5 30 cm er det den perfekte st\u00f8rrelse til at forbedre v\u00e6gge i stuer, meditationsomr\u00e5der eller hellige rum og tilf\u00f8je et lag af dybde og betydning.<\/p>\n<p> Suar-tr\u00e6ets naturlige rigdom fremh\u00e6ver det indviklede geometriske design, hvilket resulterer i et visuelt f\u00e6ngslende stykke. Dens blanding af spirituel symbolik og \u00e6stetisk sk\u00f8nhed g\u00f8r den ideel til kunder, der s\u00f8ger meningsfuld indretning.nbsp;Livets blomst, der er ber\u00f8mt for sin tidl\u00f8se symbolik og sit elegante design, giver et harmonisk pr\u00e6g til alle omgivelser.nbsp;<\/p>\n<p>Dette alsidige panel appellerer til en bred vifte af forhandlere, fra butikker med boligindretning til spirituelle og wellness-fokuserede butikker.nbsp;<\/p>\n<p>Dette alsidige panel appellerer til en bred vifte af forhandlere, fra butikker med boligindretning til spirituelle og wellness-fokuserede butikker.nbsp;<\/p>\n<p>Dette alsidige panel appellerer til en bred vifte af forhandlere, fra butikker med boligindretning til spirituelle og wellness-fokuserede butikker.<\/p>\n","protected":false},"excerpt":{"rendered":"<p>Wholesale Round Decorative Wooden Flower of Life Panel, et fantastisk h\u00e5ndlavet stykke med en diameter p\u00e5 40 cm. Udsk\u00e5ret af 100 % b\u00e6redygtigt Suar-tr\u00e6 af talentfulde indonesiske kunsth\u00e5ndv\u00e6rkere, med det hellige Flower of Life-symbol, der udtrykker temaer som skabelse, enhed og sammenkobling af alt liv. Hvert panel er en unik skabelse, h\u00e5ndsk\u00e5ret for at sikre [&hellip;]<\/p>\n","protected":false},"featured_media":383111,"comment_status":"closed","ping_status":"open","template":"","meta":[],"product_brand":[],"product_cat":[6332,5591],"product_tag":[],"class_list":{"0":"post-199345","1":"product","2":"type-product","3":"status-publish","4":"has-post-thumbnail","6":"product_cat-dekorationer","7":"product_cat-hjem-og-have","8":"pa_collection-decorative-wooden-panels-da","9":"pa_made-in-indonesien","11":"first","12":"instock","13":"purchasable","14":"product-type-simple"},"supplier_id":null,"supplier_sku":"WDW-17","barcode":null,"atum_controlled":true,"out_stock_date":null,"out_stock_threshold":null,"inheritable":false,"inbound_stock":null,"stock_on_hold":0,"sold_today":0,"sales_last_days":0,"reserved_stock":null,"customer_returns":null,"warehouse_damage":null,"lost_in_post":null,"other_logs":null,"out_stock_days":0,"lost_sales":0,"has_location":null,"update_date":"2026-02-06T00:02:15","atum_locations":[],"atum_stock_status":"instock","restock_status":false,"low_stock_amount":"","sales_update_date":"2026-02-06T00:02:15","calc_backorders":null,"_links":{"self":[{"href":"https:\/\/aromasentia.com\/da\/wp-json\/wp\/v2\/product\/199345","targetHints":{"allow":["GET"]}}],"collection":[{"href":"https:\/\/aromasentia.com\/da\/wp-json\/wp\/v2\/product"}],"about":[{"href":"https:\/\/aromasentia.com\/da\/wp-json\/wp\/v2\/types\/product"}],"replies":[{"embeddable":true,"href":"https:\/\/aromasentia.com\/da\/wp-json\/wp\/v2\/comments?post=199345"}],"version-history":[{"count":0,"href":"https:\/\/aromasentia.com\/da\/wp-json\/wp\/v2\/product\/199345\/revisions"}],"wp:featuredmedia":[{"embeddable":true,"href":"https:\/\/aromasentia.com\/da\/wp-json\/wp\/v2\/media\/383111"}],"wp:attachment":[{"href":"https:\/\/aromasentia.com\/da\/wp-json\/wp\/v2\/media?parent=199345"}],"wp:term":[{"taxonomy":"product_brand","embeddable":true,"href":"https:\/\/aromasentia.com\/da\/wp-json\/wp\/v2\/product_brand?post=199345"},{"taxonomy":"product_cat","embeddable":true,"href":"https:\/\/aromasentia.com\/da\/wp-json\/wp\/v2\/product_cat?post=199345"},{"taxonomy":"product_tag","embeddable":true,"href":"https:\/\/aromasentia.com\/da\/wp-json\/wp\/v2\/product_tag?post=199345"}],"curies":[{"name":"wp","href":"https:\/\/api.w.org\/{rel}","templated":true}]}}