{"id":199343,"date":"2025-03-22T16:06:31","date_gmt":"2025-03-22T16:06:31","guid":{"rendered":"https:\/\/aromasentia.com\/product\/round-decorative-wooden-chunk-tree-of-life-panel-40cm\/"},"modified":"2025-06-22T03:19:15","modified_gmt":"2025-06-22T03:19:15","slug":"rund-dekorativ-traeplade-med-livets-trae-40-cm","status":"publish","type":"product","link":"https:\/\/aromasentia.com\/da\/rund-dekorativ-traeplade-med-livets-trae-40-cm\/","title":{"rendered":"Rund, Dekorativ Tr\u00e6plade med Livets Tr\u00e6 40 cm"},"content":{"rendered":"<p>Fremh\u00e6v din samling med det runde dekorative tr\u00e6panel Livets tr\u00e6, et smukt udsk\u00e5ret stykke, der m\u00e5ler <strong>40 cm<\/strong> i diameter. Dette store, runde panel viser det ikoniske Livets Tr\u00e6, som symboliserer enhed, v\u00e6kst og harmoni. Udsk\u00e5ret af kvalitetstr\u00e6 med en naturlig finish g\u00f8r det robuste design og de indviklede detaljer det til en sl\u00e5ende tilf\u00f8jelse til enhver v\u00e6g eller indretning.<\/p>\n<p><strong>Ideal til boligbutikker, wellness-omr\u00e5der og gavesamlinger<\/strong>, dette Tree of Life-panel v\u00e6kker genklang hos kunder, der s\u00f8ger meningsfulde, h\u00e5ndv\u00e6rksm\u00e6ssige v\u00e6rker. Tilf\u00f8j denne klassiske, h\u00e5ndlavede genstand til dine tilbud, og bring et strejf af naturinspireret elegance til ethvert rum.<\/p>\n","protected":false},"excerpt":{"rendered":"<p>Fremh\u00e6v din samling med det runde dekorative tr\u00e6panel Livets tr\u00e6, et smukt udsk\u00e5ret stykke, der m\u00e5ler 40 cm i diameter. Dette store, runde panel viser det ikoniske Livets Tr\u00e6, som symboliserer enhed, v\u00e6kst og harmoni. Udsk\u00e5ret af kvalitetstr\u00e6 med en naturlig finish g\u00f8r det robuste design og de indviklede detaljer det til en sl\u00e5ende tilf\u00f8jelse [&hellip;]<\/p>\n","protected":false},"featured_media":383077,"comment_status":"closed","ping_status":"open","template":"","meta":[],"product_brand":[],"product_cat":[6332,5591],"product_tag":[],"class_list":{"0":"post-199343","1":"product","2":"type-product","3":"status-publish","4":"has-post-thumbnail","6":"product_cat-dekorationer","7":"product_cat-hjem-og-have","8":"pa_collection-decorative-wooden-panels-da","9":"pa_made-in-indonesien","11":"first","12":"instock","13":"purchasable","14":"product-type-simple"},"supplier_id":null,"supplier_sku":"WDW-15","barcode":null,"atum_controlled":true,"out_stock_date":null,"out_stock_threshold":null,"inheritable":false,"inbound_stock":null,"stock_on_hold":0,"sold_today":0,"sales_last_days":0,"reserved_stock":null,"customer_returns":null,"warehouse_damage":null,"lost_in_post":null,"other_logs":null,"out_stock_days":0,"lost_sales":0,"has_location":null,"update_date":"2026-01-30T01:25:34","atum_locations":[],"atum_stock_status":"instock","restock_status":false,"low_stock_amount":"","sales_update_date":"2026-01-30T01:25:34","calc_backorders":null,"_links":{"self":[{"href":"https:\/\/aromasentia.com\/da\/wp-json\/wp\/v2\/product\/199343","targetHints":{"allow":["GET"]}}],"collection":[{"href":"https:\/\/aromasentia.com\/da\/wp-json\/wp\/v2\/product"}],"about":[{"href":"https:\/\/aromasentia.com\/da\/wp-json\/wp\/v2\/types\/product"}],"replies":[{"embeddable":true,"href":"https:\/\/aromasentia.com\/da\/wp-json\/wp\/v2\/comments?post=199343"}],"version-history":[{"count":0,"href":"https:\/\/aromasentia.com\/da\/wp-json\/wp\/v2\/product\/199343\/revisions"}],"wp:featuredmedia":[{"embeddable":true,"href":"https:\/\/aromasentia.com\/da\/wp-json\/wp\/v2\/media\/383077"}],"wp:attachment":[{"href":"https:\/\/aromasentia.com\/da\/wp-json\/wp\/v2\/media?parent=199343"}],"wp:term":[{"taxonomy":"product_brand","embeddable":true,"href":"https:\/\/aromasentia.com\/da\/wp-json\/wp\/v2\/product_brand?post=199343"},{"taxonomy":"product_cat","embeddable":true,"href":"https:\/\/aromasentia.com\/da\/wp-json\/wp\/v2\/product_cat?post=199343"},{"taxonomy":"product_tag","embeddable":true,"href":"https:\/\/aromasentia.com\/da\/wp-json\/wp\/v2\/product_tag?post=199343"}],"curies":[{"name":"wp","href":"https:\/\/api.w.org\/{rel}","templated":true}]}}