{"id":199328,"date":"2025-03-22T16:06:31","date_gmt":"2025-03-22T16:06:31","guid":{"rendered":"https:\/\/aromasentia.com\/product\/ganesh-panel-40cm\/"},"modified":"2025-06-22T03:19:06","modified_gmt":"2025-06-22T03:19:06","slug":"ganesh-panel-40-cm","status":"publish","type":"product","link":"https:\/\/aromasentia.com\/da\/ganesh-panel-40-cm\/","title":{"rendered":"ganesh-Panel &#8211; 40 cm"},"content":{"rendered":"<p>Disse <strong><span style=\"color: rgb(141, 186, 216);\">Ganesh Panel &#8211; 40cm<\/span><\/strong>&nbsp; Dekorative tr\u00e6paneler er h\u00e5ndsk\u00e5ret i <strong>100% b\u00e6redygtigt Suar-tr\u00e6<\/strong> af indonesiske kunsth\u00e5ndv\u00e6rkere.<\/p>\n<p>Hvert tr\u00e6panel er et unikt kunstv\u00e6rk, <strong>40 cm i diameter<\/strong> g\u00f8r det til en ideel v\u00e6gdekoration, der vil tilf\u00f8je et beroligende og afslappende pr\u00e6g til ethvert rum.<\/p>\n<p>Dine kunder vil blive fortryllet af den spektakul\u00e6re sans for detaljer og forskellige mystiske motiver i denne v\u00e6gkunst. Tr\u00e6et er krydret og f\u00e6rdiggjort med en flot naturlig farve, der passer til ethvert interi\u00f8r.<\/p>\n<p>I betragtning af hvor meget talent og omhu der ligger i hvert panel, repr\u00e6senterer dette naturlige kunstv\u00e6rk fremragende v\u00e6rdi for pengene.<\/p>\n<p><strong>NB: Vi kan kun f\u00e5 et begr\u00e6nset antal, da kunsth\u00e5ndv\u00e6rkerne kun kan lave \u00e9t stykke om dagen. S\u00e5 den kan v\u00e6re udsolgt til tider.<\/strong><\/p>\n<p><span style=\"color: rgb(141, 186, 216);\"><strong>Bring naturen indenfor med denne v\u00e6gkunst. Til dit netbutikstilbud. Bestil nu.<\/strong><\/span><\/p>\n","protected":false},"excerpt":{"rendered":"<p>Disse Ganesh Panel &#8211; 40cm&nbsp; Dekorative tr\u00e6paneler er h\u00e5ndsk\u00e5ret i 100% b\u00e6redygtigt Suar-tr\u00e6 af indonesiske kunsth\u00e5ndv\u00e6rkere. Hvert tr\u00e6panel er et unikt kunstv\u00e6rk, 40 cm i diameter g\u00f8r det til en ideel v\u00e6gdekoration, der vil tilf\u00f8je et beroligende og afslappende pr\u00e6g til ethvert rum. Dine kunder vil blive fortryllet af den spektakul\u00e6re sans for detaljer og [&hellip;]<\/p>\n","protected":false},"featured_media":382782,"comment_status":"closed","ping_status":"open","template":"","meta":{"_angie_page":false},"product_brand":[],"product_cat":[6332,5591],"product_tag":[],"class_list":{"0":"post-199328","1":"product","2":"type-product","3":"status-publish","4":"has-post-thumbnail","6":"product_cat-dekorationer","7":"product_cat-hjem-og-have","8":"pa_collection-decorative-wooden-panels-da","9":"pa_made-in-indonesien","11":"first","12":"instock","13":"purchasable","14":"product-type-simple"},"supplier_id":null,"supplier_sku":"WDW-02","barcode":null,"atum_controlled":true,"out_stock_date":null,"out_stock_threshold":null,"inheritable":false,"inbound_stock":null,"stock_on_hold":0,"sold_today":0,"sales_last_days":0,"reserved_stock":null,"customer_returns":null,"warehouse_damage":null,"lost_in_post":null,"other_logs":null,"out_stock_days":0,"lost_sales":0,"has_location":null,"update_date":"2026-04-27T07:27:00","atum_locations":[],"atum_stock_status":"instock","restock_status":false,"low_stock_amount":"","sales_update_date":"2026-01-30T01:24:40","calc_backorders":null,"_links":{"self":[{"href":"https:\/\/aromasentia.com\/da\/wp-json\/wp\/v2\/product\/199328","targetHints":{"allow":["GET"]}}],"collection":[{"href":"https:\/\/aromasentia.com\/da\/wp-json\/wp\/v2\/product"}],"about":[{"href":"https:\/\/aromasentia.com\/da\/wp-json\/wp\/v2\/types\/product"}],"replies":[{"embeddable":true,"href":"https:\/\/aromasentia.com\/da\/wp-json\/wp\/v2\/comments?post=199328"}],"version-history":[{"count":0,"href":"https:\/\/aromasentia.com\/da\/wp-json\/wp\/v2\/product\/199328\/revisions"}],"wp:featuredmedia":[{"embeddable":true,"href":"https:\/\/aromasentia.com\/da\/wp-json\/wp\/v2\/media\/382782"}],"wp:attachment":[{"href":"https:\/\/aromasentia.com\/da\/wp-json\/wp\/v2\/media?parent=199328"}],"wp:term":[{"taxonomy":"product_brand","embeddable":true,"href":"https:\/\/aromasentia.com\/da\/wp-json\/wp\/v2\/product_brand?post=199328"},{"taxonomy":"product_cat","embeddable":true,"href":"https:\/\/aromasentia.com\/da\/wp-json\/wp\/v2\/product_cat?post=199328"},{"taxonomy":"product_tag","embeddable":true,"href":"https:\/\/aromasentia.com\/da\/wp-json\/wp\/v2\/product_tag?post=199328"}],"curies":[{"name":"wp","href":"https:\/\/api.w.org\/{rel}","templated":true}]}}