{"id":199326,"date":"2025-03-22T16:06:31","date_gmt":"2025-03-22T16:06:31","guid":{"rendered":"https:\/\/aromasentia.com\/product\/tabletop-water-feature-35cm-natural-rocks-formation\/"},"modified":"2025-06-22T03:19:05","modified_gmt":"2025-06-22T03:19:05","slug":"vandkunst-paa-bordet-35-cm-naturlig-klippeformation","status":"publish","type":"product","link":"https:\/\/aromasentia.com\/da\/vandkunst-paa-bordet-35-cm-naturlig-klippeformation\/","title":{"rendered":"Vandkunst P\u00e5 Bordet &#8211; 35 cm &#8211; Naturlig Klippeformation"},"content":{"rendered":"<p><span style=\"color: rgb(75, 80, 88);\"><strong>Bordvandspillet \u2013 Naturstens Kaskade<\/strong> er professionelt fremstillet af polyresin for at efterligne udseendet af \u00e6gte sten med et kaskaderende vandfald, der flyder elegant ned ad flere etager. Dette design skaber en beroligende visuel og auditiv oplevelse, hvilket g\u00f8r det til et perfekt fokuspunkt i ethvert milj\u00f8.<\/span><\/p>\n<p><span style=\"color: rgb(75, 80, 88);\">Med sit naturlige steninspirerede udseende passer dette vandv\u00e6rk problemfrit ind i forskellige indretningsstile, fra moderne og minimalistisk til rustikt og traditionelt, og appellerer til en bred vifte af kunder og \u00f8ger salgspotentialet.<\/span><\/p>\n<p><span style=\"color: rgb(75, 80, 88);\">Den blide vandstr\u00f8m skaber en beroligende atmosf\u00e6re, ideel til meditationsrum, yogastudier eller blot for at tilf\u00f8je et fredeligt pr\u00e6g til ethvert rum.<\/span><\/p>\n<p><span style=\"color: rgb(141, 186, 216);\"><strong>G\u00e5 ikke glip af chancen for at bringe naturens fredfyldte sk\u00f8nhed ind i din boligindretningskollektion!<\/strong><\/span><\/p>\n","protected":false},"excerpt":{"rendered":"<p>Bordvandspillet \u2013 Naturstens Kaskade er professionelt fremstillet af polyresin for at efterligne udseendet af \u00e6gte sten med et kaskaderende vandfald, der flyder elegant ned ad flere etager. Dette design skaber en beroligende visuel og auditiv oplevelse, hvilket g\u00f8r det til et perfekt fokuspunkt i ethvert milj\u00f8. Med sit naturlige steninspirerede udseende passer dette vandv\u00e6rk problemfrit [&hellip;]<\/p>\n","protected":false},"featured_media":382764,"comment_status":"closed","ping_status":"open","template":"","meta":{"_angie_page":false},"product_brand":[],"product_cat":[6332,5591],"product_tag":[],"class_list":{"0":"post-199326","1":"product","2":"type-product","3":"status-publish","4":"has-post-thumbnail","6":"product_cat-dekorationer","7":"product_cat-hjem-og-have","8":"pa_collection-tabletop-water-features-da","9":"pa_made-in-kina","11":"first","12":"instock","13":"purchasable","14":"product-type-simple"},"supplier_id":null,"supplier_sku":"WaterF-15","barcode":null,"atum_controlled":true,"out_stock_date":null,"out_stock_threshold":null,"inheritable":false,"inbound_stock":null,"stock_on_hold":0,"sold_today":0,"sales_last_days":0,"reserved_stock":null,"customer_returns":null,"warehouse_damage":null,"lost_in_post":null,"other_logs":null,"out_stock_days":0,"lost_sales":0,"has_location":null,"update_date":"2026-05-11T01:56:49","atum_locations":[],"atum_stock_status":"instock","restock_status":false,"low_stock_amount":"","sales_update_date":"2025-09-04T00:31:00","calc_backorders":null,"_links":{"self":[{"href":"https:\/\/aromasentia.com\/da\/wp-json\/wp\/v2\/product\/199326","targetHints":{"allow":["GET"]}}],"collection":[{"href":"https:\/\/aromasentia.com\/da\/wp-json\/wp\/v2\/product"}],"about":[{"href":"https:\/\/aromasentia.com\/da\/wp-json\/wp\/v2\/types\/product"}],"replies":[{"embeddable":true,"href":"https:\/\/aromasentia.com\/da\/wp-json\/wp\/v2\/comments?post=199326"}],"version-history":[{"count":0,"href":"https:\/\/aromasentia.com\/da\/wp-json\/wp\/v2\/product\/199326\/revisions"}],"wp:featuredmedia":[{"embeddable":true,"href":"https:\/\/aromasentia.com\/da\/wp-json\/wp\/v2\/media\/382764"}],"wp:attachment":[{"href":"https:\/\/aromasentia.com\/da\/wp-json\/wp\/v2\/media?parent=199326"}],"wp:term":[{"taxonomy":"product_brand","embeddable":true,"href":"https:\/\/aromasentia.com\/da\/wp-json\/wp\/v2\/product_brand?post=199326"},{"taxonomy":"product_cat","embeddable":true,"href":"https:\/\/aromasentia.com\/da\/wp-json\/wp\/v2\/product_cat?post=199326"},{"taxonomy":"product_tag","embeddable":true,"href":"https:\/\/aromasentia.com\/da\/wp-json\/wp\/v2\/product_tag?post=199326"}],"curies":[{"name":"wp","href":"https:\/\/api.w.org\/{rel}","templated":true}]}}