{"id":199323,"date":"2025-03-22T16:06:31","date_gmt":"2025-03-22T16:06:31","guid":{"rendered":"https:\/\/aromasentia.com\/product\/tabletop-water-feature-35cm-elephants-crystal-ball-water-wheel\/"},"modified":"2025-06-22T03:19:04","modified_gmt":"2025-06-22T03:19:04","slug":"vandkunst-paa-bordet-35-cm-elefanter-krystalkugle-og-vandhjul","status":"publish","type":"product","link":"https:\/\/aromasentia.com\/da\/vandkunst-paa-bordet-35-cm-elefanter-krystalkugle-og-vandhjul\/","title":{"rendered":"Vandkunst P\u00e5 Bordet &#8211; 35 cm &#8211; Elefanter, Krystalkugle Og Vandhjul"},"content":{"rendered":"<p><span style=\"color: rgb(75, 80, 88);\"><strong>Bordvandspillet \u2013 Elefanter, Krystalkugle og Vandhjul \u2013 tilbyder et f\u00e6ngslende display med vand, der kaskaderer fra toppen og ned ad hvert niveau i bassinet nedenunder. Dette i\u00f8jnefaldende m\u00f8bel er fremstillet af holdbart polyresin og fungerer som b\u00e5de et funktionelt og dekorativt midtpunkt i ethvert hjem eller kontor.<\/span><\/p>\n<p><span style=\"color: rgb(75, 80, 88);\">Det, der g\u00f8r dette m\u00f8bel virkelig unikt, er dets kombination af symbolske elementer: elefanterne repr\u00e6senterer held og lykke, krystalkuglen bringer et strejf af mystik, og det roterende vandhjul tilf\u00f8jer dynamisk bev\u00e6gelse. Perfekt til dem, der s\u00f8ger et samtalem\u00f8bel, og det er ideelt til sofaborde, konsolborde eller receptionsskranker.<\/span><\/p>\n<p><span style=\"color: rgb(75, 80, 88);\">Med sin blide vandstr\u00f8m skaber dette m\u00f8bel en beroligende atmosf\u00e6re, hvilket g\u00f8r det til en fantastisk tilf\u00f8jelse til meditationsrum, yogastudier eller ethvert milj\u00f8, der har brug for ro.<\/span><\/p>\n<p><span style=\"color: rgb(141, 186, 216);\"><strong>Tilf\u00f8j dette fortryllende og rolige m\u00f8bel til din samling i dag!<\/strong><\/span><\/p>\n","protected":false},"excerpt":{"rendered":"<p>Bordvandspillet \u2013 Elefanter, Krystalkugle og Vandhjul \u2013 tilbyder et f\u00e6ngslende display med vand, der kaskaderer fra toppen og ned ad hvert niveau i bassinet nedenunder. Dette i\u00f8jnefaldende m\u00f8bel er fremstillet af holdbart polyresin og fungerer som b\u00e5de et funktionelt og dekorativt midtpunkt i ethvert hjem eller kontor. Det, der g\u00f8r dette m\u00f8bel virkelig unikt, er [&hellip;]<\/p>\n","protected":false},"featured_media":382729,"comment_status":"closed","ping_status":"open","template":"","meta":{"_angie_page":false},"product_brand":[],"product_cat":[6332,5591],"product_tag":[],"class_list":{"0":"post-199323","1":"product","2":"type-product","3":"status-publish","4":"has-post-thumbnail","6":"product_cat-dekorationer","7":"product_cat-hjem-og-have","8":"pa_collection-tabletop-water-features-da","9":"pa_made-in-kina","11":"first","12":"instock","13":"purchasable","14":"product-type-simple"},"supplier_id":null,"supplier_sku":"WaterF-12","barcode":null,"atum_controlled":true,"out_stock_date":null,"out_stock_threshold":null,"inheritable":false,"inbound_stock":null,"stock_on_hold":0,"sold_today":0,"sales_last_days":0,"reserved_stock":null,"customer_returns":null,"warehouse_damage":null,"lost_in_post":null,"other_logs":null,"out_stock_days":0,"lost_sales":0,"has_location":null,"update_date":"2026-05-08T05:21:30","atum_locations":[],"atum_stock_status":"instock","restock_status":false,"low_stock_amount":"","sales_update_date":"2025-09-04T00:30:58","calc_backorders":null,"_links":{"self":[{"href":"https:\/\/aromasentia.com\/da\/wp-json\/wp\/v2\/product\/199323","targetHints":{"allow":["GET"]}}],"collection":[{"href":"https:\/\/aromasentia.com\/da\/wp-json\/wp\/v2\/product"}],"about":[{"href":"https:\/\/aromasentia.com\/da\/wp-json\/wp\/v2\/types\/product"}],"replies":[{"embeddable":true,"href":"https:\/\/aromasentia.com\/da\/wp-json\/wp\/v2\/comments?post=199323"}],"version-history":[{"count":0,"href":"https:\/\/aromasentia.com\/da\/wp-json\/wp\/v2\/product\/199323\/revisions"}],"wp:featuredmedia":[{"embeddable":true,"href":"https:\/\/aromasentia.com\/da\/wp-json\/wp\/v2\/media\/382729"}],"wp:attachment":[{"href":"https:\/\/aromasentia.com\/da\/wp-json\/wp\/v2\/media?parent=199323"}],"wp:term":[{"taxonomy":"product_brand","embeddable":true,"href":"https:\/\/aromasentia.com\/da\/wp-json\/wp\/v2\/product_brand?post=199323"},{"taxonomy":"product_cat","embeddable":true,"href":"https:\/\/aromasentia.com\/da\/wp-json\/wp\/v2\/product_cat?post=199323"},{"taxonomy":"product_tag","embeddable":true,"href":"https:\/\/aromasentia.com\/da\/wp-json\/wp\/v2\/product_tag?post=199323"}],"curies":[{"name":"wp","href":"https:\/\/api.w.org\/{rel}","templated":true}]}}