{"id":199320,"date":"2025-03-22T16:06:31","date_gmt":"2025-03-22T16:06:31","guid":{"rendered":"https:\/\/aromasentia.com\/product\/tabletop-water-feature-20cm-elephant-in-love\/"},"modified":"2025-06-22T03:19:01","modified_gmt":"2025-06-22T03:19:01","slug":"vandkunst-paa-bordet-20-cm-forelsket-elefant","status":"publish","type":"product","link":"https:\/\/aromasentia.com\/da\/vandkunst-paa-bordet-20-cm-forelsket-elefant\/","title":{"rendered":"Vandkunst P\u00e5 Bordet &#8211; 20 cm &#8211; Forelsket Elefant"},"content":{"rendered":"<p><strong><span style=\"color: rgb(75, 80, 88);\">Bordvandspillet \u2013 Elephant Love Cascade<\/span><\/strong><span style=\"color: rgb(75, 80, 88);\"> viser to smukt skulpturerede elefanter, der symboliserer k\u00e6rlighed og hengivenhed. Perfekt til gavebutikker eller boligindretningskollektioner, bringer dette m\u00f8bel en finurlig og romantisk charme til ethvert milj\u00f8.<\/span><\/p>\n<p><span style=\"color: rgb(75, 80, 88);\">Med sit hjertevarmende elefantdesign fungerer dette vandspil som et sl\u00e5ende midtpunkt og tilbyder et unikt alternativ til typiske designs, der \u00f8jeblikkeligt fanger kundernes opm\u00e6rksomhed. Den blide lyd af str\u00f8mmende vand bidrager til den beroligende atmosf\u00e6re uden at forstyrre, hvilket sikrer en afslappende oplevelse.<\/span><\/p>\n<p><span style=\"color: rgb(75, 80, 88);\">Ideel til en bred vifte af kunder, fra elefantelskere til par, der s\u00f8ger en rolig accent til deres hjem. Dette fortryllende vandspil er en fantastisk tilf\u00f8jelse til enhver samling, der helt sikkert vil forbedre dit lager og \u00f8ge salget!<\/span><\/p>\n","protected":false},"excerpt":{"rendered":"<p>Bordvandspillet \u2013 Elephant Love Cascade viser to smukt skulpturerede elefanter, der symboliserer k\u00e6rlighed og hengivenhed. Perfekt til gavebutikker eller boligindretningskollektioner, bringer dette m\u00f8bel en finurlig og romantisk charme til ethvert milj\u00f8. Med sit hjertevarmende elefantdesign fungerer dette vandspil som et sl\u00e5ende midtpunkt og tilbyder et unikt alternativ til typiske designs, der \u00f8jeblikkeligt fanger kundernes opm\u00e6rksomhed. [&hellip;]<\/p>\n","protected":false},"featured_media":382702,"comment_status":"closed","ping_status":"open","template":"","meta":{"_angie_page":false},"product_brand":[],"product_cat":[6332,5591],"product_tag":[],"class_list":{"0":"post-199320","1":"product","2":"type-product","3":"status-publish","4":"has-post-thumbnail","6":"product_cat-dekorationer","7":"product_cat-hjem-og-have","8":"pa_collection-tabletop-water-features-da","9":"pa_made-in-kina","11":"first","12":"instock","13":"purchasable","14":"product-type-simple"},"supplier_id":null,"supplier_sku":"WaterF-08","barcode":null,"atum_controlled":true,"out_stock_date":null,"out_stock_threshold":null,"inheritable":false,"inbound_stock":null,"stock_on_hold":0,"sold_today":0,"sales_last_days":0,"reserved_stock":null,"customer_returns":null,"warehouse_damage":null,"lost_in_post":null,"other_logs":null,"out_stock_days":0,"lost_sales":0,"has_location":null,"update_date":"2026-05-08T05:21:29","atum_locations":[],"atum_stock_status":"instock","restock_status":false,"low_stock_amount":"","sales_update_date":"2025-09-04T00:30:58","calc_backorders":null,"_links":{"self":[{"href":"https:\/\/aromasentia.com\/da\/wp-json\/wp\/v2\/product\/199320","targetHints":{"allow":["GET"]}}],"collection":[{"href":"https:\/\/aromasentia.com\/da\/wp-json\/wp\/v2\/product"}],"about":[{"href":"https:\/\/aromasentia.com\/da\/wp-json\/wp\/v2\/types\/product"}],"replies":[{"embeddable":true,"href":"https:\/\/aromasentia.com\/da\/wp-json\/wp\/v2\/comments?post=199320"}],"version-history":[{"count":0,"href":"https:\/\/aromasentia.com\/da\/wp-json\/wp\/v2\/product\/199320\/revisions"}],"wp:featuredmedia":[{"embeddable":true,"href":"https:\/\/aromasentia.com\/da\/wp-json\/wp\/v2\/media\/382702"}],"wp:attachment":[{"href":"https:\/\/aromasentia.com\/da\/wp-json\/wp\/v2\/media?parent=199320"}],"wp:term":[{"taxonomy":"product_brand","embeddable":true,"href":"https:\/\/aromasentia.com\/da\/wp-json\/wp\/v2\/product_brand?post=199320"},{"taxonomy":"product_cat","embeddable":true,"href":"https:\/\/aromasentia.com\/da\/wp-json\/wp\/v2\/product_cat?post=199320"},{"taxonomy":"product_tag","embeddable":true,"href":"https:\/\/aromasentia.com\/da\/wp-json\/wp\/v2\/product_tag?post=199320"}],"curies":[{"name":"wp","href":"https:\/\/api.w.org\/{rel}","templated":true}]}}