{"id":199317,"date":"2025-03-22T16:06:31","date_gmt":"2025-03-22T16:06:31","guid":{"rendered":"https:\/\/aromasentia.com\/product\/tabletop-water-feature-18cm-cascading-rock-formation\/"},"modified":"2025-06-22T03:19:00","modified_gmt":"2025-06-22T03:19:00","slug":"vandkunst-paa-bordet-18cm-kaskaderende-klippeformation","status":"publish","type":"product","link":"https:\/\/aromasentia.com\/da\/vandkunst-paa-bordet-18cm-kaskaderende-klippeformation\/","title":{"rendered":"Vandkunst P\u00e5 Bordet &#8211; 18cm &#8211; Kaskaderende Klippeformation"},"content":{"rendered":"<p><span style=\"color: rgb(75, 80, 88);\">At bringe feng shui ind i dit hjem kan v\u00e6re livs\u00e6ndrende. Feng shui handler om at skabe balance, harmoni, naturlig flow og energi for at forbedre dit hum\u00f8r, velv\u00e6re og indre styrke. En af de bedste m\u00e5der at g\u00f8re dette p\u00e5 er med denne afslappende indend\u00f8rs bordpladevandfunktion.<\/span><\/p>\n<p><span style=\"color: rgb(75, 80, 88);\"><br \/><\/span><\/p>\n<p><span style=\"color: rgb(75, 80, 88);\">Omr\u00e5det for god feng shui, hvor du kan placere din font\u00e6ne, er det nordlige hj\u00f8rne, da det repr\u00e6senterer vandelementerne. Entreen er ogs\u00e5 et godt sted, men s\u00f8rg for, at vandstr\u00f8mmen fra den indend\u00f8rs springvand g\u00e5r ind i dit hjem for at tilskynde den positive energi til at blive inde og ikke flyde tilbage udenfor.<\/span><\/p>\n<p><span style=\"color: rgb(75, 80, 88);\">Da mange af os arbejder hjemmefra, er hjemmekontoret et godt sted at skabe positiv energi i l\u00f8bet af din arbejdsdag. Den beroligende lyd af rislende eller faldende vand er en fredelig og rolig lyd, der kan hj\u00e6lpe dig med at slappe af. Hvis du lytter til lyden, is\u00e6r mens du mediterer, kan den ogs\u00e5 hj\u00e6lpe dig med at frigive enhver sp\u00e6nding eller stress, du m\u00e5tte holde fast i.<\/span><\/p>\n<p><span style=\"color: rgb(75, 80, 88);\"><br \/><\/span><\/p>\n<p><span style=\"color: rgb(75, 80, 88);\">Font\u00e6ner er pakket i elegante, \u00f8kologiske kasser. Indeni finder du brugermanualen. Indbygget belysning &#8211; Pumpe inkluderet &#8211; Flow-\/hastighedskontrol &#8211; Elektrisk<\/span><\/p>\n<p><span style=\"color: rgb(75, 80, 88);\"><strong>V\u00e6lg mellem 7 designs, og lad dine kunder finde det perfekte design til god feng shui.<\/strong><\/span><\/p>\n","protected":false},"excerpt":{"rendered":"<p>At bringe feng shui ind i dit hjem kan v\u00e6re livs\u00e6ndrende. Feng shui handler om at skabe balance, harmoni, naturlig flow og energi for at forbedre dit hum\u00f8r, velv\u00e6re og indre styrke. En af de bedste m\u00e5der at g\u00f8re dette p\u00e5 er med denne afslappende indend\u00f8rs bordpladevandfunktion. Omr\u00e5det for god feng shui, hvor du kan [&hellip;]<\/p>\n","protected":false},"featured_media":382643,"comment_status":"closed","ping_status":"open","template":"","meta":{"_angie_page":false},"product_brand":[],"product_cat":[6332,5591],"product_tag":[],"class_list":{"0":"post-199317","1":"product","2":"type-product","3":"status-publish","4":"has-post-thumbnail","6":"product_cat-dekorationer","7":"product_cat-hjem-og-have","8":"pa_collection-tabletop-water-features-da","9":"pa_made-in-kina","11":"first","12":"instock","13":"purchasable","14":"product-type-simple"},"supplier_id":null,"supplier_sku":"WaterF-05","barcode":null,"atum_controlled":true,"out_stock_date":null,"out_stock_threshold":null,"inheritable":false,"inbound_stock":null,"stock_on_hold":0,"sold_today":0,"sales_last_days":0,"reserved_stock":null,"customer_returns":null,"warehouse_damage":null,"lost_in_post":null,"other_logs":null,"out_stock_days":0,"lost_sales":0,"has_location":null,"update_date":"2026-04-27T07:26:38","atum_locations":[],"atum_stock_status":"instock","restock_status":false,"low_stock_amount":"","sales_update_date":"2026-01-30T01:24:47","calc_backorders":null,"_links":{"self":[{"href":"https:\/\/aromasentia.com\/da\/wp-json\/wp\/v2\/product\/199317","targetHints":{"allow":["GET"]}}],"collection":[{"href":"https:\/\/aromasentia.com\/da\/wp-json\/wp\/v2\/product"}],"about":[{"href":"https:\/\/aromasentia.com\/da\/wp-json\/wp\/v2\/types\/product"}],"replies":[{"embeddable":true,"href":"https:\/\/aromasentia.com\/da\/wp-json\/wp\/v2\/comments?post=199317"}],"version-history":[{"count":0,"href":"https:\/\/aromasentia.com\/da\/wp-json\/wp\/v2\/product\/199317\/revisions"}],"wp:featuredmedia":[{"embeddable":true,"href":"https:\/\/aromasentia.com\/da\/wp-json\/wp\/v2\/media\/382643"}],"wp:attachment":[{"href":"https:\/\/aromasentia.com\/da\/wp-json\/wp\/v2\/media?parent=199317"}],"wp:term":[{"taxonomy":"product_brand","embeddable":true,"href":"https:\/\/aromasentia.com\/da\/wp-json\/wp\/v2\/product_brand?post=199317"},{"taxonomy":"product_cat","embeddable":true,"href":"https:\/\/aromasentia.com\/da\/wp-json\/wp\/v2\/product_cat?post=199317"},{"taxonomy":"product_tag","embeddable":true,"href":"https:\/\/aromasentia.com\/da\/wp-json\/wp\/v2\/product_tag?post=199317"}],"curies":[{"name":"wp","href":"https:\/\/api.w.org\/{rel}","templated":true}]}}