{"id":199299,"date":"2025-03-22T16:58:42","date_gmt":"2025-03-22T16:58:42","guid":{"rendered":"https:\/\/aromasentia.com\/product\/aloe-vera-fragrance-oil-10ml\/"},"modified":"2025-06-22T03:18:50","modified_gmt":"2025-06-22T03:18:50","slug":"aloe-vera-duftolie-10ml","status":"publish","type":"product","link":"https:\/\/aromasentia.com\/da\/aloe-vera-duftolie-10ml\/","title":{"rendered":"Aloe Vera Duftolie 10ml"},"content":{"rendered":"<p><strong>Aloe Vera Fragrance Oil <\/strong>\u00e5bner med den friske, rene duft af aloe vera kombineret med et urteagtigt strejf af basilikum. Hjertet afsl\u00f8rer en delikat blomsterblanding af rose, jasmin og muguet, mens duften er forankret i en bl\u00f8d base af moskus og tonka, der skaber en beroligende og forfriskende aroma. <\/p>\n<p><strong>Topnoter:&nbsp;<\/strong>Aloe Vera, Basilikum.<\/p>\n<p><strong>Hjertenoter:<\/strong> Rose, Jasmin, Muguet.<\/p>\n<p><strong>Basenoter:&nbsp;<\/strong>Moskus, Tonka.<\/p>\n<p>Hver \u00e6ske indeholder 10 flasker med 10 ml duftolie.<\/p>\n","protected":false},"excerpt":{"rendered":"<p>Aloe Vera Fragrance Oil \u00e5bner med den friske, rene duft af aloe vera kombineret med et urteagtigt strejf af basilikum. Hjertet afsl\u00f8rer en delikat blomsterblanding af rose, jasmin og muguet, mens duften er forankret i en bl\u00f8d base af moskus og tonka, der skaber en beroligende og forfriskende aroma. Topnoter:&nbsp;Aloe Vera, Basilikum. Hjertenoter: Rose, Jasmin, [&hellip;]<\/p>\n","protected":false},"featured_media":386077,"comment_status":"closed","ping_status":"open","template":"","meta":{"_angie_page":false},"product_brand":[],"product_cat":[26575,6153,25839,6158,26837],"product_tag":[],"class_list":{"0":"post-199299","1":"product","2":"type-product","3":"status-publish","4":"has-post-thumbnail","6":"product_cat-aloe-vera","7":"product_cat-aromaterapi-og-rumdufte","8":"product_cat-dufte-aromaer","9":"product_cat-duftolier","10":"product_cat-frisk-ren","11":"pa_collection-ancient-wisdom-fragrance-oils-da","12":"pa_made-in-storbritannien","13":"pa_size-10ml","15":"first","16":"instock","17":"purchasable","18":"product-type-simple"},"supplier_id":null,"supplier_sku":"AWFO-93","barcode":null,"atum_controlled":true,"out_stock_date":null,"out_stock_threshold":null,"inheritable":false,"inbound_stock":null,"stock_on_hold":0,"sold_today":0,"sales_last_days":0,"reserved_stock":null,"customer_returns":null,"warehouse_damage":null,"lost_in_post":null,"other_logs":null,"out_stock_days":0,"lost_sales":0,"has_location":null,"update_date":"2026-05-08T05:03:50","atum_locations":[],"atum_stock_status":"instock","restock_status":false,"low_stock_amount":"","sales_update_date":"2026-02-06T00:01:55","calc_backorders":null,"_links":{"self":[{"href":"https:\/\/aromasentia.com\/da\/wp-json\/wp\/v2\/product\/199299","targetHints":{"allow":["GET"]}}],"collection":[{"href":"https:\/\/aromasentia.com\/da\/wp-json\/wp\/v2\/product"}],"about":[{"href":"https:\/\/aromasentia.com\/da\/wp-json\/wp\/v2\/types\/product"}],"replies":[{"embeddable":true,"href":"https:\/\/aromasentia.com\/da\/wp-json\/wp\/v2\/comments?post=199299"}],"version-history":[{"count":0,"href":"https:\/\/aromasentia.com\/da\/wp-json\/wp\/v2\/product\/199299\/revisions"}],"wp:featuredmedia":[{"embeddable":true,"href":"https:\/\/aromasentia.com\/da\/wp-json\/wp\/v2\/media\/386077"}],"wp:attachment":[{"href":"https:\/\/aromasentia.com\/da\/wp-json\/wp\/v2\/media?parent=199299"}],"wp:term":[{"taxonomy":"product_brand","embeddable":true,"href":"https:\/\/aromasentia.com\/da\/wp-json\/wp\/v2\/product_brand?post=199299"},{"taxonomy":"product_cat","embeddable":true,"href":"https:\/\/aromasentia.com\/da\/wp-json\/wp\/v2\/product_cat?post=199299"},{"taxonomy":"product_tag","embeddable":true,"href":"https:\/\/aromasentia.com\/da\/wp-json\/wp\/v2\/product_tag?post=199299"}],"curies":[{"name":"wp","href":"https:\/\/api.w.org\/{rel}","templated":true}]}}