{"id":199225,"date":"2025-03-22T16:58:42","date_gmt":"2025-03-22T16:58:42","guid":{"rendered":"https:\/\/aromasentia.com\/product\/10ml-apple-spice-fragrance-oil\/"},"modified":"2025-06-22T03:18:15","modified_gmt":"2025-06-22T03:18:15","slug":"aeblekrydderi-duftolie-10ml","status":"publish","type":"product","link":"https:\/\/aromasentia.com\/da\/aeblekrydderi-duftolie-10ml\/","title":{"rendered":"\u00c6blekrydderi Duftolie 10ml"},"content":{"rendered":"<p>Vores <strong>\u00e6blekrydderi-duftolier<\/strong>er meget holdbare, fordi de er fortyndet med en anden olie lavet af dipropylenglycol (DPG). DPG er en almindelig b\u00e6reolie, der bruges til at sk\u00e6re duftolier for at g\u00f8re dem mere effektive.<\/p>\n<p>Derudover vil dens sk\u00f8nne, karakteristiske duft helt sikkert fange nogle kunders opm\u00e6rksomhed.<\/p>\n","protected":false},"excerpt":{"rendered":"<p>Vores \u00e6blekrydderi-duftolierer meget holdbare, fordi de er fortyndet med en anden olie lavet af dipropylenglycol (DPG). DPG er en almindelig b\u00e6reolie, der bruges til at sk\u00e6re duftolier for at g\u00f8re dem mere effektive. Derudover vil dens sk\u00f8nne, karakteristiske duft helt sikkert fange nogle kunders opm\u00e6rksomhed.<\/p>\n","protected":false},"featured_media":384227,"comment_status":"closed","ping_status":"open","template":"","meta":[],"product_brand":[],"product_cat":[26515,6153,25839,6158,26844],"product_tag":[],"class_list":{"0":"post-199225","1":"product","2":"type-product","3":"status-publish","4":"has-post-thumbnail","6":"product_cat-aeble","7":"product_cat-aromaterapi-og-rumdufte","8":"product_cat-dufte-aromaer","9":"product_cat-duftolier","10":"product_cat-frugtagtig","11":"pa_collection-ancient-wisdom-fragrance-oils-da","12":"pa_made-in-storbritannien","13":"pa_size-10ml","15":"first","16":"outofstock","17":"purchasable","18":"product-type-simple"},"supplier_id":null,"supplier_sku":"AWFO-02","barcode":null,"atum_controlled":true,"out_stock_date":"2025-10-09 12:10:17","out_stock_threshold":null,"inheritable":false,"inbound_stock":null,"stock_on_hold":0,"sold_today":0,"sales_last_days":0,"reserved_stock":null,"customer_returns":null,"warehouse_damage":null,"lost_in_post":null,"other_logs":null,"out_stock_days":112,"lost_sales":0,"has_location":null,"update_date":"2026-01-30T01:25:19","atum_locations":[],"atum_stock_status":"outofstock","restock_status":false,"low_stock_amount":"","sales_update_date":"2026-01-30T01:25:19","calc_backorders":null,"_links":{"self":[{"href":"https:\/\/aromasentia.com\/da\/wp-json\/wp\/v2\/product\/199225","targetHints":{"allow":["GET"]}}],"collection":[{"href":"https:\/\/aromasentia.com\/da\/wp-json\/wp\/v2\/product"}],"about":[{"href":"https:\/\/aromasentia.com\/da\/wp-json\/wp\/v2\/types\/product"}],"replies":[{"embeddable":true,"href":"https:\/\/aromasentia.com\/da\/wp-json\/wp\/v2\/comments?post=199225"}],"version-history":[{"count":0,"href":"https:\/\/aromasentia.com\/da\/wp-json\/wp\/v2\/product\/199225\/revisions"}],"wp:featuredmedia":[{"embeddable":true,"href":"https:\/\/aromasentia.com\/da\/wp-json\/wp\/v2\/media\/384227"}],"wp:attachment":[{"href":"https:\/\/aromasentia.com\/da\/wp-json\/wp\/v2\/media?parent=199225"}],"wp:term":[{"taxonomy":"product_brand","embeddable":true,"href":"https:\/\/aromasentia.com\/da\/wp-json\/wp\/v2\/product_brand?post=199225"},{"taxonomy":"product_cat","embeddable":true,"href":"https:\/\/aromasentia.com\/da\/wp-json\/wp\/v2\/product_cat?post=199225"},{"taxonomy":"product_tag","embeddable":true,"href":"https:\/\/aromasentia.com\/da\/wp-json\/wp\/v2\/product_tag?post=199225"}],"curies":[{"name":"wp","href":"https:\/\/api.w.org\/{rel}","templated":true}]}}