{"id":199199,"date":"2025-03-22T16:58:52","date_gmt":"2025-03-22T16:58:52","guid":{"rendered":"https:\/\/aromasentia.com\/product\/ginger-lime-fragrance-250g\/"},"modified":"2025-06-22T03:18:00","modified_gmt":"2025-06-22T03:18:00","slug":"ginger-lime-duftolie-250ml","status":"publish","type":"product","link":"https:\/\/aromasentia.com\/da\/ginger-lime-duftolie-250ml\/","title":{"rendered":"Ginger &#038; Lime Duftolie 250ml"},"content":{"rendered":"<p>Opfrisk dine sanser med den pikante og krydrede aroma af ingef\u00e6r og lime med denne 250 ml duftolie. Denne olie er perfekt til brug i oliebr\u00e6ndere, diffusorer eller til forfriskende potpourri og skaber en opl\u00f8ftende og energigivende atmosf\u00e6re.<\/p>\n","protected":false},"excerpt":{"rendered":"<p>Opfrisk dine sanser med den pikante og krydrede aroma af ingef\u00e6r og lime med denne 250 ml duftolie. Denne olie er perfekt til brug i oliebr\u00e6ndere, diffusorer eller til forfriskende potpourri og skaber en opl\u00f8ftende og energigivende atmosf\u00e6re.<\/p>\n","protected":false},"featured_media":386536,"comment_status":"closed","ping_status":"open","template":"","meta":{"_angie_page":false},"product_brand":[],"product_cat":[6153,26816,25839,6158,25949,26886,25962],"product_tag":[],"class_list":{"0":"post-199199","1":"product","2":"type-product","3":"status-publish","4":"has-post-thumbnail","6":"product_cat-aromaterapi-og-rumdufte","7":"product_cat-citrus","8":"product_cat-dufte-aromaer","9":"product_cat-duftolier","10":"product_cat-ingefaer-dufte-aromaer","11":"product_cat-krydret","12":"product_cat-lime","13":"pa_collection-pure-fragrance-oils-250g-da","14":"pa_made-in-storbritannien","15":"pa_size-250ml","17":"first","18":"instock","19":"purchasable","20":"product-type-simple"},"supplier_id":null,"supplier_sku":"AWPFO-15","barcode":null,"atum_controlled":true,"out_stock_date":null,"out_stock_threshold":null,"inheritable":false,"inbound_stock":null,"stock_on_hold":0,"sold_today":0,"sales_last_days":0,"reserved_stock":null,"customer_returns":null,"warehouse_damage":null,"lost_in_post":null,"other_logs":null,"out_stock_days":0,"lost_sales":0,"has_location":null,"update_date":"2026-04-27T06:52:40","atum_locations":[],"atum_stock_status":"instock","restock_status":false,"low_stock_amount":"","sales_update_date":"2026-01-30T01:25:22","calc_backorders":null,"_links":{"self":[{"href":"https:\/\/aromasentia.com\/da\/wp-json\/wp\/v2\/product\/199199","targetHints":{"allow":["GET"]}}],"collection":[{"href":"https:\/\/aromasentia.com\/da\/wp-json\/wp\/v2\/product"}],"about":[{"href":"https:\/\/aromasentia.com\/da\/wp-json\/wp\/v2\/types\/product"}],"replies":[{"embeddable":true,"href":"https:\/\/aromasentia.com\/da\/wp-json\/wp\/v2\/comments?post=199199"}],"version-history":[{"count":0,"href":"https:\/\/aromasentia.com\/da\/wp-json\/wp\/v2\/product\/199199\/revisions"}],"wp:featuredmedia":[{"embeddable":true,"href":"https:\/\/aromasentia.com\/da\/wp-json\/wp\/v2\/media\/386536"}],"wp:attachment":[{"href":"https:\/\/aromasentia.com\/da\/wp-json\/wp\/v2\/media?parent=199199"}],"wp:term":[{"taxonomy":"product_brand","embeddable":true,"href":"https:\/\/aromasentia.com\/da\/wp-json\/wp\/v2\/product_brand?post=199199"},{"taxonomy":"product_cat","embeddable":true,"href":"https:\/\/aromasentia.com\/da\/wp-json\/wp\/v2\/product_cat?post=199199"},{"taxonomy":"product_tag","embeddable":true,"href":"https:\/\/aromasentia.com\/da\/wp-json\/wp\/v2\/product_tag?post=199199"}],"curies":[{"name":"wp","href":"https:\/\/api.w.org\/{rel}","templated":true}]}}