{"id":199183,"date":"2025-03-22T16:58:52","date_gmt":"2025-03-22T16:58:52","guid":{"rendered":"https:\/\/aromasentia.com\/product\/aroma-wax-melts-ginger-clove\/"},"modified":"2025-06-22T03:17:54","modified_gmt":"2025-06-22T03:17:54","slug":"aroma-duftvoks-ingefaer-og-nellike","status":"publish","type":"product","link":"https:\/\/aromasentia.com\/da\/aroma-duftvoks-ingefaer-og-nellike\/","title":{"rendered":"Aroma Duftvoks &#8211; Ingef\u00e6r Og Nellike"},"content":{"rendered":"<p>Hver glaskrukke med <strong>Aroma Wax Melts &#8211; Ingef\u00e6r &#038; Nellike<\/strong><\/p>\n<p>indeholder 60 vokshjerter, lavet af RENE \u00c6TERISKE OLIER. Et eller to hjerter smeltet i en oliebr\u00e6nder vil skabe en dejlig aroma.<\/p>\n<p>Disse Wax Melts fra <strong>Aroma Sentia<\/strong> er lavet med rene aromaterapi \u00e6teriske olier i en blanding af sojavoks og indeholder ingen paraffinvoks, s\u00e5 de f\u00e5r rum til at dufte af duft og ikke olie.<\/p>\n<p><strong>En perfekt gave til alle lejligheder.<\/strong><\/p>\n","protected":false},"excerpt":{"rendered":"<p>Hver glaskrukke med Aroma Wax Melts &#8211; Ingef\u00e6r &#038; Nellike indeholder 60 vokshjerter, lavet af RENE \u00c6TERISKE OLIER. Et eller to hjerter smeltet i en oliebr\u00e6nder vil skabe en dejlig aroma. Disse Wax Melts fra Aroma Sentia er lavet med rene aromaterapi \u00e6teriske olier i en blanding af sojavoks og indeholder ingen paraffinvoks, s\u00e5 de [&hellip;]<\/p>\n","protected":false},"featured_media":386392,"comment_status":"closed","ping_status":"open","template":"","meta":{"_angie_page":false},"product_brand":[],"product_cat":[6153,25839,25949,26886,26455,6207],"product_tag":[],"class_list":{"0":"post-199183","1":"product","2":"type-product","3":"status-publish","4":"has-post-thumbnail","6":"product_cat-aromaterapi-og-rumdufte","7":"product_cat-dufte-aromaer","8":"product_cat-ingefaer-dufte-aromaer","9":"product_cat-krydret","10":"product_cat-nellike","11":"product_cat-soja-duftvoks-sojavoks","12":"pa_collection-aroma-wax-melts-da","13":"pa_made-in-kina","15":"first","16":"instock","17":"purchasable","18":"product-type-simple"},"supplier_id":null,"supplier_sku":"AWMJ-05","barcode":null,"atum_controlled":true,"out_stock_date":null,"out_stock_threshold":null,"inheritable":false,"inbound_stock":null,"stock_on_hold":0,"sold_today":0,"sales_last_days":0,"reserved_stock":null,"customer_returns":null,"warehouse_damage":null,"lost_in_post":null,"other_logs":null,"out_stock_days":0,"lost_sales":0,"has_location":null,"update_date":"2026-04-27T06:52:34","atum_locations":[],"atum_stock_status":"instock","restock_status":false,"low_stock_amount":"","sales_update_date":"2026-01-30T01:26:06","calc_backorders":null,"_links":{"self":[{"href":"https:\/\/aromasentia.com\/da\/wp-json\/wp\/v2\/product\/199183","targetHints":{"allow":["GET"]}}],"collection":[{"href":"https:\/\/aromasentia.com\/da\/wp-json\/wp\/v2\/product"}],"about":[{"href":"https:\/\/aromasentia.com\/da\/wp-json\/wp\/v2\/types\/product"}],"replies":[{"embeddable":true,"href":"https:\/\/aromasentia.com\/da\/wp-json\/wp\/v2\/comments?post=199183"}],"version-history":[{"count":0,"href":"https:\/\/aromasentia.com\/da\/wp-json\/wp\/v2\/product\/199183\/revisions"}],"wp:featuredmedia":[{"embeddable":true,"href":"https:\/\/aromasentia.com\/da\/wp-json\/wp\/v2\/media\/386392"}],"wp:attachment":[{"href":"https:\/\/aromasentia.com\/da\/wp-json\/wp\/v2\/media?parent=199183"}],"wp:term":[{"taxonomy":"product_brand","embeddable":true,"href":"https:\/\/aromasentia.com\/da\/wp-json\/wp\/v2\/product_brand?post=199183"},{"taxonomy":"product_cat","embeddable":true,"href":"https:\/\/aromasentia.com\/da\/wp-json\/wp\/v2\/product_cat?post=199183"},{"taxonomy":"product_tag","embeddable":true,"href":"https:\/\/aromasentia.com\/da\/wp-json\/wp\/v2\/product_tag?post=199183"}],"curies":[{"name":"wp","href":"https:\/\/api.w.org\/{rel}","templated":true}]}}