{"id":199171,"date":"2025-03-22T16:58:52","date_gmt":"2025-03-22T16:58:52","guid":{"rendered":"https:\/\/aromasentia.com\/product\/500ml-pure-fo-sandalwood\/"},"modified":"2025-06-22T03:17:48","modified_gmt":"2025-06-22T03:17:48","slug":"pure-sandalwood-duftolie-500ml","status":"publish","type":"product","link":"https:\/\/aromasentia.com\/da\/pure-sandalwood-duftolie-500ml\/","title":{"rendered":"Pure Sandalwood Duftolie 500ml"},"content":{"rendered":"<p><strong>Ancient Wisdom&nbsp;<\/strong>Duftolier er ikke de billigste &#8211; men vi mener, at de er de bedste i forhold til pris og kvalitet. De er ideelle til duft af r\u00e5 r\u00f8gelseskegler.&nbsp;<\/p>\n<p><strong><span style=\"color: rgb(184, 49, 47);\">100% ren duftolie<\/span><\/strong>, alle vores olier er omhyggeligt udvalgt, oftest k\u00f8bt fra prim\u00e6re kilder, testet for renhed og underlagt strenge standarder for kvalitetskontrol. Pakket p\u00e5 bestilling, batchkodet og m\u00e6rket med en holdbarhedsdato.<\/p>\n<p>Hver duftolie er pakket i en aluminiumsflaske med et sikkert l\u00e5g.<\/p>\n<p><em>Sandalwood har en meget karakteristisk duft, der er varm, tr\u00e6agtig, fl\u00f8jlsagtig og balsamisk for at give et indbydende twist i dagtimerne.<\/em><\/p>\n<p><strong>N\u00e5r kun den bedste kvalitet er god nok.<\/strong><\/p>\n","protected":false},"excerpt":{"rendered":"<p>Ancient Wisdom&nbsp;Duftolier er ikke de billigste &#8211; men vi mener, at de er de bedste i forhold til pris og kvalitet. De er ideelle til duft af r\u00e5 r\u00f8gelseskegler.&nbsp; 100% ren duftolie, alle vores olier er omhyggeligt udvalgt, oftest k\u00f8bt fra prim\u00e6re kilder, testet for renhed og underlagt strenge standarder for kvalitetskontrol. Pakket p\u00e5 bestilling, [&hellip;]<\/p>\n","protected":false},"featured_media":387808,"comment_status":"closed","ping_status":"open","template":"","meta":{"_angie_page":false},"product_brand":[],"product_cat":[6153,25839,6158,25990,26893],"product_tag":[],"class_list":{"0":"post-199171","1":"product","2":"type-product","3":"status-publish","4":"has-post-thumbnail","6":"product_cat-aromaterapi-og-rumdufte","7":"product_cat-dufte-aromaer","8":"product_cat-duftolier","9":"product_cat-sandeltrae","10":"product_cat-traeagtig","11":"pa_collection-pure-fragrance-oils-500ml-da","12":"pa_made-in-storbritannien","13":"pa_size-500ml","15":"first","16":"instock","17":"purchasable","18":"product-type-simple"},"supplier_id":null,"supplier_sku":"FOBp-104","barcode":null,"atum_controlled":true,"out_stock_date":null,"out_stock_threshold":null,"inheritable":false,"inbound_stock":null,"stock_on_hold":0,"sold_today":0,"sales_last_days":0,"reserved_stock":null,"customer_returns":null,"warehouse_damage":null,"lost_in_post":null,"other_logs":null,"out_stock_days":9,"lost_sales":0,"has_location":null,"update_date":"2026-04-27T07:03:44","atum_locations":[],"atum_stock_status":"instock","restock_status":false,"low_stock_amount":"","sales_update_date":"2026-02-06T00:02:46","calc_backorders":null,"_links":{"self":[{"href":"https:\/\/aromasentia.com\/da\/wp-json\/wp\/v2\/product\/199171","targetHints":{"allow":["GET"]}}],"collection":[{"href":"https:\/\/aromasentia.com\/da\/wp-json\/wp\/v2\/product"}],"about":[{"href":"https:\/\/aromasentia.com\/da\/wp-json\/wp\/v2\/types\/product"}],"replies":[{"embeddable":true,"href":"https:\/\/aromasentia.com\/da\/wp-json\/wp\/v2\/comments?post=199171"}],"version-history":[{"count":0,"href":"https:\/\/aromasentia.com\/da\/wp-json\/wp\/v2\/product\/199171\/revisions"}],"wp:featuredmedia":[{"embeddable":true,"href":"https:\/\/aromasentia.com\/da\/wp-json\/wp\/v2\/media\/387808"}],"wp:attachment":[{"href":"https:\/\/aromasentia.com\/da\/wp-json\/wp\/v2\/media?parent=199171"}],"wp:term":[{"taxonomy":"product_brand","embeddable":true,"href":"https:\/\/aromasentia.com\/da\/wp-json\/wp\/v2\/product_brand?post=199171"},{"taxonomy":"product_cat","embeddable":true,"href":"https:\/\/aromasentia.com\/da\/wp-json\/wp\/v2\/product_cat?post=199171"},{"taxonomy":"product_tag","embeddable":true,"href":"https:\/\/aromasentia.com\/da\/wp-json\/wp\/v2\/product_tag?post=199171"}],"curies":[{"name":"wp","href":"https:\/\/api.w.org\/{rel}","templated":true}]}}