{"id":199167,"date":"2025-03-22T16:58:52","date_gmt":"2025-03-22T16:58:52","guid":{"rendered":"https:\/\/aromasentia.com\/product\/500ml-pure-fo-orange\/"},"modified":"2025-06-22T03:17:46","modified_gmt":"2025-06-22T03:17:46","slug":"pure-orange-duftolie-500ml","status":"publish","type":"product","link":"https:\/\/aromasentia.com\/da\/pure-orange-duftolie-500ml\/","title":{"rendered":"Pure Orange Duftolie 500ml"},"content":{"rendered":"<p>Lys dine omgivelser op med den muntre og pikante duft af ren appelsin med denne gener\u00f8se 500 ml duftolie. Denne olie er perfekt til brug i oliebr\u00e6ndere, diffusorer eller til at skabe dine egne duftprodukter, og den giver en langvarig og opl\u00f8ftende citrusduft.<\/p>\n","protected":false},"excerpt":{"rendered":"<p>Lys dine omgivelser op med den muntre og pikante duft af ren appelsin med denne gener\u00f8se 500 ml duftolie. Denne olie er perfekt til brug i oliebr\u00e6ndere, diffusorer eller til at skabe dine egne duftprodukter, og den giver en langvarig og opl\u00f8ftende citrusduft.<\/p>\n","protected":false},"featured_media":387748,"comment_status":"closed","ping_status":"open","template":"","meta":[],"product_brand":[],"product_cat":[25972,6153,26816,25839,6158],"product_tag":[],"class_list":{"0":"post-199167","1":"product","2":"type-product","3":"status-publish","4":"has-post-thumbnail","6":"product_cat-appelsin","7":"product_cat-aromaterapi-og-rumdufte","8":"product_cat-citrus","9":"product_cat-dufte-aromaer","10":"product_cat-duftolier","11":"pa_collection-pure-fragrance-oils-500ml-da","12":"pa_made-in-storbritannien","13":"pa_size-500ml","15":"first","16":"outofstock","17":"purchasable","18":"product-type-simple"},"supplier_id":null,"supplier_sku":"FOBp-87","barcode":null,"atum_controlled":true,"out_stock_date":"2025-12-11 15:42:29","out_stock_threshold":null,"inheritable":false,"inbound_stock":null,"stock_on_hold":0,"sold_today":0,"sales_last_days":0,"reserved_stock":null,"customer_returns":null,"warehouse_damage":null,"lost_in_post":null,"other_logs":null,"out_stock_days":56,"lost_sales":0,"has_location":null,"update_date":"2026-02-06T00:00:57","atum_locations":[],"atum_stock_status":"outofstock","restock_status":false,"low_stock_amount":"","sales_update_date":"2026-02-06T00:00:57","calc_backorders":null,"_links":{"self":[{"href":"https:\/\/aromasentia.com\/da\/wp-json\/wp\/v2\/product\/199167","targetHints":{"allow":["GET"]}}],"collection":[{"href":"https:\/\/aromasentia.com\/da\/wp-json\/wp\/v2\/product"}],"about":[{"href":"https:\/\/aromasentia.com\/da\/wp-json\/wp\/v2\/types\/product"}],"replies":[{"embeddable":true,"href":"https:\/\/aromasentia.com\/da\/wp-json\/wp\/v2\/comments?post=199167"}],"version-history":[{"count":0,"href":"https:\/\/aromasentia.com\/da\/wp-json\/wp\/v2\/product\/199167\/revisions"}],"wp:featuredmedia":[{"embeddable":true,"href":"https:\/\/aromasentia.com\/da\/wp-json\/wp\/v2\/media\/387748"}],"wp:attachment":[{"href":"https:\/\/aromasentia.com\/da\/wp-json\/wp\/v2\/media?parent=199167"}],"wp:term":[{"taxonomy":"product_brand","embeddable":true,"href":"https:\/\/aromasentia.com\/da\/wp-json\/wp\/v2\/product_brand?post=199167"},{"taxonomy":"product_cat","embeddable":true,"href":"https:\/\/aromasentia.com\/da\/wp-json\/wp\/v2\/product_cat?post=199167"},{"taxonomy":"product_tag","embeddable":true,"href":"https:\/\/aromasentia.com\/da\/wp-json\/wp\/v2\/product_tag?post=199167"}],"curies":[{"name":"wp","href":"https:\/\/api.w.org\/{rel}","templated":true}]}}