{"id":199156,"date":"2025-03-22T16:58:52","date_gmt":"2025-03-22T16:58:52","guid":{"rendered":"https:\/\/aromasentia.com\/product\/banjara-indian-fragrance-oil-10ml-white-sage\/"},"modified":"2025-06-22T03:17:39","modified_gmt":"2025-06-22T03:17:39","slug":"banjara-indisk-duftolie-10ml-hvid-salvie","status":"publish","type":"product","link":"https:\/\/aromasentia.com\/da\/banjara-indisk-duftolie-10ml-hvid-salvie\/","title":{"rendered":"Banjara Indisk Duftolie 10ml &#8211; Hvid Salvie"},"content":{"rendered":"<p><span style=\"color: rgb(75, 80, 88);\">Tilf\u00f8j et strejf af Indiens rige og eksotiske aromaer til din butik med <strong>Banjara Indian Fragrance Oils<\/strong>-kollektionen. Disse <strong>10 ml duftolier<\/strong>, fremstillet i Indien af ingredienser af h\u00f8j kvalitet, er perfekte til detailhandlere, der \u00f8nsker at tilbyde noget unikt og f\u00e6ngslende.<\/span><\/p>\n<p><span style=\"color: rgb(75, 80, 88);\">Disse olier er alsidige og kan bruges i diffusere, br\u00e6ndere eller som en del af et beroligende ritual. De er ogs\u00e5 gode til personlige tilbeh\u00f8r som lava- eller aromaterapiarmb\u00e5nd.<\/span><\/p>\n","protected":false},"excerpt":{"rendered":"<p>Tilf\u00f8j et strejf af Indiens rige og eksotiske aromaer til din butik med Banjara Indian Fragrance Oils-kollektionen. Disse 10 ml duftolier, fremstillet i Indien af ingredienser af h\u00f8j kvalitet, er perfekte til detailhandlere, der \u00f8nsker at tilbyde noget unikt og f\u00e6ngslende. Disse olier er alsidige og kan bruges i diffusere, br\u00e6ndere eller som en del [&hellip;]<\/p>\n","protected":false},"featured_media":387577,"comment_status":"closed","ping_status":"open","template":"","meta":[],"product_brand":[27109],"product_cat":[6153,25839,6158,26461,26858],"product_tag":[],"class_list":{"0":"post-199156","1":"product","2":"type-product","3":"status-publish","4":"has-post-thumbnail","6":"product_brand-banjara","7":"product_cat-aromaterapi-og-rumdufte","8":"product_cat-dufte-aromaer","9":"product_cat-duftolier","10":"product_cat-hvid-salvie","11":"product_cat-urte-aromatisk","12":"pa_collection-banjara-indian-fragrance-oils-da","13":"pa_made-in-indien","14":"pa_size-10ml","16":"first","17":"instock","18":"purchasable","19":"product-type-simple"},"supplier_id":null,"supplier_sku":"BanjFO-11","barcode":null,"atum_controlled":true,"out_stock_date":null,"out_stock_threshold":null,"inheritable":false,"inbound_stock":null,"stock_on_hold":0,"sold_today":0,"sales_last_days":0,"reserved_stock":null,"customer_returns":null,"warehouse_damage":null,"lost_in_post":null,"other_logs":null,"out_stock_days":0,"lost_sales":0,"has_location":null,"update_date":"2026-02-09T16:58:51","atum_locations":[],"atum_stock_status":"instock","restock_status":false,"low_stock_amount":"","sales_update_date":"2025-10-09T03:25:24","calc_backorders":null,"_links":{"self":[{"href":"https:\/\/aromasentia.com\/da\/wp-json\/wp\/v2\/product\/199156","targetHints":{"allow":["GET"]}}],"collection":[{"href":"https:\/\/aromasentia.com\/da\/wp-json\/wp\/v2\/product"}],"about":[{"href":"https:\/\/aromasentia.com\/da\/wp-json\/wp\/v2\/types\/product"}],"replies":[{"embeddable":true,"href":"https:\/\/aromasentia.com\/da\/wp-json\/wp\/v2\/comments?post=199156"}],"version-history":[{"count":0,"href":"https:\/\/aromasentia.com\/da\/wp-json\/wp\/v2\/product\/199156\/revisions"}],"wp:featuredmedia":[{"embeddable":true,"href":"https:\/\/aromasentia.com\/da\/wp-json\/wp\/v2\/media\/387577"}],"wp:attachment":[{"href":"https:\/\/aromasentia.com\/da\/wp-json\/wp\/v2\/media?parent=199156"}],"wp:term":[{"taxonomy":"product_brand","embeddable":true,"href":"https:\/\/aromasentia.com\/da\/wp-json\/wp\/v2\/product_brand?post=199156"},{"taxonomy":"product_cat","embeddable":true,"href":"https:\/\/aromasentia.com\/da\/wp-json\/wp\/v2\/product_cat?post=199156"},{"taxonomy":"product_tag","embeddable":true,"href":"https:\/\/aromasentia.com\/da\/wp-json\/wp\/v2\/product_tag?post=199156"}],"curies":[{"name":"wp","href":"https:\/\/api.w.org\/{rel}","templated":true}]}}