{"id":199139,"date":"2025-03-22T16:58:52","date_gmt":"2025-03-22T16:58:52","guid":{"rendered":"https:\/\/aromasentia.com\/product\/100ml-room-spray-cinnamon-orange\/"},"modified":"2025-06-22T03:17:30","modified_gmt":"2025-06-22T03:17:30","slug":"100ml-rumspray-kanel-og-appelsin","status":"publish","type":"product","link":"https:\/\/aromasentia.com\/da\/100ml-rumspray-kanel-og-appelsin\/","title":{"rendered":"100ml Rumspray &#8211; Kanel Og Appelsin"},"content":{"rendered":"<p>Duft dit hjem med denne serie af omhyggeligt blandede og udformede dufte, der er specielt designet til at g\u00f8re dit hus til et hjem.<\/p>\n<p>Ancient Wisdom engros Room Spray &#8211; Kanel &#038; Appelsin leveres pakket i 100 ml aluminiumsflasker og er ekspertblandet for at give rummene en l\u00e6kker aroma.<\/p>\n<p>Vi har et fremragende udvalg af dufte, som dine kunder ikke vil forlade din butik uden en eller to efter at have duftet til dem.<\/p>\n<p>Disse hjemmeartikler kan v\u00e6re et selvst\u00e6ndigt fantastisk produkt eller et tilk\u00f8b til vores Simmering Granules eller endda vores duftolier.<\/p>\n<p><span style=\"color: rgb(243, 121, 52);\"><strong>Bestil i dag for at g\u00f8re dine kunders hjem til en sand aromatisk himmel!<\/strong><\/span><\/p>\n","protected":false},"excerpt":{"rendered":"<p>Duft dit hjem med denne serie af omhyggeligt blandede og udformede dufte, der er specielt designet til at g\u00f8re dit hus til et hjem. Ancient Wisdom engros Room Spray &#8211; Kanel &#038; Appelsin leveres pakket i 100 ml aluminiumsflasker og er ekspertblandet for at give rummene en l\u00e6kker aroma. Vi har et fremragende udvalg af [&hellip;]<\/p>\n","protected":false},"featured_media":387112,"comment_status":"closed","ping_status":"open","template":"","meta":{"_angie_page":false},"product_brand":[],"product_cat":[25972,6153,26816,25839,6199,25935,26886],"product_tag":[],"class_list":{"0":"post-199139","1":"product","2":"type-product","3":"status-publish","4":"has-post-thumbnail","6":"product_cat-appelsin","7":"product_cat-aromaterapi-og-rumdufte","8":"product_cat-citrus","9":"product_cat-dufte-aromaer","10":"product_cat-duftspray-rumdufte-og-rumspray","11":"product_cat-kanel","12":"product_cat-krydret","13":"pa_collection-premium-room-sprays-100ml-da","14":"pa_made-in-storbritannien","15":"pa_size-100ml","17":"first","18":"instock","19":"purchasable","20":"product-type-simple"},"supplier_id":null,"supplier_sku":"AWRS-13","barcode":null,"atum_controlled":true,"out_stock_date":null,"out_stock_threshold":null,"inheritable":false,"inbound_stock":null,"stock_on_hold":0,"sold_today":0,"sales_last_days":0,"reserved_stock":null,"customer_returns":null,"warehouse_damage":null,"lost_in_post":null,"other_logs":null,"out_stock_days":0,"lost_sales":0,"has_location":null,"update_date":"2026-04-27T06:52:53","atum_locations":[],"atum_stock_status":"instock","restock_status":false,"low_stock_amount":"","sales_update_date":"2026-01-30T01:24:32","calc_backorders":null,"_links":{"self":[{"href":"https:\/\/aromasentia.com\/da\/wp-json\/wp\/v2\/product\/199139","targetHints":{"allow":["GET"]}}],"collection":[{"href":"https:\/\/aromasentia.com\/da\/wp-json\/wp\/v2\/product"}],"about":[{"href":"https:\/\/aromasentia.com\/da\/wp-json\/wp\/v2\/types\/product"}],"replies":[{"embeddable":true,"href":"https:\/\/aromasentia.com\/da\/wp-json\/wp\/v2\/comments?post=199139"}],"version-history":[{"count":0,"href":"https:\/\/aromasentia.com\/da\/wp-json\/wp\/v2\/product\/199139\/revisions"}],"wp:featuredmedia":[{"embeddable":true,"href":"https:\/\/aromasentia.com\/da\/wp-json\/wp\/v2\/media\/387112"}],"wp:attachment":[{"href":"https:\/\/aromasentia.com\/da\/wp-json\/wp\/v2\/media?parent=199139"}],"wp:term":[{"taxonomy":"product_brand","embeddable":true,"href":"https:\/\/aromasentia.com\/da\/wp-json\/wp\/v2\/product_brand?post=199139"},{"taxonomy":"product_cat","embeddable":true,"href":"https:\/\/aromasentia.com\/da\/wp-json\/wp\/v2\/product_cat?post=199139"},{"taxonomy":"product_tag","embeddable":true,"href":"https:\/\/aromasentia.com\/da\/wp-json\/wp\/v2\/product_tag?post=199139"}],"curies":[{"name":"wp","href":"https:\/\/api.w.org\/{rel}","templated":true}]}}