{"id":199138,"date":"2025-03-22T16:58:52","date_gmt":"2025-03-22T16:58:52","guid":{"rendered":"https:\/\/aromasentia.com\/product\/100ml-room-spray-nag-champa\/"},"modified":"2025-06-22T03:17:29","modified_gmt":"2025-06-22T03:17:29","slug":"100ml-rumspray-nag-champa","status":"publish","type":"product","link":"https:\/\/aromasentia.com\/da\/100ml-rumspray-nag-champa\/","title":{"rendered":"100ml Rumspray &#8211; Nag Champa"},"content":{"rendered":"<p>Duft dit hjem med denne serie af omhyggeligt blandede og udformede dufte, der er specielt designet til at g\u00f8re dit hus til et hjem.<\/p>\n<p>Ancient Wisdom engros Room Spray &#8211; Nag Champa<\/p>\n<p>&nbsp;kommer pakket i 100 ml aluminiumsflasker og er ekspertblandet for at give rummene en l\u00e6kker aroma.&nbsp;<\/p>\n<p>Vi har et fremragende udvalg af dufte, som dine kunder ikke vil forlade din butik uden en eller to efter at have duftet til dem.&nbsp;<\/p>\n<p>Disse hjemmeartikler kan v\u00e6re et selvst\u00e6ndigt fantastisk produkt eller et tilk\u00f8b til vores Simmering Granules eller endda vores duftolier.&nbsp;<\/p>\n<p><span style=\"color: rgb(243, 121, 52);\"><strong>Bestil i dag for at g\u00f8re dine kunders hjem til en sand aromatisk himmel!<\/strong><\/span><\/p>\n","protected":false},"excerpt":{"rendered":"<p>Duft dit hjem med denne serie af omhyggeligt blandede og udformede dufte, der er specielt designet til at g\u00f8re dit hus til et hjem. Ancient Wisdom engros Room Spray &#8211; Nag Champa &nbsp;kommer pakket i 100 ml aluminiumsflasker og er ekspertblandet for at give rummene en l\u00e6kker aroma.&nbsp; Vi har et fremragende udvalg af dufte, [&hellip;]<\/p>\n","protected":false},"featured_media":387079,"comment_status":"closed","ping_status":"open","template":"","meta":{"_angie_page":false},"product_brand":[],"product_cat":[6153,6199],"product_tag":[],"class_list":{"0":"post-199138","1":"product","2":"type-product","3":"status-publish","4":"has-post-thumbnail","6":"product_cat-aromaterapi-og-rumdufte","7":"product_cat-duftspray-rumdufte-og-rumspray","8":"pa_collection-premium-room-sprays-100ml-da","9":"pa_made-in-storbritannien","10":"pa_size-100ml","12":"first","13":"instock","14":"purchasable","15":"product-type-simple"},"supplier_id":null,"supplier_sku":"AWRS-10","barcode":null,"atum_controlled":true,"out_stock_date":null,"out_stock_threshold":null,"inheritable":false,"inbound_stock":null,"stock_on_hold":0,"sold_today":0,"sales_last_days":0,"reserved_stock":null,"customer_returns":null,"warehouse_damage":null,"lost_in_post":null,"other_logs":null,"out_stock_days":0,"lost_sales":0,"has_location":null,"update_date":"2026-04-27T06:52:53","atum_locations":[],"atum_stock_status":"instock","restock_status":false,"low_stock_amount":"","sales_update_date":"2026-02-06T00:02:48","calc_backorders":null,"_links":{"self":[{"href":"https:\/\/aromasentia.com\/da\/wp-json\/wp\/v2\/product\/199138","targetHints":{"allow":["GET"]}}],"collection":[{"href":"https:\/\/aromasentia.com\/da\/wp-json\/wp\/v2\/product"}],"about":[{"href":"https:\/\/aromasentia.com\/da\/wp-json\/wp\/v2\/types\/product"}],"replies":[{"embeddable":true,"href":"https:\/\/aromasentia.com\/da\/wp-json\/wp\/v2\/comments?post=199138"}],"version-history":[{"count":0,"href":"https:\/\/aromasentia.com\/da\/wp-json\/wp\/v2\/product\/199138\/revisions"}],"wp:featuredmedia":[{"embeddable":true,"href":"https:\/\/aromasentia.com\/da\/wp-json\/wp\/v2\/media\/387079"}],"wp:attachment":[{"href":"https:\/\/aromasentia.com\/da\/wp-json\/wp\/v2\/media?parent=199138"}],"wp:term":[{"taxonomy":"product_brand","embeddable":true,"href":"https:\/\/aromasentia.com\/da\/wp-json\/wp\/v2\/product_brand?post=199138"},{"taxonomy":"product_cat","embeddable":true,"href":"https:\/\/aromasentia.com\/da\/wp-json\/wp\/v2\/product_cat?post=199138"},{"taxonomy":"product_tag","embeddable":true,"href":"https:\/\/aromasentia.com\/da\/wp-json\/wp\/v2\/product_tag?post=199138"}],"curies":[{"name":"wp","href":"https:\/\/api.w.org\/{rel}","templated":true}]}}