{"id":199115,"date":"2025-03-23T10:29:38","date_gmt":"2025-03-23T10:29:38","guid":{"rendered":"https:\/\/aromasentia.com\/product\/brass-verdigris-tibetan-incense-burner-small-lotus\/"},"modified":"2025-06-22T03:17:17","modified_gmt":"2025-06-22T03:17:17","slug":"messing-verdigris-tibetansk-roegelsesbraender-lille-lotus","status":"publish","type":"product","link":"https:\/\/aromasentia.com\/da\/messing-verdigris-tibetansk-roegelsesbraender-lille-lotus\/","title":{"rendered":"Messing Verdigris Tibetansk R\u00f8gelsesbr\u00e6nder &#8211; Lille Lotus"},"content":{"rendered":"<p><span style=\"color: rgb(75, 80, 88);\">Denne<strong>&nbsp;tibetanske r\u00f8gelsesbr\u00e6nder &#8211; lille lotus<\/strong> er h\u00e5ndlavet med hengivenhed i Indien af den fineste messing.<\/span><\/p>\n<p><span style=\"color: rgb(75, 80, 88);\">Disse r\u00f8gelsesholdere er bragt til live af dygtige h\u00e5ndv\u00e6rkere. Den irr\u00f8de finish, en teknik til kunstf\u00e6rdigt at frembringe en gr\u00f8n patina, forvandler hvert stykke til et levn af gammel sk\u00f8nhed, der indfanger essensen af h\u00e6vdvundne tibetanske traditioner i hver eneste indviklede detalje.<\/span><\/p>\n<p><span style=\"color: rgb(75, 80, 88);\">Designet med den moderne spirituelle s\u00f8ger i tankerne, <strong>er vores kollektion<\/strong> designet til forskellige former for r\u00f8gelse<\/strong> &#8211; hvad enten det er en <strong>pind<\/strong>, <strong>kegle<\/strong> eller <strong>spiral<\/strong> &#8211; inviterer til en alsidig tilgang til at skabe en rolig og aromatisk atmosf\u00e6re.<\/span><\/p>\n<p><span style=\"color: rgb(75, 80, 88);\">Pynt din butik med genstande, der fort\u00e6ller en historie, indbyder til ro og st\u00e5r som symboler p\u00e5 kunstnerisk og spirituel arv.<\/span><\/p>\n","protected":false},"excerpt":{"rendered":"<p>Denne&nbsp;tibetanske r\u00f8gelsesbr\u00e6nder &#8211; lille lotus er h\u00e5ndlavet med hengivenhed i Indien af den fineste messing. Disse r\u00f8gelsesholdere er bragt til live af dygtige h\u00e5ndv\u00e6rkere. Den irr\u00f8de finish, en teknik til kunstf\u00e6rdigt at frembringe en gr\u00f8n patina, forvandler hvert stykke til et levn af gammel sk\u00f8nhed, der indfanger essensen af h\u00e6vdvundne tibetanske traditioner i hver eneste [&hellip;]<\/p>\n","protected":false},"featured_media":396284,"comment_status":"closed","ping_status":"open","template":"","meta":{"_angie_page":false},"product_brand":[],"product_cat":[5836,5840,5837],"product_tag":[],"class_list":{"0":"post-199115","1":"product","2":"type-product","3":"status-publish","4":"has-post-thumbnail","6":"product_cat-rogelse-og-rogelsesholdere","7":"product_cat-rogelsesbraendere","8":"product_cat-rogelsesholdere-og-rogelsesbraendere","9":"pa_collection-antique-tibetan-incense-holders-da","10":"pa_made-in-indien","12":"first","13":"instock","14":"purchasable","15":"product-type-simple"},"supplier_id":null,"supplier_sku":"ATIH-01","barcode":null,"atum_controlled":true,"out_stock_date":null,"out_stock_threshold":null,"inheritable":false,"inbound_stock":null,"stock_on_hold":0,"sold_today":0,"sales_last_days":0,"reserved_stock":null,"customer_returns":null,"warehouse_damage":null,"lost_in_post":null,"other_logs":null,"out_stock_days":0,"lost_sales":0,"has_location":null,"update_date":"2026-04-27T06:51:19","atum_locations":[],"atum_stock_status":"instock","restock_status":false,"low_stock_amount":"","sales_update_date":"2025-10-09T03:23:51","calc_backorders":null,"_links":{"self":[{"href":"https:\/\/aromasentia.com\/da\/wp-json\/wp\/v2\/product\/199115","targetHints":{"allow":["GET"]}}],"collection":[{"href":"https:\/\/aromasentia.com\/da\/wp-json\/wp\/v2\/product"}],"about":[{"href":"https:\/\/aromasentia.com\/da\/wp-json\/wp\/v2\/types\/product"}],"replies":[{"embeddable":true,"href":"https:\/\/aromasentia.com\/da\/wp-json\/wp\/v2\/comments?post=199115"}],"version-history":[{"count":0,"href":"https:\/\/aromasentia.com\/da\/wp-json\/wp\/v2\/product\/199115\/revisions"}],"wp:featuredmedia":[{"embeddable":true,"href":"https:\/\/aromasentia.com\/da\/wp-json\/wp\/v2\/media\/396284"}],"wp:attachment":[{"href":"https:\/\/aromasentia.com\/da\/wp-json\/wp\/v2\/media?parent=199115"}],"wp:term":[{"taxonomy":"product_brand","embeddable":true,"href":"https:\/\/aromasentia.com\/da\/wp-json\/wp\/v2\/product_brand?post=199115"},{"taxonomy":"product_cat","embeddable":true,"href":"https:\/\/aromasentia.com\/da\/wp-json\/wp\/v2\/product_cat?post=199115"},{"taxonomy":"product_tag","embeddable":true,"href":"https:\/\/aromasentia.com\/da\/wp-json\/wp\/v2\/product_tag?post=199115"}],"curies":[{"name":"wp","href":"https:\/\/api.w.org\/{rel}","templated":true}]}}