{"id":199106,"date":"2025-03-23T10:29:45","date_gmt":"2025-03-23T10:29:45","guid":{"rendered":"https:\/\/aromasentia.com\/product\/chakra-charcoal-incense-jar-third-eye\/"},"modified":"2025-06-22T03:17:14","modified_gmt":"2025-06-22T03:17:14","slug":"chakra-roegelseskar-med-traekul-tredje-oeje","status":"publish","type":"product","link":"https:\/\/aromasentia.com\/da\/chakra-roegelseskar-med-traekul-tredje-oeje\/","title":{"rendered":"Chakra R\u00f8gelseskar med Tr\u00e6kul &#8211; Tredje \u00d8je"},"content":{"rendered":"<p>R\u00f8gelseskar med kul i smuk bl\u00e5 farve. Dekoreret med gyldne m\u00f8nstre, h\u00e5ndlavet i Indien. Denne r\u00f8gelseskrukke kan bruges under ritualer til renselse eller aktivering af det tredje \u00f8jes chakra.<\/p>\n<p>R\u00f8gelseskrukker kan bruges med harpiks og kulletabletter. Placer dem blot p\u00e5 den aftagelige rist, s\u00e5 asken falder ned i beholderen.<\/p>\n<p><em>FORSIGTIG: R\u00f8gelsesbr\u00e6ndere bliver meget varme, s\u00e5 placer dem altid p\u00e5 et varmebestandigt underlag, og r\u00f8r dem ikke, n\u00e5r de er i brug. Hold dem v\u00e6k fra br\u00e6ndbare genstande. N\u00e5r kullet er br\u00e6ndt ud, skal du lade det k\u00f8le af, f\u00f8r du smider det ud.&nbsp;<\/em><\/p>\n","protected":false},"excerpt":{"rendered":"<p>R\u00f8gelseskar med kul i smuk bl\u00e5 farve. Dekoreret med gyldne m\u00f8nstre, h\u00e5ndlavet i Indien. Denne r\u00f8gelseskrukke kan bruges under ritualer til renselse eller aktivering af det tredje \u00f8jes chakra. R\u00f8gelseskrukker kan bruges med harpiks og kulletabletter. Placer dem blot p\u00e5 den aftagelige rist, s\u00e5 asken falder ned i beholderen. FORSIGTIG: R\u00f8gelsesbr\u00e6ndere bliver meget varme, s\u00e5 [&hellip;]<\/p>\n","protected":false},"featured_media":398407,"comment_status":"closed","ping_status":"open","template":"","meta":[],"product_brand":[],"product_cat":[5836,5837],"product_tag":[],"class_list":{"0":"post-199106","1":"product","2":"type-product","3":"status-publish","4":"has-post-thumbnail","6":"product_cat-rogelse-og-rogelsesholdere","7":"product_cat-rogelsesholdere-og-rogelsesbraendere","8":"pa_collection-chakra-charcoal-incense-jar-da","9":"pa_made-in-indien","11":"first","12":"instock","13":"purchasable","14":"product-type-simple"},"supplier_id":null,"supplier_sku":"BCI-02","barcode":null,"atum_controlled":true,"out_stock_date":null,"out_stock_threshold":null,"inheritable":false,"inbound_stock":null,"stock_on_hold":0,"sold_today":0,"sales_last_days":0,"reserved_stock":null,"customer_returns":null,"warehouse_damage":null,"lost_in_post":null,"other_logs":null,"out_stock_days":0,"lost_sales":0,"has_location":null,"update_date":"2026-01-28T22:22:39","atum_locations":[],"atum_stock_status":"instock","restock_status":false,"low_stock_amount":"","sales_update_date":"2026-01-20T05:14:11","calc_backorders":null,"_links":{"self":[{"href":"https:\/\/aromasentia.com\/da\/wp-json\/wp\/v2\/product\/199106","targetHints":{"allow":["GET"]}}],"collection":[{"href":"https:\/\/aromasentia.com\/da\/wp-json\/wp\/v2\/product"}],"about":[{"href":"https:\/\/aromasentia.com\/da\/wp-json\/wp\/v2\/types\/product"}],"replies":[{"embeddable":true,"href":"https:\/\/aromasentia.com\/da\/wp-json\/wp\/v2\/comments?post=199106"}],"version-history":[{"count":0,"href":"https:\/\/aromasentia.com\/da\/wp-json\/wp\/v2\/product\/199106\/revisions"}],"wp:featuredmedia":[{"embeddable":true,"href":"https:\/\/aromasentia.com\/da\/wp-json\/wp\/v2\/media\/398407"}],"wp:attachment":[{"href":"https:\/\/aromasentia.com\/da\/wp-json\/wp\/v2\/media?parent=199106"}],"wp:term":[{"taxonomy":"product_brand","embeddable":true,"href":"https:\/\/aromasentia.com\/da\/wp-json\/wp\/v2\/product_brand?post=199106"},{"taxonomy":"product_cat","embeddable":true,"href":"https:\/\/aromasentia.com\/da\/wp-json\/wp\/v2\/product_cat?post=199106"},{"taxonomy":"product_tag","embeddable":true,"href":"https:\/\/aromasentia.com\/da\/wp-json\/wp\/v2\/product_tag?post=199106"}],"curies":[{"name":"wp","href":"https:\/\/api.w.org\/{rel}","templated":true}]}}