{"id":199097,"date":"2025-03-23T10:29:45","date_gmt":"2025-03-23T10:29:45","guid":{"rendered":"https:\/\/aromasentia.com\/product\/banjara-tree-resin-3-kings\/"},"modified":"2025-06-22T03:17:08","modified_gmt":"2025-06-22T03:17:08","slug":"banjara-trae-af-harpiks-3-konger","status":"publish","type":"product","link":"https:\/\/aromasentia.com\/da\/banjara-trae-af-harpiks-3-konger\/","title":{"rendered":"Banjara-Tr\u00e6 Af Harpiks &#8211; 3 Konger"},"content":{"rendered":"<p><span style=\"color: rgb(75, 80, 88);\"><strong>Jeg pr\u00e6senterer den helt nye Banjara&#8217;s Tree Resin Incense<\/strong> \u2013 en sanserejse, der forvandler ethvert rum til en oase af f\u00e6ngslende dufte og spirituel ro.<\/span><\/p>\n<p><span style=\"color: rgb(75, 80, 88);\"><strong>Fork\u00e6l dig selv med den majest\u00e6tiske blanding af de 3 Konger.<\/strong>Denne kongelige duft harmoniserer Frankincense, Myrra og Guld og skaber en overd\u00e5dig og spirituelt stemningsfuld atmosf\u00e6re.<\/span> <\/p>\n","protected":false},"excerpt":{"rendered":"<p>Jeg pr\u00e6senterer den helt nye Banjara&#8217;s Tree Resin Incense \u2013 en sanserejse, der forvandler ethvert rum til en oase af f\u00e6ngslende dufte og spirituel ro. Fork\u00e6l dig selv med den majest\u00e6tiske blanding af de 3 Konger.Denne kongelige duft harmoniserer Frankincense, Myrra og Guld og skaber en overd\u00e5dig og spirituelt stemningsfuld atmosf\u00e6re.<\/p>\n","protected":false},"featured_media":398174,"comment_status":"closed","ping_status":"open","template":"","meta":{"_angie_page":false},"product_brand":[27109],"product_cat":[5856,5836],"product_tag":[],"class_list":{"0":"post-199097","1":"product","2":"type-product","3":"status-publish","4":"has-post-thumbnail","6":"product_brand-banjara","7":"product_cat-resin-og-harpiks-rogelse","8":"product_cat-rogelse-og-rogelsesholdere","9":"pa_collection-banjara-tree-resin-incense-da","10":"pa_made-in-indien","12":"first","13":"instock","14":"purchasable","15":"product-type-simple"},"supplier_id":null,"supplier_sku":"BanjTR-03","barcode":null,"atum_controlled":true,"out_stock_date":null,"out_stock_threshold":null,"inheritable":false,"inbound_stock":null,"stock_on_hold":0,"sold_today":0,"sales_last_days":0,"reserved_stock":null,"customer_returns":null,"warehouse_damage":null,"lost_in_post":null,"other_logs":null,"out_stock_days":0,"lost_sales":0,"has_location":null,"update_date":"2026-04-27T06:53:47","atum_locations":[],"atum_stock_status":"instock","restock_status":false,"low_stock_amount":"","sales_update_date":"2026-01-30T01:24:53","calc_backorders":null,"_links":{"self":[{"href":"https:\/\/aromasentia.com\/da\/wp-json\/wp\/v2\/product\/199097","targetHints":{"allow":["GET"]}}],"collection":[{"href":"https:\/\/aromasentia.com\/da\/wp-json\/wp\/v2\/product"}],"about":[{"href":"https:\/\/aromasentia.com\/da\/wp-json\/wp\/v2\/types\/product"}],"replies":[{"embeddable":true,"href":"https:\/\/aromasentia.com\/da\/wp-json\/wp\/v2\/comments?post=199097"}],"version-history":[{"count":0,"href":"https:\/\/aromasentia.com\/da\/wp-json\/wp\/v2\/product\/199097\/revisions"}],"wp:featuredmedia":[{"embeddable":true,"href":"https:\/\/aromasentia.com\/da\/wp-json\/wp\/v2\/media\/398174"}],"wp:attachment":[{"href":"https:\/\/aromasentia.com\/da\/wp-json\/wp\/v2\/media?parent=199097"}],"wp:term":[{"taxonomy":"product_brand","embeddable":true,"href":"https:\/\/aromasentia.com\/da\/wp-json\/wp\/v2\/product_brand?post=199097"},{"taxonomy":"product_cat","embeddable":true,"href":"https:\/\/aromasentia.com\/da\/wp-json\/wp\/v2\/product_cat?post=199097"},{"taxonomy":"product_tag","embeddable":true,"href":"https:\/\/aromasentia.com\/da\/wp-json\/wp\/v2\/product_tag?post=199097"}],"curies":[{"name":"wp","href":"https:\/\/api.w.org\/{rel}","templated":true}]}}