{"id":199095,"date":"2025-03-23T10:29:45","date_gmt":"2025-03-23T10:29:45","guid":{"rendered":"https:\/\/aromasentia.com\/product\/banjara-tree-resin-frankincense\/"},"modified":"2025-06-22T03:17:07","modified_gmt":"2025-06-22T03:17:07","slug":"harpiks-fra-banjara-traeet-roegelse","status":"publish","type":"product","link":"https:\/\/aromasentia.com\/da\/harpiks-fra-banjara-traeet-roegelse\/","title":{"rendered":"Harpiks Fra Banjara-Tr\u00e6et &#8211; R\u00f8gelse"},"content":{"rendered":"<p><span style=\"color: rgb(75, 80, 88);\">Jeg pr\u00e6senterer den helt nye Banjara&#8217;s Tree Resin Incense<\/strong> \u2013 en sanserejse, der forvandler ethvert rum til en oase af f\u00e6ngslende dufte og spirituel ro.<\/span><\/p>\n<p><span style=\"color: rgb(75, 80, 88);\">Oplev den \u00e6ldgamle tiltr\u00e6kningskraft ved Frankincense. Dens rige, harpiksholdige duft f\u00f8rer dig til hellige verdener, perfekt til meditation og spirituel refleksion.<\/span><\/p>\n","protected":false},"excerpt":{"rendered":"<p>Jeg pr\u00e6senterer den helt nye Banjara&#8217;s Tree Resin Incense \u2013 en sanserejse, der forvandler ethvert rum til en oase af f\u00e6ngslende dufte og spirituel ro. Oplev den \u00e6ldgamle tiltr\u00e6kningskraft ved Frankincense. Dens rige, harpiksholdige duft f\u00f8rer dig til hellige verdener, perfekt til meditation og spirituel refleksion.<\/p>\n","protected":false},"featured_media":398124,"comment_status":"closed","ping_status":"open","template":"","meta":{"_angie_page":false},"product_brand":[27109],"product_cat":[5856,5836],"product_tag":[],"class_list":{"0":"post-199095","1":"product","2":"type-product","3":"status-publish","4":"has-post-thumbnail","6":"product_brand-banjara","7":"product_cat-resin-og-harpiks-rogelse","8":"product_cat-rogelse-og-rogelsesholdere","9":"pa_collection-banjara-tree-resin-incense-da","10":"pa_made-in-indien","12":"first","13":"instock","14":"purchasable","15":"product-type-simple"},"supplier_id":null,"supplier_sku":"BanjTR-01","barcode":null,"atum_controlled":true,"out_stock_date":null,"out_stock_threshold":null,"inheritable":false,"inbound_stock":null,"stock_on_hold":0,"sold_today":0,"sales_last_days":0,"reserved_stock":null,"customer_returns":null,"warehouse_damage":null,"lost_in_post":null,"other_logs":null,"out_stock_days":0,"lost_sales":0,"has_location":null,"update_date":"2026-05-04T00:02:50","atum_locations":[],"atum_stock_status":"instock","restock_status":false,"low_stock_amount":"","sales_update_date":"2025-10-09T03:25:28","calc_backorders":null,"_links":{"self":[{"href":"https:\/\/aromasentia.com\/da\/wp-json\/wp\/v2\/product\/199095","targetHints":{"allow":["GET"]}}],"collection":[{"href":"https:\/\/aromasentia.com\/da\/wp-json\/wp\/v2\/product"}],"about":[{"href":"https:\/\/aromasentia.com\/da\/wp-json\/wp\/v2\/types\/product"}],"replies":[{"embeddable":true,"href":"https:\/\/aromasentia.com\/da\/wp-json\/wp\/v2\/comments?post=199095"}],"version-history":[{"count":0,"href":"https:\/\/aromasentia.com\/da\/wp-json\/wp\/v2\/product\/199095\/revisions"}],"wp:featuredmedia":[{"embeddable":true,"href":"https:\/\/aromasentia.com\/da\/wp-json\/wp\/v2\/media\/398124"}],"wp:attachment":[{"href":"https:\/\/aromasentia.com\/da\/wp-json\/wp\/v2\/media?parent=199095"}],"wp:term":[{"taxonomy":"product_brand","embeddable":true,"href":"https:\/\/aromasentia.com\/da\/wp-json\/wp\/v2\/product_brand?post=199095"},{"taxonomy":"product_cat","embeddable":true,"href":"https:\/\/aromasentia.com\/da\/wp-json\/wp\/v2\/product_cat?post=199095"},{"taxonomy":"product_tag","embeddable":true,"href":"https:\/\/aromasentia.com\/da\/wp-json\/wp\/v2\/product_tag?post=199095"}],"curies":[{"name":"wp","href":"https:\/\/api.w.org\/{rel}","templated":true}]}}