{"id":199094,"date":"2025-03-23T10:29:45","date_gmt":"2025-03-23T10:29:45","guid":{"rendered":"https:\/\/aromasentia.com\/product\/banjara-tribal-smudge-incense-mayan-copal\/"},"modified":"2025-06-22T03:17:06","modified_gmt":"2025-06-22T03:17:06","slug":"banjara-tribal-smudge-roegelse-maya-copal","status":"publish","type":"product","link":"https:\/\/aromasentia.com\/da\/banjara-tribal-smudge-roegelse-maya-copal\/","title":{"rendered":"Banjara Tribal Smudge R\u00f8gelse &#8211; maya Copal"},"content":{"rendered":"<p><span style=\"color: rgb(75, 80, 88);\"><strong>Vi pr\u00e6senterer Banjaras Tribal Smudge Incense Sticks<\/strong> \u2013 en f\u00e6ngslende og aromatisk rejse, der hylder gamle traditioner og ritualer. Hver \u00e6ske er en port til en verden af naturlige dufte og tilbyder en dyb sensorisk oplevelse.<\/span><\/p>\n<p><span style=\"color: rgb(75, 80, 88);\"><strong>Tribal Smudge Incense Sticks leveres i en p\u00e6nt designet pakke udsmykket med indviklet stammeinspireret kunstv\u00e6rk, der indeholder ca. 10 r\u00f8gelsespinde<\/strong>.<\/span><\/p>\n<p><span style=\"color: rgb(75, 80, 88);\"><strong>Tr\u00e6d ind i den antikke verden med Maya Copal.<\/strong>Dens harpiksholdige, jordagtige duft b\u00e6rer en hellig energi, der renser og udrenser, hvilket g\u00f8r den til et fremragende valg til ceremonier og ritualer.<\/span> <\/p>\n","protected":false},"excerpt":{"rendered":"<p>Vi pr\u00e6senterer Banjaras Tribal Smudge Incense Sticks \u2013 en f\u00e6ngslende og aromatisk rejse, der hylder gamle traditioner og ritualer. Hver \u00e6ske er en port til en verden af naturlige dufte og tilbyder en dyb sensorisk oplevelse. Tribal Smudge Incense Sticks leveres i en p\u00e6nt designet pakke udsmykket med indviklet stammeinspireret kunstv\u00e6rk, der indeholder ca. 10 [&hellip;]<\/p>\n","protected":false},"featured_media":398099,"comment_status":"closed","ping_status":"open","template":"","meta":[],"product_brand":[27109],"product_cat":[5836,5847,25815],"product_tag":[],"class_list":{"0":"post-199094","1":"product","2":"type-product","3":"status-publish","4":"has-post-thumbnail","6":"product_brand-banjara","7":"product_cat-rogelse-og-rogelsesholdere","8":"product_cat-rogelsespinde","9":"product_cat-smudge-sticks","10":"pa_collection-banjara-tribal-smudge-incense-sticks-da","11":"pa_made-in-indien","13":"first","14":"instock","15":"purchasable","16":"product-type-simple"},"supplier_id":null,"supplier_sku":"BanjSI-09","barcode":null,"atum_controlled":true,"out_stock_date":null,"out_stock_threshold":null,"inheritable":false,"inbound_stock":null,"stock_on_hold":0,"sold_today":0,"sales_last_days":0,"reserved_stock":null,"customer_returns":null,"warehouse_damage":null,"lost_in_post":null,"other_logs":null,"out_stock_days":0,"lost_sales":0,"has_location":null,"update_date":"2026-02-10T16:29:06","atum_locations":[],"atum_stock_status":"instock","restock_status":false,"low_stock_amount":"","sales_update_date":"2025-10-09T03:25:28","calc_backorders":null,"_links":{"self":[{"href":"https:\/\/aromasentia.com\/da\/wp-json\/wp\/v2\/product\/199094","targetHints":{"allow":["GET"]}}],"collection":[{"href":"https:\/\/aromasentia.com\/da\/wp-json\/wp\/v2\/product"}],"about":[{"href":"https:\/\/aromasentia.com\/da\/wp-json\/wp\/v2\/types\/product"}],"replies":[{"embeddable":true,"href":"https:\/\/aromasentia.com\/da\/wp-json\/wp\/v2\/comments?post=199094"}],"version-history":[{"count":0,"href":"https:\/\/aromasentia.com\/da\/wp-json\/wp\/v2\/product\/199094\/revisions"}],"wp:featuredmedia":[{"embeddable":true,"href":"https:\/\/aromasentia.com\/da\/wp-json\/wp\/v2\/media\/398099"}],"wp:attachment":[{"href":"https:\/\/aromasentia.com\/da\/wp-json\/wp\/v2\/media?parent=199094"}],"wp:term":[{"taxonomy":"product_brand","embeddable":true,"href":"https:\/\/aromasentia.com\/da\/wp-json\/wp\/v2\/product_brand?post=199094"},{"taxonomy":"product_cat","embeddable":true,"href":"https:\/\/aromasentia.com\/da\/wp-json\/wp\/v2\/product_cat?post=199094"},{"taxonomy":"product_tag","embeddable":true,"href":"https:\/\/aromasentia.com\/da\/wp-json\/wp\/v2\/product_tag?post=199094"}],"curies":[{"name":"wp","href":"https:\/\/api.w.org\/{rel}","templated":true}]}}