{"id":199089,"date":"2025-03-23T10:29:45","date_gmt":"2025-03-23T10:29:45","guid":{"rendered":"https:\/\/aromasentia.com\/product\/banjara-tribal-smudge-incense-dragon-blood\/"},"modified":"2025-06-22T03:17:04","modified_gmt":"2025-06-22T03:17:04","slug":"banjara-tribal-smudge-roegelse-drageblod","status":"publish","type":"product","link":"https:\/\/aromasentia.com\/da\/banjara-tribal-smudge-roegelse-drageblod\/","title":{"rendered":"Banjara Tribal Smudge R\u00f8gelse &#8211; Drageblod"},"content":{"rendered":"<p><span style=\"color: rgb(75, 80, 88);\"><strong>Pr\u00e6senterer Banjaras Tribal Smudge r\u00f8gelsespinde<\/strong> \u2013 en f\u00e6ngslende og aromatisk rejse, der hylder gamle traditioner og ritualer. Hver \u00e6ske er en port til en verden af naturlige dufte, der tilbyder en dyb sensorisk oplevelse.<\/span><\/p>\n<p><span style=\"color: rgb(75, 80, 88);\"><strong>Tribal Smudge r\u00f8gelsespinde leveres i en p\u00e6nt designet pakke udsmykket med indviklet stammeinspireret kunst, der indeholder ca. 10 r\u00f8gelsespinde<\/strong>.<\/span><\/p>\n<p><span style=\"color: rgb(75, 80, 88);\"><strong>Neopaganen eller fragons blodr\u00f8gelse bruges til at \u00f8ge styrken af trylleformularer til beskyttelse,<\/strong> k\u00e6rlighed, forvisning og seksualitet. I New Age-shamanisme bruges den i ceremonier p\u00e5 en lignende m\u00e5de, som neopaganerne bruger den. Drageblodsr\u00f8gelse kaldes ogs\u00e5 lejlighedsvis for &#8220;r\u00f8d stenopium&#8221;<\/p>\n","protected":false},"excerpt":{"rendered":"<p>Pr\u00e6senterer Banjaras Tribal Smudge r\u00f8gelsespinde \u2013 en f\u00e6ngslende og aromatisk rejse, der hylder gamle traditioner og ritualer. Hver \u00e6ske er en port til en verden af naturlige dufte, der tilbyder en dyb sensorisk oplevelse. Tribal Smudge r\u00f8gelsespinde leveres i en p\u00e6nt designet pakke udsmykket med indviklet stammeinspireret kunst, der indeholder ca. 10 r\u00f8gelsespinde. Neopaganen eller [&hellip;]<\/p>\n","protected":false},"featured_media":397974,"comment_status":"closed","ping_status":"open","template":"","meta":{"_angie_page":false},"product_brand":[27109],"product_cat":[5836,5847,25815],"product_tag":[],"class_list":{"0":"post-199089","1":"product","2":"type-product","3":"status-publish","4":"has-post-thumbnail","6":"product_brand-banjara","7":"product_cat-rogelse-og-rogelsesholdere","8":"product_cat-rogelsespinde","9":"product_cat-smudge-sticks","10":"pa_collection-banjara-tribal-smudge-incense-sticks-da","11":"pa_made-in-indien","13":"first","14":"instock","15":"purchasable","16":"product-type-simple"},"supplier_id":null,"supplier_sku":"BanjSI-04","barcode":null,"atum_controlled":true,"out_stock_date":null,"out_stock_threshold":null,"inheritable":false,"inbound_stock":null,"stock_on_hold":0,"sold_today":0,"sales_last_days":0,"reserved_stock":null,"customer_returns":null,"warehouse_damage":null,"lost_in_post":null,"other_logs":null,"out_stock_days":0,"lost_sales":0,"has_location":null,"update_date":"2026-04-27T06:53:47","atum_locations":[],"atum_stock_status":"instock","restock_status":false,"low_stock_amount":"","sales_update_date":"2025-10-09T03:25:27","calc_backorders":null,"_links":{"self":[{"href":"https:\/\/aromasentia.com\/da\/wp-json\/wp\/v2\/product\/199089","targetHints":{"allow":["GET"]}}],"collection":[{"href":"https:\/\/aromasentia.com\/da\/wp-json\/wp\/v2\/product"}],"about":[{"href":"https:\/\/aromasentia.com\/da\/wp-json\/wp\/v2\/types\/product"}],"replies":[{"embeddable":true,"href":"https:\/\/aromasentia.com\/da\/wp-json\/wp\/v2\/comments?post=199089"}],"version-history":[{"count":0,"href":"https:\/\/aromasentia.com\/da\/wp-json\/wp\/v2\/product\/199089\/revisions"}],"wp:featuredmedia":[{"embeddable":true,"href":"https:\/\/aromasentia.com\/da\/wp-json\/wp\/v2\/media\/397974"}],"wp:attachment":[{"href":"https:\/\/aromasentia.com\/da\/wp-json\/wp\/v2\/media?parent=199089"}],"wp:term":[{"taxonomy":"product_brand","embeddable":true,"href":"https:\/\/aromasentia.com\/da\/wp-json\/wp\/v2\/product_brand?post=199089"},{"taxonomy":"product_cat","embeddable":true,"href":"https:\/\/aromasentia.com\/da\/wp-json\/wp\/v2\/product_cat?post=199089"},{"taxonomy":"product_tag","embeddable":true,"href":"https:\/\/aromasentia.com\/da\/wp-json\/wp\/v2\/product_tag?post=199089"}],"curies":[{"name":"wp","href":"https:\/\/api.w.org\/{rel}","templated":true}]}}