{"id":199083,"date":"2025-03-23T10:29:45","date_gmt":"2025-03-23T10:29:45","guid":{"rendered":"https:\/\/aromasentia.com\/product\/banjara-smudge-pyramid-cones-white-sage\/"},"modified":"2025-06-22T03:17:02","modified_gmt":"2025-06-22T03:17:02","slug":"banjara-smudge-pyramid-roegelseskegler-hvid-salvie","status":"publish","type":"product","link":"https:\/\/aromasentia.com\/da\/banjara-smudge-pyramid-roegelseskegler-hvid-salvie\/","title":{"rendered":"Banjara Smudge Pyramid R\u00f8gelseskegler &#8211; Hvid Salvie"},"content":{"rendered":"<p><span style=\"color: rgb(75, 80, 88);\"><strong>Opdag pyramidens kraft med Banjaras helt nye Smudge Pyramid Cones<\/strong>, en revolutionerende tilf\u00f8jelse til vores holistiske wellness-produktlinje. Disse bem\u00e6rkelsesv\u00e6rdige kegler er designet til at frig\u00f8re potentialet i pyramidens kraft og tilbyder en r\u00e6kke fordele, der kan forbedre dit velbefindende og l\u00f8fte dine omgivelser.<\/span><\/p>\n<p><span style=\"color: rgb(75, 80, 88);\">Hvert s\u00e6t Smudge Pyramid Cones pr\u00e6senteres elegant i en stilfuld pakke. <strong>Hver pakke indeholder 10 af disse unikke pyramideformede udtv\u00e6ringskegler.<\/strong><\/span><\/p>\n<p><span style=\"color: rgb(75, 80, 88);\"><strong>Hvid salvie har en ren og urteagtig duft, der er blevet brugt i \u00e5rhundreder i indianske traditioner til renselses- og udrensningsritualer.<\/strong><\/span><\/p>\n<p><span style=\"color: rgb(75, 80, 88);\">Den er ideel til at udtv\u00e6re og rense negative energier, s\u00e5 du kan opfriske dine omgivelser og fremme klarhed og positivitet.<\/span><\/p>\n","protected":false},"excerpt":{"rendered":"<p>Opdag pyramidens kraft med Banjaras helt nye Smudge Pyramid Cones, en revolutionerende tilf\u00f8jelse til vores holistiske wellness-produktlinje. Disse bem\u00e6rkelsesv\u00e6rdige kegler er designet til at frig\u00f8re potentialet i pyramidens kraft og tilbyder en r\u00e6kke fordele, der kan forbedre dit velbefindende og l\u00f8fte dine omgivelser. Hvert s\u00e6t Smudge Pyramid Cones pr\u00e6senteres elegant i en stilfuld pakke. Hver [&hellip;]<\/p>\n","protected":false},"featured_media":397808,"comment_status":"closed","ping_status":"open","template":"","meta":[],"product_brand":[27109],"product_cat":[25839,26461,5836,5872,25815,26858],"product_tag":[],"class_list":{"0":"post-199083","1":"product","2":"type-product","3":"status-publish","4":"has-post-thumbnail","6":"product_brand-banjara","7":"product_cat-dufte-aromaer","8":"product_cat-hvid-salvie","9":"product_cat-rogelse-og-rogelsesholdere","10":"product_cat-rogelseskegler","11":"product_cat-smudge-sticks","12":"product_cat-urte-aromatisk","13":"pa_collection-banjara-smudge-pyramid-cones-da","14":"pa_made-in-indien","16":"first","17":"instock","18":"purchasable","19":"product-type-simple"},"supplier_id":null,"supplier_sku":"BanjSC-04","barcode":null,"atum_controlled":true,"out_stock_date":null,"out_stock_threshold":null,"inheritable":false,"inbound_stock":null,"stock_on_hold":0,"sold_today":0,"sales_last_days":0,"reserved_stock":null,"customer_returns":null,"warehouse_damage":null,"lost_in_post":null,"other_logs":null,"out_stock_days":0,"lost_sales":0,"has_location":null,"update_date":"2026-02-03T05:14:39","atum_locations":[],"atum_stock_status":"instock","restock_status":false,"low_stock_amount":"","sales_update_date":"2025-10-09T03:25:27","calc_backorders":null,"_links":{"self":[{"href":"https:\/\/aromasentia.com\/da\/wp-json\/wp\/v2\/product\/199083","targetHints":{"allow":["GET"]}}],"collection":[{"href":"https:\/\/aromasentia.com\/da\/wp-json\/wp\/v2\/product"}],"about":[{"href":"https:\/\/aromasentia.com\/da\/wp-json\/wp\/v2\/types\/product"}],"replies":[{"embeddable":true,"href":"https:\/\/aromasentia.com\/da\/wp-json\/wp\/v2\/comments?post=199083"}],"version-history":[{"count":0,"href":"https:\/\/aromasentia.com\/da\/wp-json\/wp\/v2\/product\/199083\/revisions"}],"wp:featuredmedia":[{"embeddable":true,"href":"https:\/\/aromasentia.com\/da\/wp-json\/wp\/v2\/media\/397808"}],"wp:attachment":[{"href":"https:\/\/aromasentia.com\/da\/wp-json\/wp\/v2\/media?parent=199083"}],"wp:term":[{"taxonomy":"product_brand","embeddable":true,"href":"https:\/\/aromasentia.com\/da\/wp-json\/wp\/v2\/product_brand?post=199083"},{"taxonomy":"product_cat","embeddable":true,"href":"https:\/\/aromasentia.com\/da\/wp-json\/wp\/v2\/product_cat?post=199083"},{"taxonomy":"product_tag","embeddable":true,"href":"https:\/\/aromasentia.com\/da\/wp-json\/wp\/v2\/product_tag?post=199083"}],"curies":[{"name":"wp","href":"https:\/\/api.w.org\/{rel}","templated":true}]}}