{"id":199079,"date":"2025-03-23T10:29:45","date_gmt":"2025-03-23T10:29:45","guid":{"rendered":"https:\/\/aromasentia.com\/product\/banjara-smudge-beads-cinnamon\/"},"modified":"2025-06-22T03:16:57","modified_gmt":"2025-06-22T03:16:57","slug":"banjara-smudge-perler-kanel","status":"publish","type":"product","link":"https:\/\/aromasentia.com\/da\/banjara-smudge-perler-kanel\/","title":{"rendered":"Banjara Smudge Perler &#8211; Kanel"},"content":{"rendered":"<p><span style=\"color: rgb(75, 80, 88);\"><strong>Banjara Smudge Beads Sandeltr\u00e6 (Varme, Energi, Velstand) er lavet i Indien ved hj\u00e6lp af komprimerede aromatiske urter, harpikser og \u00e6teriske olier. Disse <strong>milj\u00f8venlige<\/strong> smudgeperler tilbyder en <strong>naturlig m\u00e5de at rense og oprense rum<\/strong>. Ideel til<strong>spirituelle ritualer<\/strong>, <strong>meditation<\/strong> eller blot til at <strong>skabe en fredelig og duftende atmosf\u00e6re.<\/strong><\/span><\/p>\n<p><span style=\"color: rgb(75, 80, 88);\">Hver <strong>\u00e6ske indeholder 5 smudgeperler<\/strong> og en <strong>lille smudgeperleholder<\/strong>.<\/span><\/p>\n<p><span style=\"color: rgb(141, 186, 216);\"><strong>Tilf\u00f8j disse premium smudgeperler til din butik og m\u00f8d den voksende eftersp\u00f8rgsel efter naturlige, spirituelle produkter.<\/strong><\/span><\/p>\n","protected":false},"excerpt":{"rendered":"<p>Banjara Smudge Beads Sandeltr\u00e6 (Varme, Energi, Velstand) er lavet i Indien ved hj\u00e6lp af komprimerede aromatiske urter, harpikser og \u00e6teriske olier. Disse milj\u00f8venlige smudgeperler tilbyder en naturlig m\u00e5de at rense og oprense rum. Ideel tilspirituelle ritualer, meditation eller blot til at skabe en fredelig og duftende atmosf\u00e6re. Hver \u00e6ske indeholder 5 smudgeperler og en lille [&hellip;]<\/p>\n","protected":false},"featured_media":397700,"comment_status":"closed","ping_status":"open","template":"","meta":[],"product_brand":[27109],"product_cat":[25839,25935,26886,5836,25815],"product_tag":[],"class_list":{"0":"post-199079","1":"product","2":"type-product","3":"status-publish","4":"has-post-thumbnail","6":"product_brand-banjara","7":"product_cat-dufte-aromaer","8":"product_cat-kanel","9":"product_cat-krydret","10":"product_cat-rogelse-og-rogelsesholdere","11":"product_cat-smudge-sticks","12":"pa_collection-banjara-smudge-beads-da","13":"pa_made-in-indien","15":"first","16":"instock","17":"purchasable","18":"product-type-simple"},"supplier_id":null,"supplier_sku":"BanjSB-06","barcode":null,"atum_controlled":true,"out_stock_date":null,"out_stock_threshold":null,"inheritable":false,"inbound_stock":null,"stock_on_hold":0,"sold_today":0,"sales_last_days":0,"reserved_stock":null,"customer_returns":null,"warehouse_damage":null,"lost_in_post":null,"other_logs":null,"out_stock_days":0,"lost_sales":0,"has_location":null,"update_date":"2026-02-03T03:21:06","atum_locations":[],"atum_stock_status":"instock","restock_status":false,"low_stock_amount":"","sales_update_date":"2026-01-30T01:24:52","calc_backorders":null,"_links":{"self":[{"href":"https:\/\/aromasentia.com\/da\/wp-json\/wp\/v2\/product\/199079","targetHints":{"allow":["GET"]}}],"collection":[{"href":"https:\/\/aromasentia.com\/da\/wp-json\/wp\/v2\/product"}],"about":[{"href":"https:\/\/aromasentia.com\/da\/wp-json\/wp\/v2\/types\/product"}],"replies":[{"embeddable":true,"href":"https:\/\/aromasentia.com\/da\/wp-json\/wp\/v2\/comments?post=199079"}],"version-history":[{"count":0,"href":"https:\/\/aromasentia.com\/da\/wp-json\/wp\/v2\/product\/199079\/revisions"}],"wp:featuredmedia":[{"embeddable":true,"href":"https:\/\/aromasentia.com\/da\/wp-json\/wp\/v2\/media\/397700"}],"wp:attachment":[{"href":"https:\/\/aromasentia.com\/da\/wp-json\/wp\/v2\/media?parent=199079"}],"wp:term":[{"taxonomy":"product_brand","embeddable":true,"href":"https:\/\/aromasentia.com\/da\/wp-json\/wp\/v2\/product_brand?post=199079"},{"taxonomy":"product_cat","embeddable":true,"href":"https:\/\/aromasentia.com\/da\/wp-json\/wp\/v2\/product_cat?post=199079"},{"taxonomy":"product_tag","embeddable":true,"href":"https:\/\/aromasentia.com\/da\/wp-json\/wp\/v2\/product_tag?post=199079"}],"curies":[{"name":"wp","href":"https:\/\/api.w.org\/{rel}","templated":true}]}}