{"id":199072,"date":"2025-03-23T10:29:45","date_gmt":"2025-03-23T10:29:45","guid":{"rendered":"https:\/\/aromasentia.com\/product\/gypsy-nomadic-incense-moon\/"},"modified":"2025-06-22T03:16:54","modified_gmt":"2025-06-22T03:16:54","slug":"gypsy-nomadic-roegelse-moon","status":"publish","type":"product","link":"https:\/\/aromasentia.com\/da\/gypsy-nomadic-roegelse-moon\/","title":{"rendered":"gypsy Nomadic R\u00f8gelse &#8211; moon"},"content":{"rendered":"<p>Indbyd til ro og intuition med den blide duft af m\u00e5nen fra denne Gypsy Nomadic Incense. Denne r\u00f8gelsespind er h\u00e5ndlavet med naturlige ingredienser og afgiver en beroligende og lindrende duft, der er ideel til aftenafslapning og meditation.<\/p>\n","protected":false},"excerpt":{"rendered":"<p>Indbyd til ro og intuition med den blide duft af m\u00e5nen fra denne Gypsy Nomadic Incense. Denne r\u00f8gelsespind er h\u00e5ndlavet med naturlige ingredienser og afgiver en beroligende og lindrende duft, der er ideel til aftenafslapning og meditation.<\/p>\n","protected":false},"featured_media":397525,"comment_status":"closed","ping_status":"open","template":"","meta":{"_angie_page":false},"product_brand":[27109],"product_cat":[5836,5847],"product_tag":[],"class_list":{"0":"post-199072","1":"product","2":"type-product","3":"status-publish","4":"has-post-thumbnail","6":"product_brand-banjara","7":"product_cat-rogelse-og-rogelsesholdere","8":"product_cat-rogelsespinde","9":"pa_collection-gypsy-nomadic-incense-da","10":"pa_made-in-indien","12":"first","13":"instock","14":"purchasable","15":"product-type-simple"},"supplier_id":null,"supplier_sku":"BanjN-02","barcode":null,"atum_controlled":true,"out_stock_date":null,"out_stock_threshold":null,"inheritable":false,"inbound_stock":null,"stock_on_hold":0,"sold_today":0,"sales_last_days":0,"reserved_stock":null,"customer_returns":null,"warehouse_damage":null,"lost_in_post":null,"other_logs":null,"out_stock_days":15,"lost_sales":0,"has_location":null,"update_date":"2026-04-27T06:53:44","atum_locations":[],"atum_stock_status":"instock","restock_status":false,"low_stock_amount":"","sales_update_date":"2026-02-06T00:01:32","calc_backorders":null,"_links":{"self":[{"href":"https:\/\/aromasentia.com\/da\/wp-json\/wp\/v2\/product\/199072","targetHints":{"allow":["GET"]}}],"collection":[{"href":"https:\/\/aromasentia.com\/da\/wp-json\/wp\/v2\/product"}],"about":[{"href":"https:\/\/aromasentia.com\/da\/wp-json\/wp\/v2\/types\/product"}],"replies":[{"embeddable":true,"href":"https:\/\/aromasentia.com\/da\/wp-json\/wp\/v2\/comments?post=199072"}],"version-history":[{"count":0,"href":"https:\/\/aromasentia.com\/da\/wp-json\/wp\/v2\/product\/199072\/revisions"}],"wp:featuredmedia":[{"embeddable":true,"href":"https:\/\/aromasentia.com\/da\/wp-json\/wp\/v2\/media\/397525"}],"wp:attachment":[{"href":"https:\/\/aromasentia.com\/da\/wp-json\/wp\/v2\/media?parent=199072"}],"wp:term":[{"taxonomy":"product_brand","embeddable":true,"href":"https:\/\/aromasentia.com\/da\/wp-json\/wp\/v2\/product_brand?post=199072"},{"taxonomy":"product_cat","embeddable":true,"href":"https:\/\/aromasentia.com\/da\/wp-json\/wp\/v2\/product_cat?post=199072"},{"taxonomy":"product_tag","embeddable":true,"href":"https:\/\/aromasentia.com\/da\/wp-json\/wp\/v2\/product_tag?post=199072"}],"curies":[{"name":"wp","href":"https:\/\/api.w.org\/{rel}","templated":true}]}}