{"id":199070,"date":"2025-03-23T10:29:45","date_gmt":"2025-03-23T10:29:45","guid":{"rendered":"https:\/\/aromasentia.com\/product\/banjara-resin-cups-3-kings\/"},"modified":"2025-06-22T03:16:53","modified_gmt":"2025-06-22T03:16:53","slug":"banjara-kopper-i-harpiks-3-konger","status":"publish","type":"product","link":"https:\/\/aromasentia.com\/da\/banjara-kopper-i-harpiks-3-konger\/","title":{"rendered":"Banjara-Kopper I Harpiks &#8211; 3 Konger"},"content":{"rendered":"<p><span style=\"color: rgb(75, 80, 88);\"><strong>Vi pr\u00e6senterer Banjaras resinkopper, en fascinerende tilf\u00f8jelse til din produktportef\u00f8lje, k\u00e6rligt fremstillet i hjertet af Indien.<\/strong><\/span><\/p>\n<p><span style=\"color: rgb(75, 80, 88);\">Disse uds\u00f8gte resinkopper er <strong>pakket i \u00e6sker prydet med f\u00e6ngslende stammedesigns.<\/strong><\/span><\/p>\n<p><span style=\"color: rgb(75, 80, 88);\"><strong>I hver enhed finder du seks resinkopper,<\/strong> der hver is\u00e6r er designet til at give en ensartet og vedvarende aromatisk oplevelse. Udover disse duftende \u00e6delstene har vi inkluderet en metalplade og en delikat stenplade, der tilf\u00f8jer et strejf af autenticitet til hele pakken.<\/strong><\/span><\/p>\n<p><span style=\"color: rgb(75, 80, 88);\"><strong>3 Kings er en harmonisk blanding af tre ber\u00f8mte harpikser: r\u00f8gelse, myrra og kopal. Denne kombination skaber en kompleks og hellig aroma, der balancerer egenskaberne ved hver harpiks.<\/strong> 3 Kings bruges ofte til renselse, velsignelser og spirituelle ceremonier og tilbyder en alsidig og spirituelt berigende oplevelse.<\/span> <\/p>\n","protected":false},"excerpt":{"rendered":"<p>Vi pr\u00e6senterer Banjaras resinkopper, en fascinerende tilf\u00f8jelse til din produktportef\u00f8lje, k\u00e6rligt fremstillet i hjertet af Indien. Disse uds\u00f8gte resinkopper er pakket i \u00e6sker prydet med f\u00e6ngslende stammedesigns. I hver enhed finder du seks resinkopper, der hver is\u00e6r er designet til at give en ensartet og vedvarende aromatisk oplevelse. Udover disse duftende \u00e6delstene har vi inkluderet [&hellip;]<\/p>\n","protected":false},"featured_media":397467,"comment_status":"closed","ping_status":"open","template":"","meta":{"_angie_page":false},"product_brand":[27109],"product_cat":[5856,5836],"product_tag":[],"class_list":{"0":"post-199070","1":"product","2":"type-product","3":"status-publish","4":"has-post-thumbnail","6":"product_brand-banjara","7":"product_cat-resin-og-harpiks-rogelse","8":"product_cat-rogelse-og-rogelsesholdere","9":"pa_collection-banjara-resin-cups-da","10":"pa_made-in-indien","12":"first","13":"instock","14":"purchasable","15":"product-type-simple"},"supplier_id":null,"supplier_sku":"BanjCup-06","barcode":null,"atum_controlled":true,"out_stock_date":null,"out_stock_threshold":null,"inheritable":false,"inbound_stock":null,"stock_on_hold":0,"sold_today":0,"sales_last_days":0,"reserved_stock":null,"customer_returns":null,"warehouse_damage":null,"lost_in_post":null,"other_logs":null,"out_stock_days":0,"lost_sales":0,"has_location":null,"update_date":"2026-04-27T06:53:37","atum_locations":[],"atum_stock_status":"instock","restock_status":false,"low_stock_amount":"","sales_update_date":"2025-10-09T03:25:22","calc_backorders":null,"_links":{"self":[{"href":"https:\/\/aromasentia.com\/da\/wp-json\/wp\/v2\/product\/199070","targetHints":{"allow":["GET"]}}],"collection":[{"href":"https:\/\/aromasentia.com\/da\/wp-json\/wp\/v2\/product"}],"about":[{"href":"https:\/\/aromasentia.com\/da\/wp-json\/wp\/v2\/types\/product"}],"replies":[{"embeddable":true,"href":"https:\/\/aromasentia.com\/da\/wp-json\/wp\/v2\/comments?post=199070"}],"version-history":[{"count":0,"href":"https:\/\/aromasentia.com\/da\/wp-json\/wp\/v2\/product\/199070\/revisions"}],"wp:featuredmedia":[{"embeddable":true,"href":"https:\/\/aromasentia.com\/da\/wp-json\/wp\/v2\/media\/397467"}],"wp:attachment":[{"href":"https:\/\/aromasentia.com\/da\/wp-json\/wp\/v2\/media?parent=199070"}],"wp:term":[{"taxonomy":"product_brand","embeddable":true,"href":"https:\/\/aromasentia.com\/da\/wp-json\/wp\/v2\/product_brand?post=199070"},{"taxonomy":"product_cat","embeddable":true,"href":"https:\/\/aromasentia.com\/da\/wp-json\/wp\/v2\/product_cat?post=199070"},{"taxonomy":"product_tag","embeddable":true,"href":"https:\/\/aromasentia.com\/da\/wp-json\/wp\/v2\/product_tag?post=199070"}],"curies":[{"name":"wp","href":"https:\/\/api.w.org\/{rel}","templated":true}]}}