{"id":199068,"date":"2025-03-23T10:29:45","date_gmt":"2025-03-23T10:29:45","guid":{"rendered":"https:\/\/aromasentia.com\/product\/banjara-resin-cups-white-sage\/"},"modified":"2025-06-22T03:16:53","modified_gmt":"2025-06-22T03:16:53","slug":"banjara-resin-cups-hvid-salvie","status":"publish","type":"product","link":"https:\/\/aromasentia.com\/da\/banjara-resin-cups-hvid-salvie\/","title":{"rendered":"Banjara Resin Cups &#8211; Hvid Salvie"},"content":{"rendered":"<p><span style=\"color: rgb(75, 80, 88);\"><strong>Vi pr\u00e6senterer Banjaras resinkopper, en fascinerende tilf\u00f8jelse til din produktportef\u00f8lje, k\u00e6rligt fremstillet i hjertet af Indien.<\/strong><\/span><\/p>\n<p><span style=\"color: rgb(75, 80, 88);\">Disse uds\u00f8gte resinkopper er <strong>pakket i \u00e6sker prydet med f\u00e6ngslende stammedesigns.<\/strong><\/span><\/p>\n<p><span style=\"color: rgb(75, 80, 88);\"><strong>I hver enhed finder du seks resinkopper,<\/strong> der hver is\u00e6r er designet til at give en ensartet og vedvarende aromatisk oplevelse. Udover disse duftende perler har vi inkluderet en metalplade og en delikat stenplade, der tilf\u00f8jer et strejf af autenticitet til hele pakken.<\/strong><\/span><\/p>\n<p><span style=\"color: rgb(75, 80, 88);\"><strong>Hvid salvie udstr\u00e5ler en ren, urteagtig duft med et strejf af jordn\u00e6rhed.<\/strong> Den er \u00e6ret i indianske traditioner for dens kraftfulde rensende og rensende evner. Br\u00e6ndende hvid salvie menes at rense negative energier og skabe et helligt og fredeligt milj\u00f8, hvilket g\u00f8r den ideel til ritualer og rydning af rum.<\/span> <\/p>\n","protected":false},"excerpt":{"rendered":"<p>Vi pr\u00e6senterer Banjaras resinkopper, en fascinerende tilf\u00f8jelse til din produktportef\u00f8lje, k\u00e6rligt fremstillet i hjertet af Indien. Disse uds\u00f8gte resinkopper er pakket i \u00e6sker prydet med f\u00e6ngslende stammedesigns. I hver enhed finder du seks resinkopper, der hver is\u00e6r er designet til at give en ensartet og vedvarende aromatisk oplevelse. Udover disse duftende perler har vi inkluderet [&hellip;]<\/p>\n","protected":false},"featured_media":397441,"comment_status":"closed","ping_status":"open","template":"","meta":{"_angie_page":false},"product_brand":[27109],"product_cat":[25839,26461,5856,5836,26858],"product_tag":[],"class_list":{"0":"post-199068","1":"product","2":"type-product","3":"status-publish","4":"has-post-thumbnail","6":"product_brand-banjara","7":"product_cat-dufte-aromaer","8":"product_cat-hvid-salvie","9":"product_cat-resin-og-harpiks-rogelse","10":"product_cat-rogelse-og-rogelsesholdere","11":"product_cat-urte-aromatisk","12":"pa_collection-banjara-resin-cups-da","13":"pa_made-in-indien","15":"first","16":"instock","17":"purchasable","18":"product-type-simple"},"supplier_id":null,"supplier_sku":"BanjCup-04","barcode":null,"atum_controlled":true,"out_stock_date":null,"out_stock_threshold":null,"inheritable":false,"inbound_stock":null,"stock_on_hold":0,"sold_today":0,"sales_last_days":0,"reserved_stock":null,"customer_returns":null,"warehouse_damage":null,"lost_in_post":null,"other_logs":null,"out_stock_days":0,"lost_sales":0,"has_location":null,"update_date":"2026-04-27T06:53:37","atum_locations":[],"atum_stock_status":"instock","restock_status":false,"low_stock_amount":"","sales_update_date":"2025-10-09T03:25:22","calc_backorders":null,"_links":{"self":[{"href":"https:\/\/aromasentia.com\/da\/wp-json\/wp\/v2\/product\/199068","targetHints":{"allow":["GET"]}}],"collection":[{"href":"https:\/\/aromasentia.com\/da\/wp-json\/wp\/v2\/product"}],"about":[{"href":"https:\/\/aromasentia.com\/da\/wp-json\/wp\/v2\/types\/product"}],"replies":[{"embeddable":true,"href":"https:\/\/aromasentia.com\/da\/wp-json\/wp\/v2\/comments?post=199068"}],"version-history":[{"count":0,"href":"https:\/\/aromasentia.com\/da\/wp-json\/wp\/v2\/product\/199068\/revisions"}],"wp:featuredmedia":[{"embeddable":true,"href":"https:\/\/aromasentia.com\/da\/wp-json\/wp\/v2\/media\/397441"}],"wp:attachment":[{"href":"https:\/\/aromasentia.com\/da\/wp-json\/wp\/v2\/media?parent=199068"}],"wp:term":[{"taxonomy":"product_brand","embeddable":true,"href":"https:\/\/aromasentia.com\/da\/wp-json\/wp\/v2\/product_brand?post=199068"},{"taxonomy":"product_cat","embeddable":true,"href":"https:\/\/aromasentia.com\/da\/wp-json\/wp\/v2\/product_cat?post=199068"},{"taxonomy":"product_tag","embeddable":true,"href":"https:\/\/aromasentia.com\/da\/wp-json\/wp\/v2\/product_tag?post=199068"}],"curies":[{"name":"wp","href":"https:\/\/api.w.org\/{rel}","templated":true}]}}