{"id":199064,"date":"2025-03-23T10:29:45","date_gmt":"2025-03-23T10:29:45","guid":{"rendered":"https:\/\/aromasentia.com\/product\/banjara-buddha-bliss\/"},"modified":"2025-06-22T03:16:51","modified_gmt":"2025-06-22T03:16:51","slug":"banjara-buddha-lyksalighed","status":"publish","type":"product","link":"https:\/\/aromasentia.com\/da\/banjara-buddha-lyksalighed\/","title":{"rendered":"Banjara Buddha &#8211; Lyksalighed"},"content":{"rendered":"<p>Oplev gl\u00e6den og tilfredsheden ved lyksalighed med denne smukt detaljerede Banjara Buddha-figur. Den er h\u00e5ndlavet med unik kunst af Banjara-folket og udstr\u00e5ler lykke og sindsro. Placer den i dit rum for at inspirere til gl\u00e6de og velv\u00e6re.<\/p>\n","protected":false},"excerpt":{"rendered":"<p>Oplev gl\u00e6den og tilfredsheden ved lyksalighed med denne smukt detaljerede Banjara Buddha-figur. Den er h\u00e5ndlavet med unik kunst af Banjara-folket og udstr\u00e5ler lykke og sindsro. Placer den i dit rum for at inspirere til gl\u00e6de og velv\u00e6re.<\/p>\n","protected":false},"featured_media":397365,"comment_status":"closed","ping_status":"open","template":"","meta":{"_angie_page":false},"product_brand":[27109],"product_cat":[5836,5847],"product_tag":[],"class_list":{"0":"post-199064","1":"product","2":"type-product","3":"status-publish","4":"has-post-thumbnail","6":"product_brand-banjara","7":"product_cat-rogelse-og-rogelsesholdere","8":"product_cat-rogelsespinde","9":"pa_collection-banjara-buddha-incense-da","10":"pa_made-in-indien","12":"first","13":"instock","14":"purchasable","15":"product-type-simple"},"supplier_id":null,"supplier_sku":"BanBud-06","barcode":null,"atum_controlled":true,"out_stock_date":null,"out_stock_threshold":null,"inheritable":false,"inbound_stock":null,"stock_on_hold":0,"sold_today":0,"sales_last_days":0,"reserved_stock":null,"customer_returns":null,"warehouse_damage":null,"lost_in_post":null,"other_logs":null,"out_stock_days":0,"lost_sales":0,"has_location":null,"update_date":"2026-04-27T06:53:37","atum_locations":[],"atum_stock_status":"instock","restock_status":false,"low_stock_amount":"","sales_update_date":"2025-10-09T03:25:18","calc_backorders":null,"_links":{"self":[{"href":"https:\/\/aromasentia.com\/da\/wp-json\/wp\/v2\/product\/199064","targetHints":{"allow":["GET"]}}],"collection":[{"href":"https:\/\/aromasentia.com\/da\/wp-json\/wp\/v2\/product"}],"about":[{"href":"https:\/\/aromasentia.com\/da\/wp-json\/wp\/v2\/types\/product"}],"replies":[{"embeddable":true,"href":"https:\/\/aromasentia.com\/da\/wp-json\/wp\/v2\/comments?post=199064"}],"version-history":[{"count":0,"href":"https:\/\/aromasentia.com\/da\/wp-json\/wp\/v2\/product\/199064\/revisions"}],"wp:featuredmedia":[{"embeddable":true,"href":"https:\/\/aromasentia.com\/da\/wp-json\/wp\/v2\/media\/397365"}],"wp:attachment":[{"href":"https:\/\/aromasentia.com\/da\/wp-json\/wp\/v2\/media?parent=199064"}],"wp:term":[{"taxonomy":"product_brand","embeddable":true,"href":"https:\/\/aromasentia.com\/da\/wp-json\/wp\/v2\/product_brand?post=199064"},{"taxonomy":"product_cat","embeddable":true,"href":"https:\/\/aromasentia.com\/da\/wp-json\/wp\/v2\/product_cat?post=199064"},{"taxonomy":"product_tag","embeddable":true,"href":"https:\/\/aromasentia.com\/da\/wp-json\/wp\/v2\/product_tag?post=199064"}],"curies":[{"name":"wp","href":"https:\/\/api.w.org\/{rel}","templated":true}]}}